{"id":96,"date":"2015-11-03T13:52:43","date_gmt":"2015-11-03T12:52:43","guid":{"rendered":"http:\/\/kulturpoetik.germanistik.uni-saarland.de\/RomAnt\/?page_id=96"},"modified":"2015-11-03T13:52:43","modified_gmt":"2015-11-03T12:52:43","slug":"johann-christian-august-heinroth","status":"publish","type":"page","link":"http:\/\/kulturpoetik.germanistik.uni-saarland.de\/RomAnt\/index.php\/anthropologen\/johann-christian-august-heinroth\/","title":{"rendered":"Johann Christian August Heinroth"},"content":{"rendered":"<p><strong>Arzt, Psychiater<\/strong><\/p>\n<p><strong>Geboren:<\/strong> 17. 01. 1773 in Leipzig<\/p>\n<p><strong>Gestorben:<\/strong> 26. 10. 1843 in Leipzig<\/p>\n<p><strong>Promotion:<\/strong> 1805 in Leipzig (Medizin)<\/p>\n<p><strong>Lehrt\u00e4tigkeit:<\/strong> 1805 &#8211; 1806, 1810 &#8211; 1843 Leipzig<\/p>\n<p>Heinroth, Sohn eines Chirurgen, studierte zun\u00e4chst in seiner Heimatstadt Medizin. Eine Reise f\u00fchrte ihn dann \u00fcber Rom nach Wien, wo er sein Studium bei Johann Peter Frank fortsetzte. Kurzzeitig studierte er anschlie\u00dfend noch Theologie in Erlangen, bevor er nach Leipzig zur\u00fcckkehrte und dort die medizinische Doktorw\u00fcrde erlangte. 1806 habilitierte er sich. Die folgenden Kriegsjahre, in denen er als Milit\u00e4rarzt dienen mu\u00dfte, unterbrachen seine akademische T\u00e4tigkeit. 1810 nahm er seine Vorlesungen wieder auf und ver\u00f6ffentlichte zudem sein erstes bedeutenderes Werk, die &#8222;Beytr\u00e4ge zur Krankheitslehre&#8220;. Heinroth, der 1811 au\u00dferordentlicher Professor wurde und 1827 die ordentliche Professur f\u00fcr psychische Medizin bekam, blieb Leipzig trotz einiger lukrativer Angebote (aus Dorpat und St. Petersburg) bis zuletzt treu. Er starb in seinem Dekanatsjahr 1843.<\/p>\n<p>Die &#8222;St\u00f6rungen des Seelenlebens&#8220; (1818) und das &#8222;System der psychisch-gerichtlichen Medizin&#8220; (1825) gelten als Heinroths bedeutendste Werke. In seinem philosophischen Studien orientierte er sich an Herder, w\u00e4hrend er sich von Schelling und Fichte, besonders scharf aber von Hegel absetzte.<\/p>\n","protected":false},"excerpt":{"rendered":"<p>Arzt, Psychiater Geboren: 17. 01. 1773 in Leipzig Gestorben: 26. 10. 1843 in Leipzig Promotion: 1805 in Leipzig (Medizin) Lehrt\u00e4tigkeit: 1805 &#8211; 1806, 1810 &#8211; 1843 Leipzig Heinroth, Sohn eines Chirurgen, studierte zun\u00e4chst in seiner Heimatstadt Medizin. Eine Reise f\u00fchrte ihn dann \u00fcber Rom nach Wien, wo er sein Studium bei Johann Peter Frank fortsetzte. &hellip; <a href=\"http:\/\/kulturpoetik.germanistik.uni-saarland.de\/RomAnt\/index.php\/anthropologen\/johann-christian-august-heinroth\/\" class=\"more-link\"><span class=\"screen-reader-text\">Johann Christian August Heinroth<\/span> weiterlesen <span class=\"meta-nav\">&rarr;<\/span><\/a><\/p>\n","protected":false},"author":1,"featured_media":0,"parent":80,"menu_order":9,"comment_status":"closed","ping_status":"closed","template":"","meta":{"footnotes":""},"_links":{"self":[{"href":"http:\/\/kulturpoetik.germanistik.uni-saarland.de\/RomAnt\/index.php\/wp-json\/wp\/v2\/pages\/96"}],"collection":[{"href":"http:\/\/kulturpoetik.germanistik.uni-saarland.de\/RomAnt\/index.php\/wp-json\/wp\/v2\/pages"}],"about":[{"href":"http:\/\/kulturpoetik.germanistik.uni-saarland.de\/RomAnt\/index.php\/wp-json\/wp\/v2\/types\/page"}],"author":[{"embeddable":true,"href":"http:\/\/kulturpoetik.germanistik.uni-saarland.de\/RomAnt\/index.php\/wp-json\/wp\/v2\/users\/1"}],"replies":[{"embeddable":true,"href":"http:\/\/kulturpoetik.germanistik.uni-saarland.de\/RomAnt\/index.php\/wp-json\/wp\/v2\/comments?post=96"}],"version-history":[{"count":1,"href":"http:\/\/kulturpoetik.germanistik.uni-saarland.de\/RomAnt\/index.php\/wp-json\/wp\/v2\/pages\/96\/revisions"}],"predecessor-version":[{"id":97,"href":"http:\/\/kulturpoetik.germanistik.uni-saarland.de\/RomAnt\/index.php\/wp-json\/wp\/v2\/pages\/96\/revisions\/97"}],"up":[{"embeddable":true,"href":"http:\/\/kulturpoetik.germanistik.uni-saarland.de\/RomAnt\/index.php\/wp-json\/wp\/v2\/pages\/80"}],"wp:attachment":[{"href":"http:\/\/kulturpoetik.germanistik.uni-saarland.de\/RomAnt\/index.php\/wp-json\/wp\/v2\/media?parent=96"}],"curies":[{"name":"wp","href":"https:\/\/api.w.org\/{rel}","templated":true}]}}