{"id":92,"date":"2015-11-03T13:50:09","date_gmt":"2015-11-03T12:50:09","guid":{"rendered":"http:\/\/kulturpoetik.germanistik.uni-saarland.de\/RomAnt\/?page_id=92"},"modified":"2015-11-03T13:50:09","modified_gmt":"2015-11-03T12:50:09","slug":"joseph-ennemoser","status":"publish","type":"page","link":"http:\/\/kulturpoetik.germanistik.uni-saarland.de\/RomAnt\/index.php\/anthropologen\/joseph-ennemoser\/","title":{"rendered":"Joseph Ennemoser"},"content":{"rendered":"<p><span style=\"font-family: Arial;\"><b>Arzt<\/b><\/span><\/p>\n<p>&nbsp;<\/p>\n<p><span style=\"font-family: Arial;\"><b>Geboren: <\/b>15. 11. 1787 in Sch\u00f6nau (Tirol)<\/span><\/p>\n<p><span style=\"font-family: Arial;\"><b>Gestorben: <\/b>19. 09. 1854 in Egern<\/span><\/p>\n<p>&nbsp;<\/p>\n<p><span style=\"font-family: Arial;\"><b>Promotion: <\/b>1816 in Berlin (Medizin)<\/span><\/p>\n<p><span style=\"font-family: Arial;\"><b>Lehrt\u00e4tigkeit: <\/b>1817 &#8211; 1837 Bonn<\/span><\/p>\n<p>&nbsp;<\/p>\n<p><span style=\"font-family: Arial;\">Ennemoser studierte in Innsbruck Medizin, bevor er ab 1809 als Schreiber unter Andreas Hofer diente. Seine Studien setzte er sp\u00e4ter in Salzburg, Erlangen und Berlin fort. 1812 trat er in den L\u00fctzow\u00b4schen Freikorps ein. 1815 nahm Ennemoser das Studium wieder auf, und 1816 promovierte er in Berlin. Seine weitere berufliche Laufbahn hatte jedoch Bonn als Schauplatz; hier habilitierte Ennemoser sich 1817 als Privatdozent, 1820 wurde er au\u00dferordentlicher und 1828 schlie\u00dflich ordentlicher Professor. 1837 nahm er seinen Abschied; die folgenden Jahre verbrachte Ennemoser als Pension\u00e4r in Innsbruck (bis 1841) und M\u00fcnchen.<\/span><\/p>\n<p><span style=\"font-family: Arial;\">Ennemoser gilt als einer der extremsten Vertreter der aus der Naturphilosophie erwachsenen &#8222;mystischen&#8220; Richtungen in den Naturwissenschaften, namentlich des <em> Mesmerismus<\/em> und des <em>thierischen Magnetismus<\/em>.<\/span><\/p>\n<p>&nbsp;<\/p>\n","protected":false},"excerpt":{"rendered":"<p>Arzt &nbsp; Geboren: 15. 11. 1787 in Sch\u00f6nau (Tirol) Gestorben: 19. 09. 1854 in Egern &nbsp; Promotion: 1816 in Berlin (Medizin) Lehrt\u00e4tigkeit: 1817 &#8211; 1837 Bonn &nbsp; Ennemoser studierte in Innsbruck Medizin, bevor er ab 1809 als Schreiber unter Andreas Hofer diente. Seine Studien setzte er sp\u00e4ter in Salzburg, Erlangen und Berlin fort. 1812 trat &hellip; <a href=\"http:\/\/kulturpoetik.germanistik.uni-saarland.de\/RomAnt\/index.php\/anthropologen\/joseph-ennemoser\/\" class=\"more-link\"><span class=\"screen-reader-text\">Joseph Ennemoser<\/span> weiterlesen <span class=\"meta-nav\">&rarr;<\/span><\/a><\/p>\n","protected":false},"author":1,"featured_media":0,"parent":80,"menu_order":7,"comment_status":"closed","ping_status":"closed","template":"","meta":{"footnotes":""},"_links":{"self":[{"href":"http:\/\/kulturpoetik.germanistik.uni-saarland.de\/RomAnt\/index.php\/wp-json\/wp\/v2\/pages\/92"}],"collection":[{"href":"http:\/\/kulturpoetik.germanistik.uni-saarland.de\/RomAnt\/index.php\/wp-json\/wp\/v2\/pages"}],"about":[{"href":"http:\/\/kulturpoetik.germanistik.uni-saarland.de\/RomAnt\/index.php\/wp-json\/wp\/v2\/types\/page"}],"author":[{"embeddable":true,"href":"http:\/\/kulturpoetik.germanistik.uni-saarland.de\/RomAnt\/index.php\/wp-json\/wp\/v2\/users\/1"}],"replies":[{"embeddable":true,"href":"http:\/\/kulturpoetik.germanistik.uni-saarland.de\/RomAnt\/index.php\/wp-json\/wp\/v2\/comments?post=92"}],"version-history":[{"count":1,"href":"http:\/\/kulturpoetik.germanistik.uni-saarland.de\/RomAnt\/index.php\/wp-json\/wp\/v2\/pages\/92\/revisions"}],"predecessor-version":[{"id":93,"href":"http:\/\/kulturpoetik.germanistik.uni-saarland.de\/RomAnt\/index.php\/wp-json\/wp\/v2\/pages\/92\/revisions\/93"}],"up":[{"embeddable":true,"href":"http:\/\/kulturpoetik.germanistik.uni-saarland.de\/RomAnt\/index.php\/wp-json\/wp\/v2\/pages\/80"}],"wp:attachment":[{"href":"http:\/\/kulturpoetik.germanistik.uni-saarland.de\/RomAnt\/index.php\/wp-json\/wp\/v2\/media?parent=92"}],"curies":[{"name":"wp","href":"https:\/\/api.w.org\/{rel}","templated":true}]}}