{"id":90,"date":"2015-11-03T13:49:16","date_gmt":"2015-11-03T12:49:16","guid":{"rendered":"http:\/\/kulturpoetik.germanistik.uni-saarland.de\/RomAnt\/?page_id=90"},"modified":"2015-11-03T13:49:16","modified_gmt":"2015-11-03T12:49:16","slug":"ignaz-doellinger","status":"publish","type":"page","link":"http:\/\/kulturpoetik.germanistik.uni-saarland.de\/RomAnt\/index.php\/anthropologen\/ignaz-doellinger\/","title":{"rendered":"Ignaz D\u00f6llinger"},"content":{"rendered":"<p><b><span style=\"font-family: Arial;\">Arzt, Anatom, Physiologe<\/span><\/b><\/p>\n<p>&nbsp;<\/p>\n<p><span style=\"font-family: Arial;\"><b>Geboren: <\/b>27.05.1770 in Bamberg<\/span><\/p>\n<p><span style=\"font-family: Arial;\"><b>Gestorben:<\/b> 14.01.1841 in M\u00fcnchen<\/span><\/p>\n<p>&nbsp;<\/p>\n<p><span style=\"font-family: Arial;\"><b>Promotion:<\/b> 1794 in Bamberg<\/span><\/p>\n<p><span style=\"font-family: Arial;\"><b>Lehrt\u00e4tigkeit:<\/b> 1794 &#8211; 1803 Bamberg, 1803 &#8211; 1823 W\u00fcrzburg, ab 1823 in M\u00fcnchen<\/span><\/p>\n<p>&nbsp;<\/p>\n<p><span style=\"font-family: Arial;\">Ignaz D\u00f6llinger wurde 1770 als Sohn eines f\u00fcrstbisch\u00f6flichen Leibarztes und Universit\u00e4tsprofessors in Bamberg geboren. Er begann sein Studium in seiner Heimatstadt, setzte es in W\u00fcrzburg, Pavia und Wien fort und kehrte dann zur\u00fcck. Kurz nach der Promotion im Jahr 1794 wurde er Professor f\u00fcr Physiologie und Allgemeine Pathologie in Bamberg. 1803 bekam er einen Ruf f\u00fcr die F\u00e4cher Anatomie und Physiologie nach W\u00fcrzburg. 1823 ging er an die Akademie nach M\u00fcnchen, da die Universit\u00e4t zu diesem Zeitpunkt noch in Landshut war. Als sie in die Landeshauptstadt verlegt wurde, wechselte er dorthin. Seine bekanntesten Sch\u00fcler waren: Karl Ernst von Baer, Lucas Sch\u00f6nlein, Christian Heinrich von Pander und Lorenz Oken.<\/span><\/p>\n<p><span style=\"font-family: Arial;\">Die Bedeutung D\u00f6llingers liegt in den Verdiensten, die er sich um die Entwicklungsgeschichte des Menschen und die vergleichende Anatomie erworben hat. Sie basiert auf seinen Erkenntnisse in allen Gebieten der Morphologie und Physiologie. Er war einer der ersten, die die gesamte Medizin als Naturwissenschaft auffa\u00dften und behandelten. Als Beispiel seien hier seine Abhandlungen \u00fcber den Blutkreislauf, die Absonderungsvorg\u00e4nge und die erste Anlage des Embryo erw\u00e4hnt. Gleichzeitig war er sich der Tatsache bewu\u00dft, da\u00df eine blo\u00dfe Aneinanderreihung von Fakten die Naturwissenschaften genauso wenig f\u00f6rdert wie die reine Spekulation. Aufgrund dieses Ansatzes wurde er zu den Naturphilosophen gez\u00e4hlt, obwohl er keine extremen Standpunkte vertrat.<\/span><\/p>\n<p>&nbsp;<\/p>\n","protected":false},"excerpt":{"rendered":"<p>Arzt, Anatom, Physiologe &nbsp; Geboren: 27.05.1770 in Bamberg Gestorben: 14.01.1841 in M\u00fcnchen &nbsp; Promotion: 1794 in Bamberg Lehrt\u00e4tigkeit: 1794 &#8211; 1803 Bamberg, 1803 &#8211; 1823 W\u00fcrzburg, ab 1823 in M\u00fcnchen &nbsp; Ignaz D\u00f6llinger wurde 1770 als Sohn eines f\u00fcrstbisch\u00f6flichen Leibarztes und Universit\u00e4tsprofessors in Bamberg geboren. Er begann sein Studium in seiner Heimatstadt, setzte es in &hellip; <a href=\"http:\/\/kulturpoetik.germanistik.uni-saarland.de\/RomAnt\/index.php\/anthropologen\/ignaz-doellinger\/\" class=\"more-link\"><span class=\"screen-reader-text\">Ignaz D\u00f6llinger<\/span> weiterlesen <span class=\"meta-nav\">&rarr;<\/span><\/a><\/p>\n","protected":false},"author":1,"featured_media":0,"parent":80,"menu_order":6,"comment_status":"closed","ping_status":"closed","template":"","meta":{"footnotes":""},"_links":{"self":[{"href":"http:\/\/kulturpoetik.germanistik.uni-saarland.de\/RomAnt\/index.php\/wp-json\/wp\/v2\/pages\/90"}],"collection":[{"href":"http:\/\/kulturpoetik.germanistik.uni-saarland.de\/RomAnt\/index.php\/wp-json\/wp\/v2\/pages"}],"about":[{"href":"http:\/\/kulturpoetik.germanistik.uni-saarland.de\/RomAnt\/index.php\/wp-json\/wp\/v2\/types\/page"}],"author":[{"embeddable":true,"href":"http:\/\/kulturpoetik.germanistik.uni-saarland.de\/RomAnt\/index.php\/wp-json\/wp\/v2\/users\/1"}],"replies":[{"embeddable":true,"href":"http:\/\/kulturpoetik.germanistik.uni-saarland.de\/RomAnt\/index.php\/wp-json\/wp\/v2\/comments?post=90"}],"version-history":[{"count":1,"href":"http:\/\/kulturpoetik.germanistik.uni-saarland.de\/RomAnt\/index.php\/wp-json\/wp\/v2\/pages\/90\/revisions"}],"predecessor-version":[{"id":91,"href":"http:\/\/kulturpoetik.germanistik.uni-saarland.de\/RomAnt\/index.php\/wp-json\/wp\/v2\/pages\/90\/revisions\/91"}],"up":[{"embeddable":true,"href":"http:\/\/kulturpoetik.germanistik.uni-saarland.de\/RomAnt\/index.php\/wp-json\/wp\/v2\/pages\/80"}],"wp:attachment":[{"href":"http:\/\/kulturpoetik.germanistik.uni-saarland.de\/RomAnt\/index.php\/wp-json\/wp\/v2\/media?parent=90"}],"curies":[{"name":"wp","href":"https:\/\/api.w.org\/{rel}","templated":true}]}}