{"id":86,"date":"2015-11-03T13:47:42","date_gmt":"2015-11-03T12:47:42","guid":{"rendered":"http:\/\/kulturpoetik.germanistik.uni-saarland.de\/RomAnt\/?page_id=86"},"modified":"2015-11-03T13:47:42","modified_gmt":"2015-11-03T12:47:42","slug":"karl-friedrich-burdach","status":"publish","type":"page","link":"http:\/\/kulturpoetik.germanistik.uni-saarland.de\/RomAnt\/index.php\/anthropologen\/karl-friedrich-burdach\/","title":{"rendered":"Karl Friedrich Burdach"},"content":{"rendered":"<p><span style=\"font-family: Arial;\"><b>Arzt<\/b><\/span><\/p>\n<p><b><\/b><\/p>\n<p><span style=\"font-family: Arial;\"><b>Geboren:<\/b> 12. 06. 1776 in Leipzig<\/span><\/p>\n<p><span style=\"font-family: Arial;\"><b>Gestorben: <\/b>16. 07. 1847 in K\u00f6nigsberg<\/span><\/p>\n<p>&nbsp;<\/p>\n<p><span style=\"font-family: Arial;\"><b>Promotion:<\/b> 1797 (?) in Leipzig<\/span><\/p>\n<p><span style=\"font-family: Arial;\"><b>Lehrt\u00e4tigkeit: <\/b>1799 &#8211; 1811 Leipzig, 1811 &#8211; 1814 Dorpat, ab 1814 K\u00f6nigsberg<\/span><\/p>\n<p>&nbsp;<\/p>\n<p><span style=\"font-family: Arial;\">Burdach, einziges Kind des fr\u00fch verstorbenen Daniel Christian Burdach, der als praktischer Arzt und Medizindozent in Leipzig gewirkt hatte, studierte in seiner Heimatstadt Medizin und habilitierte sich dort auch. Zu Ausbildungszwecken ging er anschlie\u00dfend nach Wien, bevor er 23j\u00e4hrig nach Leipzig zur\u00fcckkehrte, um dort als praktischer Arzt und Dozent zu arbeiten. In dieser Zeit versuchte der von der Naturphilosophie Schellings faszinierte Burdach, seine finanziellen Probleme mit etlichen Publikationen zu bew\u00e4ltigen. <\/span><\/p>\n<p><span style=\"font-family: Arial;\">Nach einigen fehlgeschlagenen Bewerbungen gelang es ihm 1811, eine Professur f\u00fcr Anatomie, Physiologie und Gerichtsmedizin in Dorpat zu erhalten. Nunmehr finanziell unabh\u00e4ngig, begann Burdach, sich insbesondere f\u00fcr die Embryonalforschung zu interessieren. 1814 nahm er einen Ruf aus K\u00f6nigsberg an, wo er als Professor f\u00fcr Anatomie lehrte und zudem bis 1826 Direktor einer von ihm begr\u00fcndeten anatomischen Anstalt war, in der ihm als Prorektoren die sp\u00e4ter ber\u00fchmten Embryologen von Baer und Rathke zur Seite standen.<\/span><\/p>\n<p><span style=\"font-family: Arial;\">Burdach machte sich vor allem durch die Herausgabe seines gro\u00dfen Handbuchs &#8222;Die Physiologie als Erfahrungswisssenschaft&#8220;, f\u00fcr dessen Bearbeitung er mit zahlreichen Forschern aus den verschiedenen Zweigen der Naturwissenschaft in Verbindung stand, verdient. Das Werk sollte eigentlich alles thematisieren, was auf das Leben Einflu\u00df hat; letztlich blieb es freilich unvollendet, weil die geplanten B\u00e4nde \u00fcber die Bewegung, die Empfindung und die Seelent\u00e4tigkeit nicht mehr erschienen.<\/span><\/p>\n<p>&nbsp;<\/p>\n","protected":false},"excerpt":{"rendered":"<p>Arzt Geboren: 12. 06. 1776 in Leipzig Gestorben: 16. 07. 1847 in K\u00f6nigsberg &nbsp; Promotion: 1797 (?) in Leipzig Lehrt\u00e4tigkeit: 1799 &#8211; 1811 Leipzig, 1811 &#8211; 1814 Dorpat, ab 1814 K\u00f6nigsberg &nbsp; Burdach, einziges Kind des fr\u00fch verstorbenen Daniel Christian Burdach, der als praktischer Arzt und Medizindozent in Leipzig gewirkt hatte, studierte in seiner Heimatstadt &hellip; <a href=\"http:\/\/kulturpoetik.germanistik.uni-saarland.de\/RomAnt\/index.php\/anthropologen\/karl-friedrich-burdach\/\" class=\"more-link\"><span class=\"screen-reader-text\">Karl Friedrich Burdach<\/span> weiterlesen <span class=\"meta-nav\">&rarr;<\/span><\/a><\/p>\n","protected":false},"author":1,"featured_media":0,"parent":80,"menu_order":4,"comment_status":"closed","ping_status":"closed","template":"","meta":{"footnotes":""},"_links":{"self":[{"href":"http:\/\/kulturpoetik.germanistik.uni-saarland.de\/RomAnt\/index.php\/wp-json\/wp\/v2\/pages\/86"}],"collection":[{"href":"http:\/\/kulturpoetik.germanistik.uni-saarland.de\/RomAnt\/index.php\/wp-json\/wp\/v2\/pages"}],"about":[{"href":"http:\/\/kulturpoetik.germanistik.uni-saarland.de\/RomAnt\/index.php\/wp-json\/wp\/v2\/types\/page"}],"author":[{"embeddable":true,"href":"http:\/\/kulturpoetik.germanistik.uni-saarland.de\/RomAnt\/index.php\/wp-json\/wp\/v2\/users\/1"}],"replies":[{"embeddable":true,"href":"http:\/\/kulturpoetik.germanistik.uni-saarland.de\/RomAnt\/index.php\/wp-json\/wp\/v2\/comments?post=86"}],"version-history":[{"count":1,"href":"http:\/\/kulturpoetik.germanistik.uni-saarland.de\/RomAnt\/index.php\/wp-json\/wp\/v2\/pages\/86\/revisions"}],"predecessor-version":[{"id":87,"href":"http:\/\/kulturpoetik.germanistik.uni-saarland.de\/RomAnt\/index.php\/wp-json\/wp\/v2\/pages\/86\/revisions\/87"}],"up":[{"embeddable":true,"href":"http:\/\/kulturpoetik.germanistik.uni-saarland.de\/RomAnt\/index.php\/wp-json\/wp\/v2\/pages\/80"}],"wp:attachment":[{"href":"http:\/\/kulturpoetik.germanistik.uni-saarland.de\/RomAnt\/index.php\/wp-json\/wp\/v2\/media?parent=86"}],"curies":[{"name":"wp","href":"https:\/\/api.w.org\/{rel}","templated":true}]}}