{"id":84,"date":"2015-11-03T13:42:09","date_gmt":"2015-11-03T12:42:09","guid":{"rendered":"http:\/\/kulturpoetik.germanistik.uni-saarland.de\/RomAnt\/?page_id=84"},"modified":"2015-11-03T13:42:35","modified_gmt":"2015-11-03T12:42:35","slug":"joachim-dietrich-brandis","status":"publish","type":"page","link":"http:\/\/kulturpoetik.germanistik.uni-saarland.de\/RomAnt\/index.php\/anthropologen\/joachim-dietrich-brandis\/","title":{"rendered":"Joachim Dietrich Brandis"},"content":{"rendered":"<p><span style=\"font-family: Arial;\"><b>Arzt, Apotheker<\/b><\/span><\/p>\n<p>&nbsp;<\/p>\n<p><span style=\"font-family: Arial;\"><b>Geboren: <\/b>18. 03. 1762 in Hildesheim<\/span><\/p>\n<p><span style=\"font-family: Arial;\"><b>Gestorben: <\/b>28. 04. 1846 in Kopenhagen<\/span><\/p>\n<p>&nbsp;<\/p>\n<p><span style=\"font-family: Arial;\"><b>Promotion: <\/b>1785 in G\u00f6ttingen (Medizin)<\/span><\/p>\n<p><span style=\"font-family: Arial;\"><b>Lehrt\u00e4tigkeit: <\/b>1791 &#8211; 1795 Braunschweig, 1803 &#8211; 1810 Kiel<\/span><\/p>\n<p>&nbsp;<\/p>\n<p><span style=\"font-family: Arial;\">Vier Jahre nach seiner in Braunschweig erfolgten Habilitation wurde Brandis 1795 als Mitglied einer Sanit\u00e4tskommission nach Holzminden geschickt. Zugleich arbeitete er als Brunnenphysikus in Driburg. Ab 1799 nahm er diese Funktion in Holzminden wahr. 1803 folgte er einem Ruf als ordentlicher Professor der Medizin nach Kiel. 1810 siedelte Brandis nach Kopenhagen \u00fcber, wo er bis zu seinem Lebensende als k\u00f6niglicher Leibarzt t\u00e4tig war.<\/span><\/p>\n<p><span style=\"font-family: Arial;\">Ein wesentliches Verdienst hat sich Brandis durch seine Schrift &#8222;Erfahrungen \u00fcber die Anwendung der K\u00e4lte in Krankheiten&#8220; (1833) erworben.<\/span><\/p>\n<p>&nbsp;<\/p>\n","protected":false},"excerpt":{"rendered":"<p>Arzt, Apotheker &nbsp; Geboren: 18. 03. 1762 in Hildesheim Gestorben: 28. 04. 1846 in Kopenhagen &nbsp; Promotion: 1785 in G\u00f6ttingen (Medizin) Lehrt\u00e4tigkeit: 1791 &#8211; 1795 Braunschweig, 1803 &#8211; 1810 Kiel &nbsp; Vier Jahre nach seiner in Braunschweig erfolgten Habilitation wurde Brandis 1795 als Mitglied einer Sanit\u00e4tskommission nach Holzminden geschickt. Zugleich arbeitete er als Brunnenphysikus in &hellip; <a href=\"http:\/\/kulturpoetik.germanistik.uni-saarland.de\/RomAnt\/index.php\/anthropologen\/joachim-dietrich-brandis\/\" class=\"more-link\"><span class=\"screen-reader-text\">Joachim Dietrich Brandis<\/span> weiterlesen <span class=\"meta-nav\">&rarr;<\/span><\/a><\/p>\n","protected":false},"author":1,"featured_media":0,"parent":80,"menu_order":3,"comment_status":"closed","ping_status":"closed","template":"","meta":{"footnotes":""},"_links":{"self":[{"href":"http:\/\/kulturpoetik.germanistik.uni-saarland.de\/RomAnt\/index.php\/wp-json\/wp\/v2\/pages\/84"}],"collection":[{"href":"http:\/\/kulturpoetik.germanistik.uni-saarland.de\/RomAnt\/index.php\/wp-json\/wp\/v2\/pages"}],"about":[{"href":"http:\/\/kulturpoetik.germanistik.uni-saarland.de\/RomAnt\/index.php\/wp-json\/wp\/v2\/types\/page"}],"author":[{"embeddable":true,"href":"http:\/\/kulturpoetik.germanistik.uni-saarland.de\/RomAnt\/index.php\/wp-json\/wp\/v2\/users\/1"}],"replies":[{"embeddable":true,"href":"http:\/\/kulturpoetik.germanistik.uni-saarland.de\/RomAnt\/index.php\/wp-json\/wp\/v2\/comments?post=84"}],"version-history":[{"count":1,"href":"http:\/\/kulturpoetik.germanistik.uni-saarland.de\/RomAnt\/index.php\/wp-json\/wp\/v2\/pages\/84\/revisions"}],"predecessor-version":[{"id":85,"href":"http:\/\/kulturpoetik.germanistik.uni-saarland.de\/RomAnt\/index.php\/wp-json\/wp\/v2\/pages\/84\/revisions\/85"}],"up":[{"embeddable":true,"href":"http:\/\/kulturpoetik.germanistik.uni-saarland.de\/RomAnt\/index.php\/wp-json\/wp\/v2\/pages\/80"}],"wp:attachment":[{"href":"http:\/\/kulturpoetik.germanistik.uni-saarland.de\/RomAnt\/index.php\/wp-json\/wp\/v2\/media?parent=84"}],"curies":[{"name":"wp","href":"https:\/\/api.w.org\/{rel}","templated":true}]}}