{"id":82,"date":"2015-11-03T13:40:08","date_gmt":"2015-11-03T12:40:08","guid":{"rendered":"http:\/\/kulturpoetik.germanistik.uni-saarland.de\/RomAnt\/?page_id=82"},"modified":"2015-11-03T13:40:41","modified_gmt":"2015-11-03T12:40:41","slug":"franz-benedict-von-baader","status":"publish","type":"page","link":"http:\/\/kulturpoetik.germanistik.uni-saarland.de\/RomAnt\/index.php\/anthropologen\/franz-benedict-von-baader\/","title":{"rendered":"Franz Benedict von Baader"},"content":{"rendered":"<p><span style=\"font-family: Arial;\"><b>Arzt, Bergbauingenieur, Philosoph<img loading=\"lazy\" decoding=\"async\" src=\"http:\/\/www.uni-saarland.de\/fak4\/fr41\/Engel\/Projekt\/images\/baader.jpg\" alt=\"\" width=\"277\" height=\"305\" align=\"right\" border=\"0\" hspace=\"5\" vspace=\"15\" \/><\/b><\/span><\/p>\n<p>&nbsp;<\/p>\n<p><span style=\"font-family: Arial;\"><b>Geboren: <\/b>27. 03. 1765 in M\u00fcnchen<\/span><\/p>\n<p><span style=\"font-family: Arial;\"><b>Gestorben: <\/b>23. 05. 1841 in M\u00fcnchen<\/span><\/p>\n<p>&nbsp;<\/p>\n<p><span style=\"font-family: Arial;\"><b>Promotion: <\/b>1785 in Ingolstadt (Medizin)<\/span><\/p>\n<p><span style=\"font-family: Arial;\"><b>Lehrt\u00e4tigkeit: <\/b>1826 &#8211; 1841 M\u00fcnchen<\/span><\/p>\n<p><span style=\"font-family: Arial;\">Baader studierte zu Beginn seiner Laufbahn Medizin und Naturwissenschaften in Ingolstadt und Wien (1781 &#8211; 1785). Nur f\u00fcr einige Jahre kehrte er zu seinem Vater, der kurf\u00fcrstlicher Leibarzt war, nach M\u00fcnchen zur\u00fcck, um dort zu praktizieren. 1788 ging Baader an die Bergakademie Freibergs, wo der in Mineralogie und Chemie bereits geschulte Mediziner unter der Anleitung von Abraham Werner g\u00e4nzlich zum Bergmann wurde. Von 1792 &#8211; 1796 vertiefte Baader seine Kenntnisse auf diesem Gebiet in England und Schottland. \u00dcber Hamburg erfolgte die neuerliche R\u00fcckkehr nach M\u00fcnchen, wo er 1799 zum Bergrat, 1801 zum Oberbergrat und 1807 zum Oberstbergrat avancierte. 1808 wurde er zudem als ordentliches Mitglied in die Bayerische Akademie der Wissenschaften aufgenommen.<\/span><\/p>\n<p><span style=\"font-family: Arial;\">Seit er 1809 eine Sammlung seiner bisherigen philosophischen Schriften mit dem Titel &#8222;Beitr\u00e4ge zur dynamischen Philosophie im Gegensaze der mechanischen&#8220; ver\u00f6ffentlicht hatte, nahm seine schriftstellerische T\u00e4tigkeit immer mehr zu. So kam es Baader nicht ungelegen, da\u00df er 1820 als Konsequenz aus einer Reduktion der Bergwerks- und M\u00fcnzbeamten bei Belassung von Rang und Gehalt in den Ruhestand geschickt wurde. Die in Aussicht gestellte Reaktivierung erfolgte nie.<\/span><\/p>\n<p><span style=\"font-family: Arial;\">Anschlie\u00dfend trug sich Baader, der in guten Beziehungen zum russischen Minister Alexander von Galizin stand, mit dem Gedanken der Gr\u00fcndung einer Akademie f\u00fcr religi\u00f6se Wissenschaft, die in St. Petersburg ihren Sitz haben und zur Ann\u00e4herung der r\u00f6misch-katholischen und der griechisch-orthodoxen Kirche beitragen sollte. Der Plan scheiterte 1822 am Sturz Galizins &#8211; schon auf dem Weg nach St. Petersburg, wurde Baader von der russischen Regierung wieder heimgeschickt.<\/span><\/p>\n<p><span style=\"font-family: Arial;\">Bei der Verlegung der Universit\u00e4t von Landshut nach M\u00fcnchen bedachte man Baader 1826 mit einer Honorarprofessur. Er las \u00fcber Religionsphilosophie, philosophische Erkenntniswissenschaft und \u00fcber Jacob B\u00f6hmes Lehren und Schriften.<\/span><\/p>\n<p>&nbsp;<\/p>\n","protected":false},"excerpt":{"rendered":"<p>Arzt, Bergbauingenieur, Philosoph &nbsp; Geboren: 27. 03. 1765 in M\u00fcnchen Gestorben: 23. 05. 1841 in M\u00fcnchen &nbsp; Promotion: 1785 in Ingolstadt (Medizin) Lehrt\u00e4tigkeit: 1826 &#8211; 1841 M\u00fcnchen Baader studierte zu Beginn seiner Laufbahn Medizin und Naturwissenschaften in Ingolstadt und Wien (1781 &#8211; 1785). Nur f\u00fcr einige Jahre kehrte er zu seinem Vater, der kurf\u00fcrstlicher Leibarzt &hellip; <a href=\"http:\/\/kulturpoetik.germanistik.uni-saarland.de\/RomAnt\/index.php\/anthropologen\/franz-benedict-von-baader\/\" class=\"more-link\"><span class=\"screen-reader-text\">Franz Benedict von Baader<\/span> weiterlesen <span class=\"meta-nav\">&rarr;<\/span><\/a><\/p>\n","protected":false},"author":1,"featured_media":0,"parent":80,"menu_order":2,"comment_status":"closed","ping_status":"closed","template":"","meta":{"footnotes":""},"_links":{"self":[{"href":"http:\/\/kulturpoetik.germanistik.uni-saarland.de\/RomAnt\/index.php\/wp-json\/wp\/v2\/pages\/82"}],"collection":[{"href":"http:\/\/kulturpoetik.germanistik.uni-saarland.de\/RomAnt\/index.php\/wp-json\/wp\/v2\/pages"}],"about":[{"href":"http:\/\/kulturpoetik.germanistik.uni-saarland.de\/RomAnt\/index.php\/wp-json\/wp\/v2\/types\/page"}],"author":[{"embeddable":true,"href":"http:\/\/kulturpoetik.germanistik.uni-saarland.de\/RomAnt\/index.php\/wp-json\/wp\/v2\/users\/1"}],"replies":[{"embeddable":true,"href":"http:\/\/kulturpoetik.germanistik.uni-saarland.de\/RomAnt\/index.php\/wp-json\/wp\/v2\/comments?post=82"}],"version-history":[{"count":1,"href":"http:\/\/kulturpoetik.germanistik.uni-saarland.de\/RomAnt\/index.php\/wp-json\/wp\/v2\/pages\/82\/revisions"}],"predecessor-version":[{"id":83,"href":"http:\/\/kulturpoetik.germanistik.uni-saarland.de\/RomAnt\/index.php\/wp-json\/wp\/v2\/pages\/82\/revisions\/83"}],"up":[{"embeddable":true,"href":"http:\/\/kulturpoetik.germanistik.uni-saarland.de\/RomAnt\/index.php\/wp-json\/wp\/v2\/pages\/80"}],"wp:attachment":[{"href":"http:\/\/kulturpoetik.germanistik.uni-saarland.de\/RomAnt\/index.php\/wp-json\/wp\/v2\/media?parent=82"}],"curies":[{"name":"wp","href":"https:\/\/api.w.org\/{rel}","templated":true}]}}