{"id":78,"date":"2015-11-03T13:37:00","date_gmt":"2015-11-03T12:37:00","guid":{"rendered":"http:\/\/kulturpoetik.germanistik.uni-saarland.de\/RomAnt\/?page_id=78"},"modified":"2015-11-03T13:40:53","modified_gmt":"2015-11-03T12:40:53","slug":"johann-heinrich-ferdinand-von-autenrieth","status":"publish","type":"page","link":"http:\/\/kulturpoetik.germanistik.uni-saarland.de\/RomAnt\/index.php\/anthropologen\/johann-heinrich-ferdinand-von-autenrieth\/","title":{"rendered":"Johann Heinrich Ferdinand von Autenrieth"},"content":{"rendered":"<p><strong>Arzt, Anatom, Chirurg<\/strong><\/p>\n<p><strong>Geboren:<\/strong> 20. 10. 1772 in Stuttgart<\/p>\n<p><strong>Gestorben:<\/strong> 02. 05. 1835 in T\u00fcbingen<\/p>\n<p><strong>Promotion:<\/strong> 1792 in Stuttgart (Medizin)<\/p>\n<p><strong>Lehrt\u00e4tigkeit:<\/strong> 1797 &#8211; 1835 T\u00fcbingen<\/p>\n<p>Autenrieth erhielt seine medizinische Ausbildung ab 1785 an der Hohen Karlsschule in Stuttgart, die von Herzog Karl Eugen von W\u00fcrttemberg ins Leben gerufen worden war. 1792 ging Autenrieth nach erfolgter Promotion f\u00fcr ein halbes Jahr nach Pavia, 1794 begleitete er seinen Vater, den w\u00fcrttembergischen Beamten Jakob Friedrich Authenrieth, nach Pennsylvanien. Auch wenn Autenrieths Versuch, in Lancaster eine Praxis zu gr\u00fcnden, nicht gerade von Erfolg gekr\u00f6nt war, verschaffte ihm sein eineinhalbj\u00e4hriger Amerika-Aufenthalt doch einige f\u00fcr seine weitere Laufbahn wichtige Erkenntnisse, vor allem \u00fcber das Gelbfieber, an dem er zwischenzeitlich selbst erkrankt war.<\/p>\n<p>1797 wurde Autenrieth ordentlicher Professor f\u00fcr Anatomie, Physiologie, Chirurgie und Geburtshilfe an der Universit\u00e4t T\u00fcbingen. In den folgenden 38 Jahren deckte er in seinen interessant gehaltenen Vorlesungen beinahe alle F\u00e4cher der Heilkunde ab. Hervorzuheben sind seine anatomisch-physiologischen Vortr\u00e4ge und jene \u00fcber Gerichtsmedizin. Autenrieth wurde zum Begr\u00fcnder der 1805 er\u00f6ffneten ersten station\u00e4ren Klinik der Universit\u00e4t T\u00fcbingen und zu einem der bekanntesten \u00c4rzte der damaligen Zeit. An der T\u00fcbinger Lehranstalt, der er trotz zahlreicher anderer Angebote treu blieb, hatte er gro\u00dfen Einflu\u00df. 1819 Kanzler der Universit\u00e4t geworden, nahm er auch das damit verbundene Abgeordnetenmandat im w\u00fcrttembergischen Landtag wahr.<\/p>\n<p>Autenrieths Schriften erstrecken sich \u00fcber alle m\u00f6glichen Gebiete der Medizin und der Naturwissenschaften. Sein bedeutendstes Werk ist wohl das &#8222;Handbuch der empirischen menschlichen Physiologie&#8220;, das 1801 in drei Teilen erschien.<\/p>\n","protected":false},"excerpt":{"rendered":"<p>Arzt, Anatom, Chirurg Geboren: 20. 10. 1772 in Stuttgart Gestorben: 02. 05. 1835 in T\u00fcbingen Promotion: 1792 in Stuttgart (Medizin) Lehrt\u00e4tigkeit: 1797 &#8211; 1835 T\u00fcbingen Autenrieth erhielt seine medizinische Ausbildung ab 1785 an der Hohen Karlsschule in Stuttgart, die von Herzog Karl Eugen von W\u00fcrttemberg ins Leben gerufen worden war. 1792 ging Autenrieth nach erfolgter &hellip; <a href=\"http:\/\/kulturpoetik.germanistik.uni-saarland.de\/RomAnt\/index.php\/anthropologen\/johann-heinrich-ferdinand-von-autenrieth\/\" class=\"more-link\"><span class=\"screen-reader-text\">Johann Heinrich Ferdinand von Autenrieth<\/span> weiterlesen <span class=\"meta-nav\">&rarr;<\/span><\/a><\/p>\n","protected":false},"author":1,"featured_media":0,"parent":80,"menu_order":1,"comment_status":"closed","ping_status":"closed","template":"","meta":{"footnotes":""},"_links":{"self":[{"href":"http:\/\/kulturpoetik.germanistik.uni-saarland.de\/RomAnt\/index.php\/wp-json\/wp\/v2\/pages\/78"}],"collection":[{"href":"http:\/\/kulturpoetik.germanistik.uni-saarland.de\/RomAnt\/index.php\/wp-json\/wp\/v2\/pages"}],"about":[{"href":"http:\/\/kulturpoetik.germanistik.uni-saarland.de\/RomAnt\/index.php\/wp-json\/wp\/v2\/types\/page"}],"author":[{"embeddable":true,"href":"http:\/\/kulturpoetik.germanistik.uni-saarland.de\/RomAnt\/index.php\/wp-json\/wp\/v2\/users\/1"}],"replies":[{"embeddable":true,"href":"http:\/\/kulturpoetik.germanistik.uni-saarland.de\/RomAnt\/index.php\/wp-json\/wp\/v2\/comments?post=78"}],"version-history":[{"count":1,"href":"http:\/\/kulturpoetik.germanistik.uni-saarland.de\/RomAnt\/index.php\/wp-json\/wp\/v2\/pages\/78\/revisions"}],"predecessor-version":[{"id":79,"href":"http:\/\/kulturpoetik.germanistik.uni-saarland.de\/RomAnt\/index.php\/wp-json\/wp\/v2\/pages\/78\/revisions\/79"}],"up":[{"embeddable":true,"href":"http:\/\/kulturpoetik.germanistik.uni-saarland.de\/RomAnt\/index.php\/wp-json\/wp\/v2\/pages\/80"}],"wp:attachment":[{"href":"http:\/\/kulturpoetik.germanistik.uni-saarland.de\/RomAnt\/index.php\/wp-json\/wp\/v2\/media?parent=78"}],"curies":[{"name":"wp","href":"https:\/\/api.w.org\/{rel}","templated":true}]}}