{"id":548,"date":"2018-06-18T18:04:52","date_gmt":"2018-06-18T16:04:52","guid":{"rendered":"http:\/\/kulturpoetik.germanistik.uni-saarland.de\/RomAnt\/?page_id=548"},"modified":"2018-06-18T19:14:48","modified_gmt":"2018-06-18T17:14:48","slug":"impressum","status":"publish","type":"page","link":"http:\/\/kulturpoetik.germanistik.uni-saarland.de\/RomAnt\/index.php\/datenbank\/impressum\/","title":{"rendered":"Impressum und Datenschutz"},"content":{"rendered":"\n<p>Verantwortlich i.S.v. \u00a7 55 Abs.2 RStV ist Prof. Dr. Manfred Engel. <\/p>\n<p>&nbsp; <\/p>\n<p style=\"text-align:center\">Prof. Dr. Manfred Engel<br \/> Universit\u00e4t des Saarlandes<br \/> Fachrichtung 4.1 Germanistik<br \/> Campus, Geb. C5.3<br \/> D-66123 Saarbr\u00fccken<\/p>\n<p style=\"text-align:center\">Telefon: ++49\/ (0)681-3024071<br \/> E-Mail: <a href=\"mailto:manfred.engel@mx.uni-saarland.de\"> manfred.engel@mx.uni-saarland.de<\/a><br \/> Webseite: <a href=\"http:\/\/www.uni-saarland.de\/fak4\/fr41\/Engel\/\" target=\"blank\"> http:\/\/www.uni-saarland.de\/fak4\/fr41\/Engel\/<\/a> <\/p>\n<p> &nbsp; <\/p>\n<h3>Haftungsausschluss<\/h3>\n<p> <em>1. Inhalt des Onlineangebotes<\/em> <\/p>\n<p>Ich \u00fcbernehme keinerlei Gew\u00e4hr f\u00fcr die Aktualit\u00e4t, Korrektheit,  Vollst\u00e4ndigkeit oder Qualit\u00e4t der bereitgestellten Informationen.  Haftungsanspr\u00fcche gegen mich, die sich auf Sch\u00e4den materieller oder  ideeller Art beziehen, welche durch die Nutzung oder Nichtnutzung der  dargebotenen Informationen bzw. durch die Nutzung fehlerhafter und  unvollst\u00e4ndiger Informationen verursacht wurden, sind grunds\u00e4tzlich  ausgeschlossen, sofern meinerseits kein nachweislich vors\u00e4tzliches oder  grob fahrl\u00e4ssiges Verschulden vorliegt.<br \/> Alle Angebote sind freibleibend und unverbindlich. Ich behalte es mir  ausdr\u00fccklich vor, Teile der Seiten oder das gesamte Angebot ohne  gesonderte Ank\u00fcndigung zu ver\u00e4ndern, zu erg\u00e4nzen, zu l\u00f6schen oder die  Ver\u00f6ffentlichung zeitweise oder endg\u00fcltig einzustellen.<\/p>\n<p> &nbsp;<br \/> <em>2. Verweise und Links<\/em> <\/p>\n<p>Bei direkten oder indirekten Verweisen auf fremde Internetseiten  (\u00bbLinks\u00ab), die au\u00dferhalb meines Verantwortungsbereiches liegen, w\u00fcrde  eine Haftungsverpflichtung ausschlie\u00dflich in dem Fall in Kraft treten,  in dem ich von den Inhalten Kenntnis habe und es mir technisch m\u00f6glich  und zumutbar w\u00e4re, die Nutzung im Falle rechtswidriger Inhalte zu  verhindern.<br \/> Ich erkl\u00e4re hiermit ausdr\u00fccklich, dass zum Zeitpunkt der Linksetzung  keine illegalen Inhalte auf den zu verlinkenden Seiten erkennbar waren.  Auf die aktuelle und zuk\u00fcnftige Gestaltung, die Inhalte oder die  Urheberschaft der gelinkten\/verkn\u00fcpften Seiten habe ich keinerlei  Einfluss. Deshalb distanziere ich mich hiermit ausdr\u00fccklich von allen  Inhalten aller gelinkten\/verkn\u00fcpften Seiten, die nach der Linksetzung  ver\u00e4ndert wurden. Diese Feststellung gilt f\u00fcr alle innerhalb des eigenen  Internetangebotes gesetzten Links und Verweise sowie f\u00fcr Fremdeintr\u00e4ge  in vom Autor eingerichteten G\u00e4steb\u00fcchern, Diskussionsforen und  Mailinglisten. F\u00fcr illegale, fehlerhafte oder unvollst\u00e4ndige Inhalte und  insbesondere f\u00fcr Sch\u00e4den, die aus der Nutzung oder Nichtnutzung  solcherart dargebotener Informationen entstehen, haftet allein der  Anbieter der Seite, auf welche verwiesen wurde, nicht derjenige, der  \u00fcber Links auf die jeweilige Ver\u00f6ffentlichung lediglich verweist. <\/p>\n<p> &nbsp;<br \/> <em>3. Urheber- und Kennzeichenrecht<\/em> <\/p>\n<p>Ich bin sorgf\u00e4ltig bestrebt, die Urheberrechte der verwendeten  Grafiken, Tondokumente, Videosequenzen und Texte zu beachten, von ihr  bzw. den AutorInnen selbst erstellte Grafiken, Tondokumente,  Videosequenzen und Texte zu nutzen oder auf lizenzfreie Grafiken,  Tondokumente, Videosequenzen und Texte zur\u00fcckzugreifen. Alle innerhalb  dieses Internetangebotes genannten und ggf. durch Dritte gesch\u00fctzte  Marken- und Warenzeichen unterliegen uneingeschr\u00e4nkt den Bestimmungen  des jeweils g\u00fcltigen Kennzeichenrechts und den Besitzrechten der  jeweiligen eingetragenen Eigent\u00fcmer. Allein aufgrund der blo\u00dfen Nennung  ist nicht der Schlu\u00df zu ziehen, dass Markenzeichen nicht durch Rechte  Dritter gesch\u00fctzt sind!<br \/> Das Urheberrecht\/Copyright f\u00fcr alle auf \u00bbRomantische Anthropologie\u00ab ver\u00f6ffentlichten, von mir selbst erstellte Texte, Grafiken, Tondokumente  oder Videosequenzen bleibt allein bei mir. Eine Vervielf\u00e4ltigung oder  Verwendung solcher Texte, Grafiken, Tondokumente oder Videosequenzen in  anderen elektronischen oder gedruckten Publikationen ist ohne meine  ausdr\u00fcckliche Zustimmung nicht gestattet. Bei Zitaten ist die  vollst\u00e4ndige Quelle und vollst\u00e4ndige URL der Seite zu nennen, von der  zitiert wird. <\/p>\n<p> &nbsp;<br \/> <em>4. Abmahnung ohne vorherigen Kontakt<\/em> <\/p>\n<p>Ich akzeptiere keine Abmahnung ohne vorherigen Kontakt und Absprache!  Sollte der Inhalt oder die Aufmachung von \u00bbRomantische Anthropologie\u00ab gesetzliche  Bestimmungen, Ihre oder Rechte Dritter verletzen, bitte ich um eine  entsprechende Nachricht. Richten Sie diese Nachricht bitte an die oben  genannte Postadresse.<br \/> Ich versichere meine Bereitschaft, zu Recht beanstandete Objekte, Texte  oder Links unverz\u00fcglich (direkt nach Zurkenntnisnahme) zu entfernen oder  zu berichtigen, ohne da\u00df hierzu die Einschaltung eines Rechtbeistandes  von Ihrer Seite erforderlich ist. Die Einschaltung eines Anwaltes zu  einer f\u00fcr \u00bbRomantische Anthropologie\u00ab kostenpflichtigen Abmahnung entspricht nicht  dem wirklichen oder mutma\u00dflichen Willen, den ich mit der  Ver\u00f6ffentlichung dieser Seite verfolge, und w\u00fcrde damit einen Versto\u00df  gegen \u00a7 8 Abs. 4 UWG (\u00a7 242 BGB) wegen der Verfolgung sachfremder Ziele  als beherrschendes Motiv der Verfahrenseinleitung, insbesondere einer  Kostenerzielungsabsicht als eigentlicher Triebfeder, sowie einen Versto\u00df  gegen Ihre Schadensminderungspflicht darstellen.<br \/> Entstandene Kosten ohne vorherige Kontaktaufnahme werden durch mich  vollumf\u00e4nglich zur\u00fcckgewiesen und l\u00f6sen gegebenenfalls eine Gegenklage  wegen Verletzung vorgenannter Bestimmungen aus. <\/p>\n<p> &nbsp;<br \/> <em>5. Datenschutz<\/em> <\/p>\n<p>Sofern innerhalb des Internetangebotes die M\u00f6glichkeit zur Eingabe  pers\u00f6nlicher oder gesch\u00e4ftlicher Daten (Emailadressen, Namen,  Anschriften) besteht, erfolgt die Preisgabe dieser Daten seitens des  Nutzers auf ausdr\u00fccklich freiwilliger Basis. Die Inanspruchnahme und  Bezahlung aller angebotenen Dienste ist \u2013 soweit technisch m\u00f6glich und  zumutbar \u2013 auch ohne Angabe solcher Daten bzw. unter Angabe  anonymisierter Daten oder eines Pseudonyms gestattet.<br \/> Von dieser Seite gesendete Cookies dienen ausschlie\u00dflich der Seitensteuerung und -verbesserung und speichern keine personenbezogenen  Daten. <br \/> F\u00fcr weitere Einzelheiten beachten Sie bitte die <a href=\"https:\/\/www.uni-saarland.de\/footer\/dialog\/datenschutz.html\" target=\"blank\">Datenschutzerkl\u00e4rung<\/a> der Universit\u00e4t des Saarlandes. <\/p>\n<p> &nbsp;<br \/> <em>6. Rechtswirksamkeit dieses Haftungsausschlusses<\/em> <\/p>\n<p>Dieser Haftungsausschluss ist als Teil des Internetangebotes zu  betrachten, von dem aus auf diese Seite verwiesen wurde. Sofern Teile  oder einzelne Formulierungen dieses Textes der geltenden Rechtslage  nicht, nicht mehr oder nicht vollst\u00e4ndig entsprechen sollten, bleiben  die \u00fcbrigen Teile des Dokumentes in ihrem Inhalt und ihrer G\u00fcltigkeit  davon unber\u00fchrt. <\/p>\n<p> &nbsp;<\/p>\n<p>18.06.2018 &nbsp;&nbsp;&nbsp;&nbsp;&nbsp;&nbsp;&nbsp;&nbsp;&nbsp;&nbsp; Manfred Engel<\/p>\n<\/p><\/div>\n<p>&#8218; <\/p>\n","protected":false},"excerpt":{"rendered":"<p>Verantwortlich i.S.v. \u00a7 55 Abs.2 RStV ist Prof. Dr. Manfred Engel. &nbsp; Prof. Dr. Manfred Engel Universit\u00e4t des Saarlandes Fachrichtung 4.1 Germanistik Campus, Geb. C5.3 D-66123 Saarbr\u00fccken Telefon: ++49\/ (0)681-3024071 E-Mail: manfred.engel@mx.uni-saarland.de Webseite: http:\/\/www.uni-saarland.de\/fak4\/fr41\/Engel\/ &nbsp; Haftungsausschluss 1. Inhalt des Onlineangebotes Ich \u00fcbernehme keinerlei Gew\u00e4hr f\u00fcr die Aktualit\u00e4t, Korrektheit, Vollst\u00e4ndigkeit oder Qualit\u00e4t der bereitgestellten Informationen. Haftungsanspr\u00fcche &hellip; <a href=\"http:\/\/kulturpoetik.germanistik.uni-saarland.de\/RomAnt\/index.php\/datenbank\/impressum\/\" class=\"more-link\"><span class=\"screen-reader-text\">Impressum und Datenschutz<\/span> weiterlesen <span class=\"meta-nav\">&rarr;<\/span><\/a><\/p>\n","protected":false},"author":1,"featured_media":0,"parent":162,"menu_order":3,"comment_status":"closed","ping_status":"closed","template":"","meta":{"footnotes":""},"_links":{"self":[{"href":"http:\/\/kulturpoetik.germanistik.uni-saarland.de\/RomAnt\/index.php\/wp-json\/wp\/v2\/pages\/548"}],"collection":[{"href":"http:\/\/kulturpoetik.germanistik.uni-saarland.de\/RomAnt\/index.php\/wp-json\/wp\/v2\/pages"}],"about":[{"href":"http:\/\/kulturpoetik.germanistik.uni-saarland.de\/RomAnt\/index.php\/wp-json\/wp\/v2\/types\/page"}],"author":[{"embeddable":true,"href":"http:\/\/kulturpoetik.germanistik.uni-saarland.de\/RomAnt\/index.php\/wp-json\/wp\/v2\/users\/1"}],"replies":[{"embeddable":true,"href":"http:\/\/kulturpoetik.germanistik.uni-saarland.de\/RomAnt\/index.php\/wp-json\/wp\/v2\/comments?post=548"}],"version-history":[{"count":19,"href":"http:\/\/kulturpoetik.germanistik.uni-saarland.de\/RomAnt\/index.php\/wp-json\/wp\/v2\/pages\/548\/revisions"}],"predecessor-version":[{"id":568,"href":"http:\/\/kulturpoetik.germanistik.uni-saarland.de\/RomAnt\/index.php\/wp-json\/wp\/v2\/pages\/548\/revisions\/568"}],"up":[{"embeddable":true,"href":"http:\/\/kulturpoetik.germanistik.uni-saarland.de\/RomAnt\/index.php\/wp-json\/wp\/v2\/pages\/162"}],"wp:attachment":[{"href":"http:\/\/kulturpoetik.germanistik.uni-saarland.de\/RomAnt\/index.php\/wp-json\/wp\/v2\/media?parent=548"}],"curies":[{"name":"wp","href":"https:\/\/api.w.org\/{rel}","templated":true}]}}