{"id":450,"date":"2015-12-14T11:54:50","date_gmt":"2015-12-14T10:54:50","guid":{"rendered":"http:\/\/kulturpoetik.germanistik.uni-saarland.de\/RomAnt\/?page_id=450"},"modified":"2015-12-14T12:02:48","modified_gmt":"2015-12-14T11:02:48","slug":"zeitschriften","status":"publish","type":"page","link":"http:\/\/kulturpoetik.germanistik.uni-saarland.de\/RomAnt\/index.php\/themen-der-anthropologen\/zeitschriften\/","title":{"rendered":"Zeitschriften"},"content":{"rendered":"<h5>Inhaltverzeichnisse einschl\u00e4giger Zeitschriften bieten einen \u00dcberblick \u00fcber das Themenspektrum der Anthropologie:<\/h5>\n<ul>\n<li><a href=\"http:\/\/kulturpoetik.germanistik.uni-saarland.de\/RomAnt\/index.php\/themen-der-anthropologen\/archiv-fuer-die-physiologie-1795-181315\/\"><u>Archiv f\u00fcr die Physiologie<\/u><\/a>, 1795 &#8211; 1813\/15<\/li>\n<li><a href=\"http:\/\/kulturpoetik.germanistik.uni-saarland.de\/RomAnt\/index.php\/themen-der-anthropologen\/anthropologisches-journal-1803-1804\/\"><u>Anthropologisches Journal<\/u><\/a>, 1803 &#8211; 1804<\/li>\n<li><a href=\"http:\/\/kulturpoetik.germanistik.uni-saarland.de\/RomAnt\/index.php\/themen-der-anthropologen\/jahrbuecher-der-medicin-als-wissenschaft-1805-1808\/\"><u>Jahrb\u00fccher der Medicin als Wissenschaft<\/u><\/a>, 1805 &#8211; 1808<\/li>\n<li><a href=\"http:\/\/kulturpoetik.germanistik.uni-saarland.de\/RomAnt\/index.php\/themen-der-anthropologen\/archiv-fuer-den-thierischen-magnetismus-1817-1824\/\"><u>Archiv f\u00fcr den thierischen Magnetismus<\/u><\/a>, 1817 &#8211; 1824<\/li>\n<li><a href=\"http:\/\/kulturpoetik.germanistik.uni-saarland.de\/RomAnt\/index.php\/themen-der-anthropologen\/sphinx-neues-archiv-fuer-den-thierischen-magnetismus-und-das-nachtleben-ueberhaupt-1825-1826\/\"><u>Sphinx &#8211; Neues Archiv f\u00fcr den Thierischen Magnetismus<\/u><\/a> und das Nachtleben \u00fcberhaupt, 1825 &#8211; 1826<\/li>\n<li><a href=\"http:\/\/kulturpoetik.germanistik.uni-saarland.de\/RomAnt\/index.php\/themen-der-anthropologen\/zeitschrift-fuer-psychische-aerzte-mit-besonderer-beruecksichtigung-des-magnetismus-1818-1822\/\"><u>Zeitschrift f\u00fcr psychische \u00c4rzte<\/u><\/a> mit besonderer Ber\u00fccksichtigung des Magnetismus, 1818 &#8211; 1822<\/li>\n<li><a href=\"http:\/\/kulturpoetik.germanistik.uni-saarland.de\/RomAnt\/index.php\/themen-der-anthropologen\/zeitschrift-fuer-die-anthropologie-1823-1826\/\"><u>Zeitschrift f\u00fcr die Anthropologie<\/u><\/a>, 1823 &#8211; 1826<\/li>\n<li><a href=\"http:\/\/kulturpoetik.germanistik.uni-saarland.de\/RomAnt\/index.php\/themen-der-anthropologen\/jahrbuecher-fuer-anthropologie-und-zur-pathologie-und-therapie-des-irrseyns-1830\/\"><u>Jahrb\u00fccher f\u00fcr Anthropologie<\/u><\/a> und zur Pathologie und Therapie des Irrseyns, 1830<\/li>\n<\/ul>\n","protected":false},"excerpt":{"rendered":"<p>Inhaltverzeichnisse einschl\u00e4giger Zeitschriften bieten einen \u00dcberblick \u00fcber das Themenspektrum der Anthropologie: Archiv f\u00fcr die Physiologie, 1795 &#8211; 1813\/15 Anthropologisches Journal, 1803 &#8211; 1804 Jahrb\u00fccher der Medicin als Wissenschaft, 1805 &#8211; 1808 Archiv f\u00fcr den thierischen Magnetismus, 1817 &#8211; 1824 Sphinx &#8211; Neues Archiv f\u00fcr den Thierischen Magnetismus und das Nachtleben \u00fcberhaupt, 1825 &#8211; 1826 Zeitschrift &hellip; <a href=\"http:\/\/kulturpoetik.germanistik.uni-saarland.de\/RomAnt\/index.php\/themen-der-anthropologen\/zeitschriften\/\" class=\"more-link\"><span class=\"screen-reader-text\">Zeitschriften<\/span> weiterlesen <span class=\"meta-nav\">&rarr;<\/span><\/a><\/p>\n","protected":false},"author":1,"featured_media":0,"parent":139,"menu_order":2,"comment_status":"closed","ping_status":"closed","template":"","meta":{"footnotes":""},"_links":{"self":[{"href":"http:\/\/kulturpoetik.germanistik.uni-saarland.de\/RomAnt\/index.php\/wp-json\/wp\/v2\/pages\/450"}],"collection":[{"href":"http:\/\/kulturpoetik.germanistik.uni-saarland.de\/RomAnt\/index.php\/wp-json\/wp\/v2\/pages"}],"about":[{"href":"http:\/\/kulturpoetik.germanistik.uni-saarland.de\/RomAnt\/index.php\/wp-json\/wp\/v2\/types\/page"}],"author":[{"embeddable":true,"href":"http:\/\/kulturpoetik.germanistik.uni-saarland.de\/RomAnt\/index.php\/wp-json\/wp\/v2\/users\/1"}],"replies":[{"embeddable":true,"href":"http:\/\/kulturpoetik.germanistik.uni-saarland.de\/RomAnt\/index.php\/wp-json\/wp\/v2\/comments?post=450"}],"version-history":[{"count":4,"href":"http:\/\/kulturpoetik.germanistik.uni-saarland.de\/RomAnt\/index.php\/wp-json\/wp\/v2\/pages\/450\/revisions"}],"predecessor-version":[{"id":454,"href":"http:\/\/kulturpoetik.germanistik.uni-saarland.de\/RomAnt\/index.php\/wp-json\/wp\/v2\/pages\/450\/revisions\/454"}],"up":[{"embeddable":true,"href":"http:\/\/kulturpoetik.germanistik.uni-saarland.de\/RomAnt\/index.php\/wp-json\/wp\/v2\/pages\/139"}],"wp:attachment":[{"href":"http:\/\/kulturpoetik.germanistik.uni-saarland.de\/RomAnt\/index.php\/wp-json\/wp\/v2\/media?parent=450"}],"curies":[{"name":"wp","href":"https:\/\/api.w.org\/{rel}","templated":true}]}}