{"id":287,"date":"2015-11-11T11:59:42","date_gmt":"2015-11-11T10:59:42","guid":{"rendered":"http:\/\/kulturpoetik.germanistik.uni-saarland.de\/RomAnt\/?page_id=287"},"modified":"2015-11-11T11:59:42","modified_gmt":"2015-11-11T10:59:42","slug":"aktueller-lexikonartikel","status":"publish","type":"page","link":"http:\/\/kulturpoetik.germanistik.uni-saarland.de\/RomAnt\/index.php\/homepage\/begriffswandel\/aktueller-lexikonartikel\/","title":{"rendered":"Aktueller Lexikonartikel"},"content":{"rendered":"<h5>Aktueller Lexikonartikel:<\/h5>\n<p><em><strong>Anthropologie<\/strong> <\/em>[griech.] die, -, die Wissenschaft vom Menschen, bes. unter biologischem, philosophischem, p\u00e4dagogischem und theologischem Aspekt.<\/p>\n<p>V. a. im engl. Sprachgebrauch umfa\u00dft die A. als Erfahrungswissenschaft auch die Erscheinungen des kulturellen und sozialen Lebens, also die Soziologie, Sozialpsychologie, V\u00f6lker- und Volkskunde, auch z. T. Sprachwissenschaft, Vorgeschichte und Arch\u00e4ologie. In den USA wird z. B. als Sonderzweig die Kultur-A. (engl. Cultural anthropology) unterschieden, unter der die gesamte V\u00f6lkerkunde verstanden wird.<\/p>\n<p><strong>Biologische Anthropologie<\/strong><\/p>\n<p>Die biolog. A. ist die Disziplin der Biologie, die den Menschen als Organismus behandelt. Ihre Schwerpunkte liegen in der Erforschung der menschl. Phylogenese (Stammesentwicklung) und dem Studium der raumbezogenen Variabilit\u00e4t des heutigen Menschen (s. Menschenrassen) sowie dem Studium von Ontogenese (Individualentwicklung), Wachstum und Konstitution.<\/p>\n<p>[\u2026] Die biolog. A. erhielt dann mit dem Aufbl\u00fchen der Naturwissenschaften, bes. von Biologie, Medizin und Anatomie, exakte Grundlagen. Ein Ereignis von grundlegender Bedeutung war im 18. Jh. die Eingliederung des Menschen in das System des Tierreichs durch C. von Linn\u00e9; er stellte in der 12. Auflage seiner &gt;Systema naturae&lt; (1766) den Menschen neben den Schimpansen in die Reihe der Primaten. \u2013 Als der eigentl. Begr\u00fcnder der neuzeitl. A. gilt J. F. Blumenbach, dessen Rasseneinteilung von 1775 im wesentlichen noch heute gilt. I. Kant erkannte bereits das \u00dcbergewicht der Vererbung f\u00fcr Stammesentwicklung und innerartliche Differenzierung. Im 19. Jh. wurde der Menschen auch in die neuen Vorstellngen einer Evolution (C. Darwin, E. Haeckel, T. Huxley) der gesamten Organismenwelt einbezogen. Schon fr\u00fcher (J. B: Lamarck, W. Lawrence) aufgetauchte Gedanken engerer stammesgeschichtl. Zusammenh\u00e4nge zw. Mensch und Primaten, bes. Menschenaffen, gewannen an Gewicht; sie wurden im 20. Jh. durch viele Fossilienfunde erh\u00e4rtet.<\/p>\n<p>[\u2026] Mit der histor. Entwicklung der A. gingen Gr\u00fcndungen wissenschaftl. Gesellschaften und akadem. Vertretungen parallel. Mit der Gr\u00fcndung der &gt;Societ\u00e9 d\u2019Anthropologie de Paris&lt; durch P. Broca (1859), der Enstehung einer &gt;\u00c9cole d\u2019Anthropologie&lt; (1876) und \u00e4hnlicher Organisationen in vielen L\u00e4ndern (1860-90) begann die Bl\u00fctezeit der A., und zwar dank enger Zusammenarbeit von Anthropologen, Anatomen, Pr\u00e4historiker, Arch\u00e4ologen, Ethnologen u. a. 1886 wurde in M\u00fcnchen der erste dt. Lehrstuhl f\u00fcr A. (J. Ranke) eingerichtet.<\/p>\n<p><strong>Philosophische Anthropologie<\/strong><\/p>\n<p>Philosoph. A. im weiteren Sinn umfa\u00dft die Geschichte der menschlichen Selbsdeutung von den Griechen bis heute. Der Terminus A. findet sich erstmals Ende 16. Jh. bei Otto Casmann (geb. 1562, gest. 1607) in dessen &gt;Psychologia anthropologica sive animae humanae doctrina&lt; (1594). W\u00e4hrend in Antike und Mittelalter die Frage nach dem Wesen des Menschen noch ganz in die Systeme der Ontologie und Metaphysik eingebaut war, vollzog sich in der Neuzeit bei R. Descartes und I. Kant eine radikale Wende zum Subjekt, zun\u00e4chst zum transzendentalen Subjekt, das die Erkenntnistheorien des dt. Idealismus, sp\u00e4ter des Neukantianismus und E. Husserls bestimmte, bei L. Feuerbach, S. A. Kierkegaard, M. Stirner und F. Nietzsche dann zum leibhaften Subjekt oder zur konkreten &gt;Existenz&lt;, was sich in der Lebensphilosophie , der Existenzphilosophie sowie den neomarxist. und strukturalist. Schulen fortsetzte.<\/p>\n<p>Indem Kant in seiner Logikvorlesung die drei zentralen philosoph. Fragen &gt;Was kann ich wissen?&lt;, &gt;Was soll ich tun?&lt; und &gt;Was darf ich hoffen?&lt; in die grundlegende Frage &gt;Was ist der Mensch?&lt; m\u00fcnden lie\u00df, formulierte er erstmals die Aufgabe einer philosoph. A., ohne sie freilich, ebensowenig wie der dt. Idealismus, eigens in Angriff zu nehmen. Erst Feuerbach vollzog die &gt;anthropolog. Wende&lt; im Gegensatz gegen G. W. F. Hegels Philosophie des absoluten Geistes, indem er an die Stelle der Theologie die A. setzte, worin ihm K. Marx folgte. Stirner radikalisierte diese Wende auf den &gt;Einzigen&lt; hin, Kierkegaard hinsichtlich der einzelnen Existenz. Nietzsche und die Lebensphilosophen W. Dilthey, H. Bergson und L. Klages thematisierten das leibhafte Leben und Erleben und erkannten ihm einen Primat vor dem rein intellektuellen Geist zu.<\/p>\n<p>Philosoph. A. im engeren Sinn als philosoph. Disziplin entstand Ende der 1920er Jahre. [\u2026]<\/p>\n<p><strong>P\u00e4dagogische Anthropologie<\/strong><\/p>\n<p>Die p\u00e4dagogische A. befa\u00dft sich mit der Bestimmung und dem Selbstverst\u00e4ndnis des Menschseins unter dem Zentralaspekt der Erziehung.<\/p>\n<p><strong>Theologie Anthropologie<\/strong><\/p>\n<p>Grundlegend f\u00fcr die christli. theolog. A. ist die Aussage 1.Mos. 1,26 \u00fcber die Gottebenbildlichkeit (s. Imago Dei) des Menschen, der durch seine Geistbegabung zur Wahrheitserkenntnis und zur Verantwortung bef\u00e4higt ist. Die M\u00f6glichkeit, dieser Wesenbestimmung entsprechend zu leben, ist durch die S\u00fcnde (im traditionellen Sprachgebrauch: die Erbs\u00fcnde) nach kath. Lehre beeintr\u00e4chtigt (&gt;verwundet&lt;), nach ev. Auffassung in st\u00e4rkerem Ausma\u00df gesch\u00e4digt oder gar umfassend zerst\u00f6rt. Daraus ergeben sich Konsequenzen f\u00fcr die M\u00f6glichkeit und Schwierigkeit oder Unm\u00f6glichkeit nat\u00fcrlicher Gotteserkenntnis uns allgemein-menschlicher Ethik.<\/p>\n<p><strong>Brockhaus \u2013 die Enzyklop\u00e4die : in 24 B\u00e4nden. \u2013 19., v\u00f6llig neuberarb Aufl., Bd 1. Mannheim 1986.<\/strong><\/p>\n","protected":false},"excerpt":{"rendered":"<p>Aktueller Lexikonartikel: Anthropologie [griech.] die, -, die Wissenschaft vom Menschen, bes. unter biologischem, philosophischem, p\u00e4dagogischem und theologischem Aspekt. V. a. im engl. Sprachgebrauch umfa\u00dft die A. als Erfahrungswissenschaft auch die Erscheinungen des kulturellen und sozialen Lebens, also die Soziologie, Sozialpsychologie, V\u00f6lker- und Volkskunde, auch z. T. Sprachwissenschaft, Vorgeschichte und Arch\u00e4ologie. In den USA wird z. &hellip; <a href=\"http:\/\/kulturpoetik.germanistik.uni-saarland.de\/RomAnt\/index.php\/homepage\/begriffswandel\/aktueller-lexikonartikel\/\" class=\"more-link\"><span class=\"screen-reader-text\">Aktueller Lexikonartikel<\/span> weiterlesen <span class=\"meta-nav\">&rarr;<\/span><\/a><\/p>\n","protected":false},"author":1,"featured_media":0,"parent":224,"menu_order":2,"comment_status":"closed","ping_status":"closed","template":"","meta":{"footnotes":""},"_links":{"self":[{"href":"http:\/\/kulturpoetik.germanistik.uni-saarland.de\/RomAnt\/index.php\/wp-json\/wp\/v2\/pages\/287"}],"collection":[{"href":"http:\/\/kulturpoetik.germanistik.uni-saarland.de\/RomAnt\/index.php\/wp-json\/wp\/v2\/pages"}],"about":[{"href":"http:\/\/kulturpoetik.germanistik.uni-saarland.de\/RomAnt\/index.php\/wp-json\/wp\/v2\/types\/page"}],"author":[{"embeddable":true,"href":"http:\/\/kulturpoetik.germanistik.uni-saarland.de\/RomAnt\/index.php\/wp-json\/wp\/v2\/users\/1"}],"replies":[{"embeddable":true,"href":"http:\/\/kulturpoetik.germanistik.uni-saarland.de\/RomAnt\/index.php\/wp-json\/wp\/v2\/comments?post=287"}],"version-history":[{"count":1,"href":"http:\/\/kulturpoetik.germanistik.uni-saarland.de\/RomAnt\/index.php\/wp-json\/wp\/v2\/pages\/287\/revisions"}],"predecessor-version":[{"id":288,"href":"http:\/\/kulturpoetik.germanistik.uni-saarland.de\/RomAnt\/index.php\/wp-json\/wp\/v2\/pages\/287\/revisions\/288"}],"up":[{"embeddable":true,"href":"http:\/\/kulturpoetik.germanistik.uni-saarland.de\/RomAnt\/index.php\/wp-json\/wp\/v2\/pages\/224"}],"wp:attachment":[{"href":"http:\/\/kulturpoetik.germanistik.uni-saarland.de\/RomAnt\/index.php\/wp-json\/wp\/v2\/media?parent=287"}],"curies":[{"name":"wp","href":"https:\/\/api.w.org\/{rel}","templated":true}]}}