{"id":285,"date":"2015-11-11T11:58:38","date_gmt":"2015-11-11T10:58:38","guid":{"rendered":"http:\/\/kulturpoetik.germanistik.uni-saarland.de\/RomAnt\/?page_id=285"},"modified":"2015-11-11T11:58:38","modified_gmt":"2015-11-11T10:58:38","slug":"historischer-lexikonartikel","status":"publish","type":"page","link":"http:\/\/kulturpoetik.germanistik.uni-saarland.de\/RomAnt\/index.php\/homepage\/begriffswandel\/historischer-lexikonartikel\/","title":{"rendered":"Historischer Lexikonartikel"},"content":{"rendered":"<h5>Historischer Lexikonartikel:<\/h5>\n<p><strong><em>Anthropologie<\/em><\/strong>, Menschenlehre, eine Wissenschaft, welche die physische und geistige Natur des Menschen umfa\u00dft. In neuern Zeiten hat man sie als Naturlehre des Menschen von der Naturgeschichte desselben abgesondert. Ihre Behandlung aber ist verschieden, je nachdem man die physische oder geistige Seite des Menschen mehr im Auge gehabt hat, oder beide zu verbinden suchte; ferner nach dem besondern Gesichtspunkte und Zwecke, aus und zu welchem man den Menschen betrachtet. Da man den Menschen in einer dreifachen Hinsicht betrachten mu\u00df: 1) nach seiner physischen Natur, 2) nach seiner geistigen Natur, 3) nach Dem, was er als freihandelndes Wesen aus sich macht, so hat man in ersterer Hinsicht eine somatische oder physiologische Anthropologie (die man, weil sie mehr der Heilwissenschaft dient, auch medicinische Anthropologie genannt hat); ferner eine psychische Anthropologie (s. Psychologie) und eine vergleichende Anthropologie oder Anthropologie ohne Beinnamen angenommen, die man jedoch mehr als philosophische Wissenschaft behandelt. Die letztere geht vorz\u00fcglich auf eine Kenntni\u00df des Menschen und f\u00fchrt zur richtigen Menschenkenntni\u00df (s. d.) hin. Doch ist sie verh\u00e4ltni\u00dfm\u00e4\u00dfig noch am wenigsten bearbeitet. Hartmann, Heinroth, v. Berger, Hillebrand haben Versuche ihrer Bearbeitung gemacht. Vgl. G. E. Schulze, \u201ePsychische Anthropologie\u201c (3 A., G\u00f6tting. 1826), und D. Choulant\u2019s \u201eAnthropologie f\u00fcr Nicht\u00e4rzte\u201c (Dresd. 1828, 2 Bde.).<\/p>\n<p><strong>Allgemeine deutsche Real=Encyklop\u00e4die f\u00fcr die gebildeten St\u00e4nde. Band 1. Reutlingen 1830, S. 319.<\/strong><\/p>\n","protected":false},"excerpt":{"rendered":"<p>Historischer Lexikonartikel: Anthropologie, Menschenlehre, eine Wissenschaft, welche die physische und geistige Natur des Menschen umfa\u00dft. In neuern Zeiten hat man sie als Naturlehre des Menschen von der Naturgeschichte desselben abgesondert. Ihre Behandlung aber ist verschieden, je nachdem man die physische oder geistige Seite des Menschen mehr im Auge gehabt hat, oder beide zu verbinden suchte; &hellip; <a href=\"http:\/\/kulturpoetik.germanistik.uni-saarland.de\/RomAnt\/index.php\/homepage\/begriffswandel\/historischer-lexikonartikel\/\" class=\"more-link\"><span class=\"screen-reader-text\">Historischer Lexikonartikel<\/span> weiterlesen <span class=\"meta-nav\">&rarr;<\/span><\/a><\/p>\n","protected":false},"author":1,"featured_media":0,"parent":224,"menu_order":1,"comment_status":"closed","ping_status":"closed","template":"","meta":{"footnotes":""},"_links":{"self":[{"href":"http:\/\/kulturpoetik.germanistik.uni-saarland.de\/RomAnt\/index.php\/wp-json\/wp\/v2\/pages\/285"}],"collection":[{"href":"http:\/\/kulturpoetik.germanistik.uni-saarland.de\/RomAnt\/index.php\/wp-json\/wp\/v2\/pages"}],"about":[{"href":"http:\/\/kulturpoetik.germanistik.uni-saarland.de\/RomAnt\/index.php\/wp-json\/wp\/v2\/types\/page"}],"author":[{"embeddable":true,"href":"http:\/\/kulturpoetik.germanistik.uni-saarland.de\/RomAnt\/index.php\/wp-json\/wp\/v2\/users\/1"}],"replies":[{"embeddable":true,"href":"http:\/\/kulturpoetik.germanistik.uni-saarland.de\/RomAnt\/index.php\/wp-json\/wp\/v2\/comments?post=285"}],"version-history":[{"count":1,"href":"http:\/\/kulturpoetik.germanistik.uni-saarland.de\/RomAnt\/index.php\/wp-json\/wp\/v2\/pages\/285\/revisions"}],"predecessor-version":[{"id":286,"href":"http:\/\/kulturpoetik.germanistik.uni-saarland.de\/RomAnt\/index.php\/wp-json\/wp\/v2\/pages\/285\/revisions\/286"}],"up":[{"embeddable":true,"href":"http:\/\/kulturpoetik.germanistik.uni-saarland.de\/RomAnt\/index.php\/wp-json\/wp\/v2\/pages\/224"}],"wp:attachment":[{"href":"http:\/\/kulturpoetik.germanistik.uni-saarland.de\/RomAnt\/index.php\/wp-json\/wp\/v2\/media?parent=285"}],"curies":[{"name":"wp","href":"https:\/\/api.w.org\/{rel}","templated":true}]}}