{"id":278,"date":"2015-11-10T20:52:00","date_gmt":"2015-11-10T19:52:00","guid":{"rendered":"http:\/\/kulturpoetik.germanistik.uni-saarland.de\/RomAnt\/?page_id=278"},"modified":"2015-12-14T12:14:33","modified_gmt":"2015-12-14T11:14:33","slug":"jahrbuecher-fuer-anthropologie-und-zur-pathologie-und-therapie-des-irrseyns-1830","status":"publish","type":"page","link":"http:\/\/kulturpoetik.germanistik.uni-saarland.de\/RomAnt\/index.php\/themen-der-anthropologen\/zeitschriften\/jahrbuecher-fuer-anthropologie-und-zur-pathologie-und-therapie-des-irrseyns-1830\/","title":{"rendered":"Jahrb\u00fccher f\u00fcr Anthropologie und zur Pathologie und Therapie des Irrseyns, 1830"},"content":{"rendered":"<h2>Jahrb\u00fccher f\u00fcr Anthropologie und zur Pathologie und Therapie des Irrseyns, 1830<\/h2>\n<h5>Herausgegeben von <a href=\"http:\/\/kulturpoetik.germanistik.uni-saarland.de\/RomAnt\/index.php\/anthropologen\/christian-friedrich-nasse\/\"> Friedrich Nasse<\/a><\/h5>\n<p>&nbsp;<\/p>\n<p><img loading=\"lazy\" decoding=\"async\" src=\"http:\/\/www.uni-saarland.de\/fak4\/fr41\/Engel\/Projekt\/images\/zsft03c.jpg\" alt=\"\" width=\"586\" height=\"990\" border=\"0\" \/><\/p>\n<p>&nbsp;<\/p>\n<h5>1. Band (1830):<\/h5>\n<p style=\"padding-left: 30px;\">Ritter, H.: \u00dcber den Begriff des Charakters in seiner allgemeinsten anthropologischen Bedeutung, S. 1<\/p>\n<p style=\"padding-left: 30px;\">Eschenmayer, E. A. von: Grundri\u00df der Psychiatrie in ihrem theoretischen und praktischen Theil, S. 46<\/p>\n<p style=\"padding-left: 30px;\">Pitschaft, J. A.: Rhapsodische Gedanken \u00fcber Seelenst\u00f6rung und \u00fcber Theosophie, demnach \u00fcber reinchristlichen Geist in der Heilkunde, S. 106<\/p>\n<p style=\"padding-left: 30px;\">Hohnbaum: Psychologische Fragmente, S. 122<\/p>\n<p style=\"padding-left: 30px;\">Schneider: Krankengeschichten von Irren, S. 134<\/p>\n<p style=\"padding-left: 30px;\">Amelung, F.: Krankengeschichten und Leichen\u00f6ffnungen Irrer, S. 194<\/p>\n<p style=\"padding-left: 30px;\">Amelung, F.: Complication von Verr\u00fccktheit und Hypertrophie des Herzens, S. 255<\/p>\n<p style=\"padding-left: 30px;\">Amelung, F.: Fall von mania acuta epileptica ex iracundia, S. 267<\/p>\n<p style=\"padding-left: 30px;\">Bergmann: Zur pathologischen Anatomie des Gehirns, S. 272<\/p>\n<p style=\"padding-left: 30px;\">Nasse, F.: \u00dcber die Gem\u00fcths- u. Geistes-Eigenschaften der Irren, S. 286<\/p>\n<p style=\"padding-left: 30px;\">Nasse, F.: Gegen Herrn Hofrath Dr. Clarus in Leipzig, S. 315<\/p>\n<p style=\"padding-left: 30px;\">\n","protected":false},"excerpt":{"rendered":"<p>Jahrb\u00fccher f\u00fcr Anthropologie und zur Pathologie und Therapie des Irrseyns, 1830 Herausgegeben von Friedrich Nasse &nbsp; &nbsp; 1. Band (1830): Ritter, H.: \u00dcber den Begriff des Charakters in seiner allgemeinsten anthropologischen Bedeutung, S. 1 Eschenmayer, E. A. von: Grundri\u00df der Psychiatrie in ihrem theoretischen und praktischen Theil, S. 46 Pitschaft, J. A.: Rhapsodische Gedanken \u00fcber &hellip; <a href=\"http:\/\/kulturpoetik.germanistik.uni-saarland.de\/RomAnt\/index.php\/themen-der-anthropologen\/zeitschriften\/jahrbuecher-fuer-anthropologie-und-zur-pathologie-und-therapie-des-irrseyns-1830\/\" class=\"more-link\"><span class=\"screen-reader-text\">Jahrb\u00fccher f\u00fcr Anthropologie und zur Pathologie und Therapie des Irrseyns, 1830<\/span> weiterlesen <span class=\"meta-nav\">&rarr;<\/span><\/a><\/p>\n","protected":false},"author":1,"featured_media":0,"parent":450,"menu_order":8,"comment_status":"closed","ping_status":"closed","template":"","meta":{"footnotes":""},"_links":{"self":[{"href":"http:\/\/kulturpoetik.germanistik.uni-saarland.de\/RomAnt\/index.php\/wp-json\/wp\/v2\/pages\/278"}],"collection":[{"href":"http:\/\/kulturpoetik.germanistik.uni-saarland.de\/RomAnt\/index.php\/wp-json\/wp\/v2\/pages"}],"about":[{"href":"http:\/\/kulturpoetik.germanistik.uni-saarland.de\/RomAnt\/index.php\/wp-json\/wp\/v2\/types\/page"}],"author":[{"embeddable":true,"href":"http:\/\/kulturpoetik.germanistik.uni-saarland.de\/RomAnt\/index.php\/wp-json\/wp\/v2\/users\/1"}],"replies":[{"embeddable":true,"href":"http:\/\/kulturpoetik.germanistik.uni-saarland.de\/RomAnt\/index.php\/wp-json\/wp\/v2\/comments?post=278"}],"version-history":[{"count":3,"href":"http:\/\/kulturpoetik.germanistik.uni-saarland.de\/RomAnt\/index.php\/wp-json\/wp\/v2\/pages\/278\/revisions"}],"predecessor-version":[{"id":328,"href":"http:\/\/kulturpoetik.germanistik.uni-saarland.de\/RomAnt\/index.php\/wp-json\/wp\/v2\/pages\/278\/revisions\/328"}],"up":[{"embeddable":true,"href":"http:\/\/kulturpoetik.germanistik.uni-saarland.de\/RomAnt\/index.php\/wp-json\/wp\/v2\/pages\/450"}],"wp:attachment":[{"href":"http:\/\/kulturpoetik.germanistik.uni-saarland.de\/RomAnt\/index.php\/wp-json\/wp\/v2\/media?parent=278"}],"curies":[{"name":"wp","href":"https:\/\/api.w.org\/{rel}","templated":true}]}}