{"id":275,"date":"2015-11-10T20:49:21","date_gmt":"2015-11-10T19:49:21","guid":{"rendered":"http:\/\/kulturpoetik.germanistik.uni-saarland.de\/RomAnt\/?page_id=275"},"modified":"2015-12-14T12:14:04","modified_gmt":"2015-12-14T11:14:04","slug":"zeitschrift-fuer-die-anthropologie-1823-1826","status":"publish","type":"page","link":"http:\/\/kulturpoetik.germanistik.uni-saarland.de\/RomAnt\/index.php\/themen-der-anthropologen\/zeitschriften\/zeitschrift-fuer-die-anthropologie-1823-1826\/","title":{"rendered":"Zeitschrift f\u00fcr die Anthropologie, 1823-1826"},"content":{"rendered":"<h2>Zeitschrift f\u00fcr die Anthropologie, 1823-1826<\/h2>\n<h5>Herausgegeben von <a href=\"http:\/\/kulturpoetik.germanistik.uni-saarland.de\/RomAnt\/index.php\/anthropologen\/christian-friedrich-nasse\/\"> Friedrich Nasse<\/a><\/h5>\n<p>&nbsp;<\/p>\n<p><img loading=\"lazy\" decoding=\"async\" src=\"http:\/\/www.uni-saarland.de\/fak4\/fr41\/Engel\/Projekt\/images\/zsft03b.jpg\" alt=\"\" width=\"585\" height=\"1047\" border=\"0\" \/><\/p>\n<p>&nbsp;<\/p>\n<p>&nbsp;<\/p>\n<h5>1. Band, 1. Heft (1823):<\/h5>\n<p style=\"padding-left: 30px;\">Nasse: Die Aufgabe der Anthropologie, S.1<\/p>\n<p style=\"padding-left: 30px;\">Nasse: \u00dcber die Natur des Menschen in fr\u00fcherer Zeit, S.30<\/p>\n<p style=\"padding-left: 30px;\">Nasse: Von der Beziehung der Hauptrichtungen der Seele zu denen des Leibes, S.58<\/p>\n<p style=\"padding-left: 30px;\">Groos, Friedrich: Krankengeschichten, S.129<\/p>\n<p style=\"padding-left: 30px;\">Schneider: Krankengeschichten, nebst einigen Bemerkungen \u00fcber die Mania lactea der W\u00f6chnerinnen, S.163<\/p>\n<p style=\"padding-left: 30px;\">M\u00fcller: Bemerkungen \u00fcber die bisher ger\u00fchmtesten empirischen Mittel in psychischen Krankheiten, S.197<\/p>\n<p style=\"padding-left: 30px;\">Bird, Friedrich: \u00dcber die religi\u00f6se Melancholie, S.228<\/p>\n<p style=\"padding-left: 30px;\">von Hirsch: Psychische Krankheitsgeschichten, S.242<\/p>\n<p style=\"padding-left: 30px;\">Magendie, F.: Geschichte einer sonderbaren Nervenkrankheit, S.253<\/p>\n<h5>1. Band, 2. Heft (1823):<\/h5>\n<p style=\"padding-left: 30px;\">Nasse: \u00dcber die Bedingungen der Menschen-Verschiedenheit, S.257<\/p>\n<p style=\"padding-left: 30px;\">Grohmann: Die Stufenleiter der Natur: Instinkt, Geist, Unsterblichkeit, S.290<\/p>\n<p style=\"padding-left: 30px;\">Grohmann: Historische Gr\u00fcnde, welche den Schlu\u00df in den gerichts\u00e4rztlichen Gutachten auf die Freiheit des Willens und das Territionssystem der Todesstrafen sehr in Zweifel setzen, S.316<\/p>\n<p style=\"padding-left: 30px;\">Bird, Friedrich: \u00dcber die relativen Maa\u00dfverh\u00e4ltnisse des menschlichen K\u00f6rpers, S.330<\/p>\n<p style=\"padding-left: 30px;\">Nasse: \u00dcber den Zustand der Verwirrung in seinem Entstehen und seinem Verh\u00e4ltni\u00df zu einem guten oder b\u00f6sen Gewissen, S.369<\/p>\n<p style=\"padding-left: 30px;\">Ulrich: Bemerkungen \u00fcber die Wunderheilungen des F\u00fcrsten Hohenlohe und des Bauern Martin Michel, mit einem R\u00fcckblick auf die am Mittelrhein davon sichtbar gewordenen Wirkungen, S.397<\/p>\n<p style=\"padding-left: 30px;\">Bergmann: Beobachtungen einer krankhaften Beschaffenheit der hinteren Hirnganglien, S.412<\/p>\n<p style=\"padding-left: 30px;\">Bergmann: Krystalle im Adernetz der Hirnh\u00f6hlen bei einer Bl\u00f6dsinnigen, S.416<\/p>\n<p style=\"padding-left: 30px;\">Schneider, P.J.: Krankengeschichten von Irren nebst Bemerkungen, S.424<\/p>\n<p style=\"padding-left: 30px;\">Ruer: Fernere Nachrichten \u00fcber die Irrenanstalt zu Marsberg, nebst Bemerkungen, S.447<\/p>\n<p style=\"padding-left: 30px;\">von Hirsch: Beschreibung eines neuen Heil-Apparats f\u00fcr Geisteskranke in der Irrenheil-Anstalt zu St. Georgen bei Baireuth, S.456<\/p>\n<p style=\"padding-left: 30px;\">Gooch, Robert: Beobachtungen \u00fcber den Wahnsinn von W\u00f6chnerinnen; mitgetheilt von Gerhard von dem Busch, S.461<\/p>\n<p style=\"padding-left: 30px;\">Heusinger: Zwei Beobachtungen organischer Fehler des Gehirns bei Personen, die an der Nostalgie gestorben, S.498<\/p>\n<h5>1. Band, 3. Heft (1823):<\/h5>\n<p style=\"padding-left: 30px;\">Windischmann: \u00dcber Etwas, das der Heilkunst Noth thut, S.1<\/p>\n<p style=\"padding-left: 60px;\">1. Abschnitt: Charakteristik und Kritik der gew\u00f6hnlichen Heilkunst<\/p>\n<p style=\"padding-left: 60px;\">2. Abschnitt: Der Ursprung der Krankheit &#8211; die Ohnmacht des Menschen &#8211; die g\u00f6ttliche H\u00fclfe<\/p>\n<p style=\"padding-left: 30px;\">Gruithuisen, Franz von Paula: Von dem Verh\u00e4ltni\u00df der Naturwissenschaft zur revelationellen Dialektik, S.97<\/p>\n<p style=\"padding-left: 30px;\">Gruithuisen, Franz von Paula: \u00dcber die Th\u00e4tigkeit der Sinnesorgane in Erregung der Traumbilder, S.105<\/p>\n<p style=\"padding-left: 30px;\">Gruithuisen, Franz von Paula: \u00dcber die universelle Bedeutung der Krankheit, \u00fcber den Begriff derselben und \u00fcber ihren Verlauf, S.113<\/p>\n<p style=\"padding-left: 30px;\">Eggert, F.F.G.: Die psychische Th\u00e4tigkeit des Gehirns, S.129<\/p>\n<p style=\"padding-left: 30px;\">Romberg: Untersuchungen irrer Personen nach dem Tode, Fortsetzung, S.195<\/p>\n<p style=\"padding-left: 30px;\">Nasse: Zur Physiologie des Negerk\u00f6rpers, S.242<\/p>\n<p style=\"padding-left: 30px;\">M\u00fcller: Wiedergenesung einer Wahnsinnigen nach einer dreij\u00e4hrigen Starrsucht der Seelen\u00e4u\u00dferung, S.255<\/p>\n<p style=\"padding-left: 30px;\">Grohmann: Physiologische und psychologische Bemerkungen, S.264<\/p>\n<p style=\"padding-left: 30px;\">An.: Aus der Mittheilung eines Nachtwandlers, S.270<\/p>\n<h5>1. Band, 4. Heft (1823):<\/h5>\n<p style=\"padding-left: 30px;\">Grohmann: L\u00e4uft der Staat Gefahr, wenn er die Todesstrafen wenigstens auf einige Zeit versuchsweise suspendiert?, S.273<\/p>\n<p style=\"padding-left: 30px;\">Windischmann: \u00dcber Etwas, das der Heilkunst Noth thut, (Fortsetzung und Beschlu\u00df), S.322<\/p>\n<p style=\"padding-left: 30px;\">2. Abschnitt: Der Ursprung der Krankheit &#8211; die Ohnmacht des Menschen &#8211; die g\u00f6ttliche H\u00fclfe (Fortsetzung)<\/p>\n<p style=\"padding-left: 30px;\">3. Abschnitt: Die christliche Heilkunst<\/p>\n<p style=\"padding-left: 60px;\">a. Der nat\u00fcrliche Heilweg<\/p>\n<p style=\"padding-left: 60px;\">b. Der magnetische Heilweg und seine Gefahren<\/p>\n<p style=\"padding-left: 60px;\">c. Die Heilung durch den Glauben und das Gebet<\/p>\n<p style=\"padding-left: 60px;\">d. Warum diese Heilung nicht allgemein anerkannt sey<\/p>\n<p style=\"padding-left: 60px;\">e. Der Heilschatz der Kirche<\/p>\n<h5>2. Band, 1. Heft (1824):<\/h5>\n<p style=\"padding-left: 30px;\">Nasse: Von der Beseelung des Kindes, S.1<\/p>\n<p style=\"padding-left: 30px;\">Groos, Friedrich: \u00dcber Spontaneit\u00e4t, moralische Freiheit und Nothwendigkeit; ein abermaliger Versuch, S.23<\/p>\n<p style=\"padding-left: 30px;\">Ennemoser, J.: Zur Entwickelungsgeschichte des Menschen in psychischer Hinsicht, S.95<\/p>\n<p style=\"padding-left: 30px;\">Groos, Friedrich: Bemerkungen \u00fcber Bertrand&#8217;s Werk \u00fcber den Somnambulismus, S.115<\/p>\n<p style=\"padding-left: 30px;\">Vogt: Beobachtungen eines Falls von tobs\u00fcchtigem Wahnsinn mit einer merkw\u00fcrdigen Sch\u00e4delver\u00e4nderung, S.155<\/p>\n<p style=\"padding-left: 30px;\">Vogt: Geschichte einer L\u00e4hmung des linken Fu\u00dfes und der pl\u00f6tzlich an einem Andachtsorte eingetretenen Heilung derselben, S.170<\/p>\n<p style=\"padding-left: 30px;\">Schwarz: Geschichte eines Falles von Idiosomnambulismus, S.185<\/p>\n<p style=\"padding-left: 30px;\">von dem Busch, Gerhard (Hg.): Beobachtungen und Bemerkungen \u00fcber das Delirium tremens, aus amerikanischen Zeitschriften gesammelt, S.201<\/p>\n<p style=\"padding-left: 30px;\">Eberle, John: Fall einer Mania a potu, S.202<\/p>\n<p style=\"padding-left: 30px;\">Klapp, Joseph: \u00dcber die Krankheiten der S\u00e4ufer, S.203<\/p>\n<p style=\"padding-left: 30px;\">Drake, Daniel: Bemerkungen \u00fcber die Krankheiten der S\u00e4ufer, aus einem Briefe an Samuel Brown, S.224<\/p>\n<p style=\"padding-left: 30px;\">Flagler, Gilbert: Fall einer Manie, die durch den Genu\u00df geistiger Getr\u00e4nke erregt wurde, S.232<\/p>\n<p style=\"padding-left: 30px;\">Eberle, John: Bemerkungen, S.240<\/p>\n<p style=\"padding-left: 30px;\">Prichard, J.C.: Beobachtungen \u00fcber die Beziehung des Ged\u00e4chtnisses zum Gehirn, S.243<\/p>\n<p style=\"padding-left: 30px;\">Villerme, L.R.: Ein Fall von Irreseyn, durch die blo\u00dfe Furcht, irre zu werden, entstanden, S.251<\/p>\n<h5>2. Band, 2. Heft (1824):<\/h5>\n<p style=\"padding-left: 30px;\">Francke, Franz: \u00dcber den Antheil des K\u00f6rpers an Erzeugung psychischer Krankheitszust\u00e4nde, S.257<\/p>\n<p style=\"padding-left: 30px;\">Barkhausen, G.: Ein Fall von Somnambulismus spontaneus, S.339<\/p>\n<p style=\"padding-left: 30px;\">Engelken, H.: Nachrichten \u00fcber die Privat-Anstalt f\u00fcr Gem\u00fcthskranke zu Nothwinkel im Gebiete der freien Hansestadt Bremen, nebst Bemerkungen \u00fcber die Behandlung der dasigen Irren, S.364<\/p>\n<p style=\"padding-left: 30px;\">Grohmann: Ungl\u00fcckliches Ende einer K\u00fcnstlerinn durch Ekstase des Gef\u00fchlslebens, S.371<\/p>\n<p style=\"padding-left: 30px;\">Krimer, W.: Beitrag zur Geschichte der Todes-Ahndungen, S.374<\/p>\n<p style=\"padding-left: 30px;\">Schneider: Berichte von seltenen psychischen Krankheitsf\u00e4llen, S.384<\/p>\n<p style=\"padding-left: 30px;\">Bird, Friedrich: Beobachtungen eines periodischen Irreseyns, S.408<\/p>\n<p style=\"padding-left: 30px;\">M\u00fcller, J.: Zur Physiologie des F\u00f6tus, S.423<\/p>\n<p style=\"padding-left: 30px;\">Bird, Friedrich: Welche Ursachen bestimmen die Sexualit\u00e4t des F\u00f6tus? Eine Hypothese, S.483<\/p>\n<p style=\"padding-left: 30px;\">An.: Aus der Mittheilung eines mit Ahnungen begabten jungen Mannes, S.496<\/p>\n<p style=\"padding-left: 30px;\">An.: Aus der Selbstbeobachtung eines am Alp Leidenden, S.498<\/p>\n<p style=\"padding-left: 30px;\">An.: Ein Fall von Stimmlosigkeit, aus Selbstbeobachtung mitgetheilt, S.499<\/p>\n<h5>2. Band, 3. Heft (1824):<\/h5>\n<p style=\"padding-left: 30px;\">Grohmann: Anthropologie des alten und neuen Testaments, S.1<\/p>\n<p style=\"padding-left: 30px;\">Wei\u00df: Nacherinnerungen zu des Herrn Windischmann Vorerinnerungen zu seiner Abhandlung: \u00dcber Etwas, das der Heilkunst Noth thut, S.124<\/p>\n<p style=\"padding-left: 30px;\">Windischmann: Bemerkungen zu den Nacherinnerungen des Herrn Wei\u00df, S.146<\/p>\n<p style=\"padding-left: 30px;\">Wei\u00df, C.: Antwort auf die vorstehenden Bemerkungen des Herrn Windischmann, S.153<\/p>\n<p style=\"padding-left: 30px;\">Eitner: Anthropologische Untersuchungen, S.182<\/p>\n<p style=\"padding-left: 30px;\">K\u00f6nig: Ein Fall von Hyper\u00e4sthesie mit einigen Bemerkungen \u00fcber diese Krankheit, S.230<\/p>\n<p style=\"padding-left: 30px;\">Brockm\u00fcller, C.: Krankengeschichten, S.240<\/p>\n<p style=\"padding-left: 30px;\">Hopf: Cosmopolitisch-psychologische Bemerkungen, S.254<\/p>\n<h5>2. Band, 4. Heft (1824):<\/h5>\n<p style=\"padding-left: 30px;\">M\u00fcller: Ideen zur Erfahrungs-Seelenkunde, S.257<\/p>\n<p style=\"padding-left: 30px;\">G\u00fcnther: Auch einige Bemerkungen \u00fcber den Begriff der Seelenkrankheiten, S.274<\/p>\n<p style=\"padding-left: 30px;\">Groos, Friedrich: \u00dcber etwas nicht M\u00f6nchisches sondern Sokratisches, was der Heilkunst Noth thut, S.284<\/p>\n<p style=\"padding-left: 30px;\">G\u00fcnther: \u00dcber das angebliche Verm\u00f6gen der Somnambulen, ihre Heilmittel zu bestimmen; und in die Zukunft zu sehen, S.312<\/p>\n<p style=\"padding-left: 30px;\">Amelung, F.: Kurze Nachricht von dem Hospitale und Irrenhause Hofheim im Gro\u00dfherzogthum Hessen, nebst beigef\u00fcgten Krankengeschichten, S.321<\/p>\n<p style=\"padding-left: 30px;\">Eggert, F.F.G.: \u00dcber das Wesen der miasmatischen Wasserscheu, S.358<\/p>\n<p style=\"padding-left: 30px;\">Grohmann: Zur vergleichenden Psychologie, S.391<\/p>\n<p style=\"padding-left: 30px;\">K\u00f6nig: \u00dcber die Ver\u00e4nderungen des Baues und der Verrichtungen des menschlichen K\u00f6rpers im hohen Alter, S.402<\/p>\n<p style=\"padding-left: 30px;\">M\u00fcller: Zwei F\u00e4lle von psychischer Krankheit, S.450<\/p>\n<p style=\"padding-left: 30px;\">Bird, F.: Beobachtungen \u00fcber abnorme psychische Zust\u00e4nde, nebst Bemerkungen und Beobachtungen aus dem Gebiete der Physiologie, S.462<\/p>\n<p style=\"padding-left: 30px;\">Groos, Friedrich: Falret&#8217;s Versuch \u00fcber den Selbstmord; im Wesentlichen dargestellt und beurtheilt, S.468<\/p>\n<h5>3. Band, 1. Heft (1825):<\/h5>\n<p style=\"padding-left: 30px;\">Nasse: Die Geister im Menschen, S.1<\/p>\n<p style=\"padding-left: 30px;\">von Hirsch: Einige R\u00fcckblicke auf die Urtheile der Vorzeit \u00fcber Seelenkunde, S.16<\/p>\n<p style=\"padding-left: 30px;\">Nasse: \u00dcber das gegenseitige Verh\u00e4ltni\u00df der durch Erinnerungen verkn\u00fcpften Zust\u00e4nde, S.24<\/p>\n<p style=\"padding-left: 30px;\">Starck, C.W.: \u00dcber die Annahme eines eigenen Gef\u00fchlsverm\u00f6gens nebst einem Versuch, die Gef\u00fchle in verschiedenen Grundarten nach einem wissenschaftlichen Princip zu ordnen, S.32<\/p>\n<p style=\"padding-left: 30px;\">Michaelis, C.F.: \u00dcber den Einflu\u00df der physischen Stimmung auf sittliches Verhalten und \u00fcber die Hypochondrie, S.64<\/p>\n<p style=\"padding-left: 30px;\">Nasse: Von dem psychischen Ursprung der Gifte, S.70<\/p>\n<p style=\"padding-left: 30px;\">Schindler: \u00dcber die rabdomantischen Pendelschwingungen, S.79<\/p>\n<p style=\"padding-left: 30px;\">Nasse: \u00dcber das Verh\u00e4ltni\u00df zwischen Schmerz und Irreseyn, S.112<\/p>\n<p style=\"padding-left: 30px;\">Bergmann: Anatomisch-pathologische Untersuchungen \u00fcber Hirnwassersucht, Drehkrankheit der Schaafe und dieser \u00e4hnliche Erscheinungen bei Menschen, S.126<\/p>\n<p style=\"padding-left: 30px;\">G\u00fcnther: Einige Beobachtungen \u00fcber das Delirium tremens, S.180<\/p>\n<p style=\"padding-left: 30px;\">An.: Aus der Selbstbeobachtung eines Scheintodten, S.188<\/p>\n<p style=\"padding-left: 30px;\">An.: Phantasien in einem epileptischen Anfalle, S.190<\/p>\n<p style=\"padding-left: 30px;\">Anzeige, S.192<\/p>\n<h5>3. Band, 2. Heft (1825):<\/h5>\n<p style=\"padding-left: 30px;\">Gruithuisen, Franz von Paula: Philosophische Reflexionen \u00fcber die naturgesetzlichen Mutabilit\u00e4tsverh\u00e4ltnisse verst\u00e4ndiger Wesen auf dem Monde, S.193<\/p>\n<p style=\"padding-left: 30px;\">Nasse: Die Aufrichtung der Menschengestalt, S.237<\/p>\n<p style=\"padding-left: 30px;\">Nasse: Die Entwicklung der Menschengestalt zur Sch\u00f6nheit, S.255<\/p>\n<p style=\"padding-left: 30px;\">Nasse: \u00dcber das Physiologische in der F\u00e4rbung der Menschenracen, S.270<\/p>\n<p style=\"padding-left: 30px;\">Grohmann: \u00dcber die zweifelhaften Zust\u00e4nde des Gem\u00fcths; besonders in Beziehung auf ein von Clarus gef\u00e4lltes gerichts\u00e4rztliches Gutachten, S.291<\/p>\n<p style=\"padding-left: 30px;\">Grohmann: Das Seelenleben in seinen Abweichungen von dem gesunden Zustande. In Bezug auf Beneke&#8217;s Beitr\u00e4ge zur Seelenkrankheitskunde, S.338<\/p>\n<h5>3. Band, 3. Heft (1825):<\/h5>\n<p style=\"padding-left: 30px;\">Nasse: \u00dcber das Stetige in der Seelenth\u00e4tigkeit, S.1<\/p>\n<p style=\"padding-left: 30px;\">An.: Auch ein Wort \u00fcber Todes-Strafen, aus dem Gesichtspunkt der Psychologie und des Natur-Rechts, S.13<\/p>\n<p style=\"padding-left: 30px;\">Bird, Friedrich: Beobachtungen \u00fcber abnorme psychische Zust\u00e4nde, nebst Bemerkungen und Beobachtungen aus dem Gebiete der Physiologie (Fortsetzung), S.53<\/p>\n<p style=\"padding-left: 30px;\">Schmitz, J.: Beobachtungen bei der Hinrichtung zweier Verbrecher, nebst den Sektionsberichten, S.81<\/p>\n<p style=\"padding-left: 30px;\">Blasius: \u00dcber den Einflu\u00df des Willens auf Pendelschwingungen, S.118<\/p>\n<p style=\"padding-left: 30px;\">K\u00f6nig: Zwei gl\u00fccklich geheilte F\u00e4lle von Irreseyn, S.136<\/p>\n<p style=\"padding-left: 30px;\">Nasse: \u00dcber die Beseelung des F\u00f6tus, S.152<\/p>\n<p style=\"padding-left: 30px;\">Nasse: Selbstbeobachtungen, S.166<\/p>\n<p style=\"padding-left: 30px;\">Roloff: Gro\u00dfe Zerst\u00f6rung des Gehirns bei Dauer der psychischen Th\u00e4tigkeit, S.172<\/p>\n<p style=\"padding-left: 30px;\">An.: Aus der Selbstbeobachtung eines am Alp Leidenden, S.174<\/p>\n<p style=\"padding-left: 30px;\">Nasse: Zur vergleichenden Psychologie, S.177<\/p>\n<p style=\"padding-left: 30px;\">An.: Heilungen von Irren, S.183<\/p>\n<h5>3. Band, 4. Heft (1825):<\/h5>\n<p style=\"padding-left: 30px;\">Grohmann: \u00dcber religi\u00f6sen Aberglauben und Mysticismus in der Geschichte der Menschheit. Eine anthropologische Untersuchung, S.193<\/p>\n<p style=\"padding-left: 30px;\">Leupoldt, Johann Michael: Anthropologische Fragmente, S.307<\/p>\n<p style=\"padding-left: 30px;\">An.: Geschichte eines periodisch Tobs\u00fcchtigen, S.321<\/p>\n<p style=\"padding-left: 30px;\">von dem Busch, G. (Hg.): Beobachtungen und Bemerkungen \u00fcber das Delirium tremens aus amerikanischen Zeitschriften, S.336<\/p>\n<h5>4. Band, 1. Heft (1826):<\/h5>\n<p style=\"padding-left: 30px;\">Nasse: \u00dcber den Ursprung der Sprache, S.1<\/p>\n<p style=\"padding-left: 30px;\">Michaelis, C.F.: Anthropologische Mittheilungen, S.25<\/p>\n<p style=\"padding-left: 30px;\">Jacobi: Ein Beitrag zu der Lehre von den in gewissen chronischen Krankheitszust\u00e4nden erscheinenden fixen Wahnvorstellungen, S.77<\/p>\n<p style=\"padding-left: 30px;\">Bayle, A.L.J.: Neue Lehre von den Gem\u00fcthskrankheiten. Mitgetheilt von Hohnbaum, S.104<\/p>\n<p style=\"padding-left: 30px;\">Amelung, F.: \u00dcber die n\u00e4heren materiellen Bedingungen der psychischen Krankheiten: Bemerkungen, veranla\u00dft durch Bayle&#8217;s neue Lehre \u00fcber diese Krankheiten, S.150<\/p>\n<p style=\"padding-left: 30px;\">Grohmann: \u00dcber die Betsrafung der kriminellen Verbrechen in den nordamerikanischen Staaten, S.197<\/p>\n<h5>4. Band, 2. Heft (1826):<\/h5>\n<p style=\"padding-left: 30px;\">Amelung, F.: \u00dcber den Einflu\u00df der Atmosph\u00e4re auf den menschlichen K\u00f6rper und ihre R\u00fcckwirkung auf Geist und Gem\u00fcth, S.201<\/p>\n<p style=\"padding-left: 30px;\">Schindler: \u00dcber Geist, Seele und K\u00f6rper, S.229<\/p>\n<p style=\"padding-left: 30px;\">Gratarolo, W.: \u00dcber die Bestimmung der Sitten und Karaktere der Menschen nach Beschaffenheit des Gesichts und anderer Theile des K\u00f6rpers. Aus dem Latein. v. F.A. Vering, S.248<\/p>\n<p style=\"padding-left: 30px;\">M\u00fcller: Von selbst entstandener Somnambulismus, S.305<\/p>\n<p style=\"padding-left: 30px;\">Nasse: \u00dcber die richterliche Fragestellung an den Arzt zur Beurtheilung psychischer Zust\u00e4nde, S.316<\/p>\n<h5>4. Band, 3. Heft (1826):<\/h5>\n<p style=\"padding-left: 30px;\">Nasse: \u00dcber die Ver\u00e4nderung des Seelenseyns und die Ver\u00e4nderung der Seelenbeziehung, S.1<\/p>\n<p style=\"padding-left: 30px;\">G\u00fcnther: Facta zum Beweise des gro\u00dfen Einflusses des Willens und der Einbildungskraft auf den psychischen Theil des Menschen, sowohl im gesunden als im kranken Zustande, nebst einigen daraus hervorgehenden Reflexionen, S.17<\/p>\n<p style=\"padding-left: 30px;\">Lucas: \u00dcber den Hunger und die \u00fcbrigen Folgen der Entziehung von Speisen, S.29<\/p>\n<p style=\"padding-left: 30px;\">Beneke, F.E.: Worauf kommt es f\u00fcr die Vervollkommnung der Seelenkrankheitskunde an?, S.123<\/p>\n<p style=\"padding-left: 30px;\">Nasse: Zur Diagnosis des inneren K\u00f6rperzustandes der Irren, S.169<\/p>\n<h5>4. Band, 4. Heft (1826):<\/h5>\n<p style=\"padding-left: 30px;\">Nasse: Das Verh\u00e4ltni\u00df von Seele und Leib; nach Herbart&#8217;s &#8222;Psychologie als Wissenschaft&#8220;, S.189<\/p>\n<p style=\"padding-left: 30px;\">Grohmann: Einige gerichts\u00e4rztliche Er\u00f6rterungen, S.221<\/p>\n<p style=\"padding-left: 30px;\">Bird: Bemerkungen \u00fcber die Bedeutung des K\u00f6rperlichen f\u00fcr die Seelenth\u00e4tigkeit, S.257<\/p>\n<p style=\"padding-left: 30px;\">Bird: Betrachtungen \u00fcber abnorme psychische Zust\u00e4nde (Fortsetzung und Schlu\u00df), S.279<\/p>\n<p style=\"padding-left: 30px;\">Edelmann: Zwei magnetische Behandlungen, unternommen und aufgezeichnet, S.298<\/p>\n<p style=\"padding-left: 30px;\">K\u00f6nig: Ein Fall von versuchtem Selbstmord, S.328<\/p>\n<p style=\"padding-left: 30px;\">Desmoulins, A.: \u00dcber die Menschenracen im nord\u00f6stlichen Europa, im n\u00f6rdlichen und \u00f6stlichen Asien und im s\u00fcdlichen Afrika; im Auszug von von Heinsberg, S.335<\/p>\n","protected":false},"excerpt":{"rendered":"<p>Zeitschrift f\u00fcr die Anthropologie, 1823-1826 Herausgegeben von Friedrich Nasse &nbsp; &nbsp; &nbsp; 1. Band, 1. Heft (1823): Nasse: Die Aufgabe der Anthropologie, S.1 Nasse: \u00dcber die Natur des Menschen in fr\u00fcherer Zeit, S.30 Nasse: Von der Beziehung der Hauptrichtungen der Seele zu denen des Leibes, S.58 Groos, Friedrich: Krankengeschichten, S.129 Schneider: Krankengeschichten, nebst einigen Bemerkungen &hellip; <a href=\"http:\/\/kulturpoetik.germanistik.uni-saarland.de\/RomAnt\/index.php\/themen-der-anthropologen\/zeitschriften\/zeitschrift-fuer-die-anthropologie-1823-1826\/\" class=\"more-link\"><span class=\"screen-reader-text\">Zeitschrift f\u00fcr die Anthropologie, 1823-1826<\/span> weiterlesen <span class=\"meta-nav\">&rarr;<\/span><\/a><\/p>\n","protected":false},"author":1,"featured_media":0,"parent":450,"menu_order":7,"comment_status":"closed","ping_status":"closed","template":"","meta":{"footnotes":""},"_links":{"self":[{"href":"http:\/\/kulturpoetik.germanistik.uni-saarland.de\/RomAnt\/index.php\/wp-json\/wp\/v2\/pages\/275"}],"collection":[{"href":"http:\/\/kulturpoetik.germanistik.uni-saarland.de\/RomAnt\/index.php\/wp-json\/wp\/v2\/pages"}],"about":[{"href":"http:\/\/kulturpoetik.germanistik.uni-saarland.de\/RomAnt\/index.php\/wp-json\/wp\/v2\/types\/page"}],"author":[{"embeddable":true,"href":"http:\/\/kulturpoetik.germanistik.uni-saarland.de\/RomAnt\/index.php\/wp-json\/wp\/v2\/users\/1"}],"replies":[{"embeddable":true,"href":"http:\/\/kulturpoetik.germanistik.uni-saarland.de\/RomAnt\/index.php\/wp-json\/wp\/v2\/comments?post=275"}],"version-history":[{"count":5,"href":"http:\/\/kulturpoetik.germanistik.uni-saarland.de\/RomAnt\/index.php\/wp-json\/wp\/v2\/pages\/275\/revisions"}],"predecessor-version":[{"id":305,"href":"http:\/\/kulturpoetik.germanistik.uni-saarland.de\/RomAnt\/index.php\/wp-json\/wp\/v2\/pages\/275\/revisions\/305"}],"up":[{"embeddable":true,"href":"http:\/\/kulturpoetik.germanistik.uni-saarland.de\/RomAnt\/index.php\/wp-json\/wp\/v2\/pages\/450"}],"wp:attachment":[{"href":"http:\/\/kulturpoetik.germanistik.uni-saarland.de\/RomAnt\/index.php\/wp-json\/wp\/v2\/media?parent=275"}],"curies":[{"name":"wp","href":"https:\/\/api.w.org\/{rel}","templated":true}]}}