{"id":268,"date":"2015-11-10T20:45:44","date_gmt":"2015-11-10T19:45:44","guid":{"rendered":"http:\/\/kulturpoetik.germanistik.uni-saarland.de\/RomAnt\/?page_id=268"},"modified":"2015-12-14T12:12:01","modified_gmt":"2015-12-14T11:12:01","slug":"zeitschrift-fuer-psychische-aerzte-mit-besonderer-beruecksichtigung-des-magnetismus-1818-1822","status":"publish","type":"page","link":"http:\/\/kulturpoetik.germanistik.uni-saarland.de\/RomAnt\/index.php\/themen-der-anthropologen\/zeitschriften\/zeitschrift-fuer-psychische-aerzte-mit-besonderer-beruecksichtigung-des-magnetismus-1818-1822\/","title":{"rendered":"Zeitschrift f\u00fcr psychische \u00c4rzte mit besonderer Ber\u00fccksichtigung des Magnetismus, 1818-1822"},"content":{"rendered":"<h2>Zeitschrift f\u00fcr psychische Aerzte, 1818-1822<\/h2>\n<h5>Herausgegeben von <a href=\"http:\/\/kulturpoetik.germanistik.uni-saarland.de\/RomAnt\/index.php\/anthropologen\/christian-friedrich-nasse\/\"> Friedrich Nasse<\/a><\/h5>\n<p>&nbsp;<\/p>\n<p><img loading=\"lazy\" decoding=\"async\" src=\"http:\/\/www.uni-saarland.de\/fak4\/fr41\/Engel\/Projekt\/images\/zsft03a.jpg\" alt=\"\" width=\"616\" height=\"1086\" border=\"0\" \/><\/p>\n<p>&nbsp;<\/p>\n<p>&nbsp;<\/p>\n<h5>1. Band, 1. Heft (1818):<\/h5>\n<p style=\"padding-left: 30px;\">[Nasse]: Vorbericht, S.1<\/p>\n<p style=\"padding-left: 30px;\">Nasse: \u00dcber die Benennung und die vorl\u00e4ufige Eintheilung des psychischen Krankseyns, S.17<\/p>\n<p style=\"padding-left: 30px;\">Nasse: Von der psychischen Beziehung des Herzens, S.49<\/p>\n<p style=\"padding-left: 30px;\">Pienitz: Resultat der Heil- und Verpflegungsanstalt auf dem Sonnenstein, in dem Verlaufe dreier Jahre, vom 1sten Januar 1814 bis Ende des Jahres 1816, S.117<\/p>\n<p style=\"padding-left: 30px;\">Nasse: \u00dcber die Abh\u00e4ngigkeit oder Unabh\u00e4ngigkeit des Irreseyns von einem vorausgegangenen k\u00f6rperlichen Krankheitszustande, S.128<\/p>\n<p style=\"padding-left: 30px;\">[Haslam, J.]: Auszug aus Haslam&#8217;s Illustrations, S.141<\/p>\n<h5>1. Band, 2. Heft (1818):<\/h5>\n<p style=\"padding-left: 30px;\">Sprengel, Kurt: \u00dcber Plato&#8217;s Lehre von den Geisteszerr\u00fcttungen, S.159<\/p>\n<p style=\"padding-left: 30px;\">Grohmann: Psychologie der Verbrecher aus Geisteskrankheiten oder Desorganisationen, S.174<\/p>\n<p style=\"padding-left: 30px;\">Horn: Gutachten \u00fcber den zweifelhaften Gem\u00fcthszustand eines wegen grober Veruntreuung u.s.w. zur Festungsstrafe verurtheilten Civilbeamten, S.201<\/p>\n<p style=\"padding-left: 30px;\">Horn: Beschreibung der in der Irrenanstalt des K\u00f6niglichen Charit\u00e9krankenhauses zu Berlin gebr\u00e4uchlichen Drehmaschinen, ihrer Wirkung und Anwendung bei Geisteskranken, S.219<\/p>\n<p style=\"padding-left: 30px;\">Heinroth, J.C.A.: Krankheitsberichte, S.231<\/p>\n<p style=\"padding-left: 30px;\">Cornish, J.: Merkw\u00fcrdige Mittheilung eines aufgeregten Seelen- und K\u00f6rperzustandes bei den Einwohnern verschiedener St\u00e4dte von Cornwallis, S.255<\/p>\n<p style=\"padding-left: 30px;\">McDonald, J.: Bemerkungen \u00fcber diesen Aufsatz<\/p>\n<p style=\"padding-left: 30px;\">Alderson, J.: \u00dcber Geistererscheinungen, S.274<\/p>\n<p style=\"padding-left: 30px;\">Cuvier, Friedrich: Beobachtungen \u00fcber die Verstandesf\u00e4higkeiten eines Orangutans, S.291<\/p>\n<h5>1. Band, 3. Heft (1818):<\/h5>\n<p style=\"padding-left: 30px;\">Hohnbaum, C.: \u00dcber die poetische Ekstase im fieberhaften Irreseyn, S.311<\/p>\n<p style=\"padding-left: 30px;\">Hayner: \u00dcber einige mechanische Vorrichtungen, welche in Irrenanstalten mit Nutzen gebraucht werden k\u00f6nnen, S.339<\/p>\n<p style=\"padding-left: 30px;\">Vering, A.M.: Allgemeine Reflexionen \u00fcber die Beziehung des organischen Sinnes zu dem Gem\u00fcthe, S.367<\/p>\n<p style=\"padding-left: 30px;\">Pienitz: Jahresbericht \u00fcber die Irrenanstalt auf dem Sonnenstein, nebst einigen Krankheitsgeschichten, S.386<\/p>\n<p style=\"padding-left: 30px;\">Haindorf, Alexander: Ein von selbst entstandener Speichelflu\u00df hebt eine Schwermuth, gegen welche, w\u00e4hrend des Zeitraums von einem Jahre, viele andere Mittel fruchtlos angewandt wurden, S.394<\/p>\n<p style=\"padding-left: 30px;\">Nasse: \u00dcber die Abh\u00e4ngigkeit oder Unabh\u00e4ngigkeit des Irreseyns von einem vorausgegangenen k\u00f6rperlichen Krankheitszustande, S.409<\/p>\n<p style=\"padding-left: 30px;\">Cornish, J.: Erwiederung auf Hrn. McDonald&#8217;s Bemerkungen \u00fcber eine Zuckungsepidemie in Cornwallis, S.457<\/p>\n<p style=\"padding-left: 30px;\">Berthollet: Ein Fall von D\u00e4monomanie, S.463<\/p>\n<h5>1. Band, 4. Heft (1818):<\/h5>\n<p style=\"padding-left: 30px;\">Grohmann: \u00dcber krankhafte Affektionen des Willens; ein Beitrag zur Beurtheilung krimineller Handlungen, S.471<\/p>\n<p style=\"padding-left: 30px;\">An.: \u00dcber die von Cornish erz\u00e4hlte Erscheinung unter den Methodisten in Cornwallis. Aus der Mittheilung eines Freundes, S.507<\/p>\n<p style=\"padding-left: 30px;\">Hayner: W\u00fcrmer in der Leber einer Wahnsinnigen; eine Krankengeschichte nebst Sektionsbericht, S.507<\/p>\n<p style=\"padding-left: 30px;\">Percival, Eduard: Von verschiedenen krankhaften Zust\u00e4nden der Unterleibseingeweide in einigen Arten des Irreseyns, und von deren Behandlungsart, S.521<\/p>\n<p style=\"padding-left: 30px;\">Powell, Richard: \u00dcber die vergleichungsweise H\u00e4ufigkeit des Irreseyns zu verschiedenen Zeiten, S.580<\/p>\n<p style=\"padding-left: 30px;\">Hastings, Karl: Ein merkw\u00fcrdiges Zusammentreffen einer regelwidrigen Bildung des Gehirns bei zwei Bl\u00f6dsinnigen mit einer ungew\u00f6hnlichen krankhaften Beschaffenheit der Unterleibseingeweide, S.600<\/p>\n<p style=\"padding-left: 30px;\">Bitte an die Vorsteher von Irrenanstalten, S.607<\/p>\n<h5>2. Band, 1. Heft (1819):<\/h5>\n<p style=\"padding-left: 30px;\">Wei\u00df, C.: \u00dcber die Verbindung zwischen Seele und K\u00f6rper, mit Beziehung auf die Krankheiten der Seele, S.1<\/p>\n<p style=\"padding-left: 30px;\">Hohnbaum, C.: Einige Worte \u00fcber das Verh\u00e4ltni\u00df von Leib und Seele, in Bezug auf Herrn Prof. Nasse&#8217;s Abhandlung: \u00dcber die Abh\u00e4ngigkeit oder Unabh\u00e4ngigkeit des Irreseyns u.s.w. [vgl. 1.3], S.31<\/p>\n<p style=\"padding-left: 30px;\">Leupoldt, J.M.: Versuch einer ganz allgemeinen Beantwortung der Frage: Wie verhalten sich somatische Krankheit, psychisches Irreseyn und S\u00fcnde zu einander?, S.56<\/p>\n<p style=\"padding-left: 30px;\">Ruer, Wilhelm: Nachrichten \u00fcber die Irrenanstalt zu Marsberg im Herzogthum Westfalen, nebst Bemerkungen \u00fcber die Behandlung der Irren, S.72<\/p>\n<p style=\"padding-left: 30px;\">Haslam, Johann: \u00dcber die psychische Behandlung der Wahnsinnigen; \u00fcbersetzt von Wagner, S.105<\/p>\n<p style=\"padding-left: 30px;\">Horn: Anmerkungen [dazu], S.149<\/p>\n<h5>2. Band, 2. Heft (1819):<\/h5>\n<p style=\"padding-left: 30px;\">Grohmann: Innere krankhafte Affektionen des Willens, welche die Unfreiheit verbrecherischer Handlungen bestimmen, dritte Fortsetzung, S.157<\/p>\n<p style=\"padding-left: 30px;\">Grohmann: Eintheilung der psychischen Krankheiten, vierte Fortsetzung, S.179<\/p>\n<p style=\"padding-left: 30px;\">Grohmann: Kotzebue&#8217;s und Sand&#8217;s ungl\u00fcckliches Ende. Psychologische Bemerkung, S.206<\/p>\n<p style=\"padding-left: 30px;\">Henke, Adolph: \u00dcber die zweifelhaften psychischen Zust\u00e4nde bei Geb\u00e4renden in Bezug auf die gerichts\u00e4rztliche Untersuchung bei Verdacht des Kindsmordes, S.219<\/p>\n<p style=\"padding-left: 30px;\">Worbe, J.F.S.: Kann eine des Diebstahls Angeklagte zu ihrer Entschuldigung ein Schwangerschaftsgel\u00fcste anf\u00fchren? Erz\u00e4hlung eines gerichtlich-medicinischen Falls, S.252<\/p>\n<p style=\"padding-left: 30px;\">Serrurier: Bemerkungen und Thatsachen \u00fcber den Einflu\u00df der Witterung auf unsern psychischen Zustand, S.264<\/p>\n<p style=\"padding-left: 30px;\">Villeneuve, A.C.L.: Anhang [dazu], S.279<\/p>\n<p style=\"padding-left: 30px;\">Pinel: Ertrag neuer Bemerkungen an den Irren der Salvatriere aus den Jahren 1812, 1813 und 1814, S.286<\/p>\n<p style=\"padding-left: 30px;\">Pinel: Ergebnisse aus Beobachtungen, zur Grundlage \u00e4rztlicher Berichte \u00fcber F\u00e4lle von Irreseyn, S.301<\/p>\n<p style=\"padding-left: 30px;\">Oackley, Eduard: Ein Fall von D\u00e4monomanie, S.316<\/p>\n<h5>2. Band, 3. Heft (1819):<\/h5>\n<p style=\"padding-left: 30px;\">Nasse: \u00dcber das Bed\u00fcrfni\u00df, da\u00df mit der Vorbereitung zu dem \u00e4rztlichen Berufe auch jedesmal die zu dem \u00e4rztlichen Gesch\u00e4ft bei psychischen Kranken verbunden sei, und \u00fcber die g\u00fcnstige Gelegenheit zu dieser Vorbereitung, S.325<\/p>\n<p style=\"padding-left: 30px;\">Berlyn, Christian: Eine langwierige psychische Krankheit, durch psychische Mittel schnell geheilt, S.363<\/p>\n<p style=\"padding-left: 30px;\">Haindorf, A.: Eine durch einen zur\u00fcckgetretenen Hautausschlag und durch sitzende und meditirende Lebensart erzeugte Hypochondrie wird gemindert durch den wohlth\u00e4tigen Einflu\u00df der Musik und Poesie, und verschwindet g\u00e4nzlich nach dem Wiedererscheinen des Ausschlages, der, durch zweckdienliche Mittel geheilt, keine Spur des \u00dcbelseyns zur\u00fcckl\u00e4\u00dft, S.375<\/p>\n<p style=\"padding-left: 30px;\">Kahleis: Der Zufall heilt eine eingewurzelte Hypochondrie, S.386<\/p>\n<p style=\"padding-left: 30px;\">Parkman, Georg: Bemerkungen \u00fcber das Irreseyn, S.396<\/p>\n<p style=\"padding-left: 30px;\">Castel: Beispiel einer Manie, die von einer chronischen Krankheit der Lungen anhing, nebst Bemerkungen \u00fcber die n\u00e4chsten Ursachen der Manie, S.421<\/p>\n<p style=\"padding-left: 30px;\">Fanzago, Franz: \u00dcber die Anwendung des Digitalis bei Irren, S.435<\/p>\n<p style=\"padding-left: 30px;\">Ballin: Eine lange Enthaltsamkeit, angeblich durch einen Engel befohlen, S.456<\/p>\n<p style=\"padding-left: 30px;\">Haslam, J.: Drei F\u00e4lle von Irreseyn bei Kindern, S.466<\/p>\n<p style=\"padding-left: 30px;\">Rostan: Beobachtung eines Falles, wo eine Frau auf einen heftigen Verdru\u00df in einer Nacht schwarz wurde, S.479<\/p>\n<p style=\"padding-left: 30px;\">An.: Von dem Irrenhause zu Avignon, S.482<\/p>\n<p style=\"padding-left: 30px;\">Hoffbauer: Analekten, S.485<\/p>\n<p style=\"padding-left: 30px;\">Wei\u00df: \u00dcber die Ursachen der Seelenkrankheit, S.509<\/p>\n<p style=\"padding-left: 30px;\">Heinroth, J.C.A.: Auch eine Rhapsodie \u00fcber das Princip der psychisch-krankhaften Zust\u00e4nde, S.545<\/p>\n<p style=\"padding-left: 30px;\">Heinroth, J.C.A.: Vierter Krankheitsbericht, S.560<\/p>\n<p style=\"padding-left: 30px;\">Sutton, Thomas: Von dem Irrereden mit Zittern (Delirium tremens), S.572<\/p>\n<h5>3. Band, 1. Heft (1820):<\/h5>\n<p style=\"padding-left: 30px;\">[Nasse]: Vorbericht, S.1<\/p>\n<p style=\"padding-left: 30px;\">Nasse: Vereintseyn von Seele und Leib oder Einsseyn?, S.6<\/p>\n<p style=\"padding-left: 30px;\">Grohmann: Physiologische Momente, welche die Unfreiheit des Willens in verbrecherischen Handlungen bestimmen; f\u00fcnfte und letzte Fortsetzung, S.23<\/p>\n<p style=\"padding-left: 30px;\">Ennemoser: Beitr\u00e4ge zur Seelenkunde der Thiere, S.49<\/p>\n<p style=\"padding-left: 30px;\">Nasse: \u00dcber die psychische Beziehung des Athmens, S.101<\/p>\n<p style=\"padding-left: 30px;\">Vering, A.M.: Beobachtungen \u00fcber Irre, S.125<\/p>\n<p style=\"padding-left: 30px;\">Ulrich: Gl\u00fcckliche Heilung einiger Wahnsinnigen durch ganz einfache Mittel, S.143<\/p>\n<p style=\"padding-left: 30px;\">Graff, C.: Fieberloses Irrereden mit Zittern, S.156<\/p>\n<p style=\"padding-left: 30px;\">Nasse: Vom Irreseyn der Thiere, S.170<\/p>\n<h5>3. Band, 2. Heft (1820):<\/h5>\n<p style=\"padding-left: 30px;\">Schiller, Friedrich: Akademische Streitschrift \u00fcber den Zusammenhang der thierischen Natur des Menschen mit seiner geistigen, [hg. u. eingel. v. Romberg], S.225<\/p>\n<p style=\"padding-left: 30px;\">Grohmann: Physiologie des menschlichen Geistes nach allgemeinen Naturgesetzen, S.284<\/p>\n<p style=\"padding-left: 30px;\">Schneider: Krankheitsgeschichten, S.353<\/p>\n<p style=\"padding-left: 30px;\">Hohnbaum: Irreseyn in T\u00f6nen, S.384<\/p>\n<p style=\"padding-left: 30px;\">Weber: Beobachtungen an Verstorbenen aus der Zucht-Anstalt zu M\u00fcnchen, Krankheiten des Herzens und der gro\u00dfen Gef\u00e4sse betreffend, S.396<\/p>\n<p style=\"padding-left: 30px;\">Nasse: Ein magnetisches Erzeugni\u00df der b\u00f6sen Art, S.400<\/p>\n<h5>3. Band, 3. Heft (1820):<\/h5>\n<p style=\"padding-left: 30px;\">Grohmann: Physiologie des menschlichen Geistes, nach allgemeinen Naturgesetzen (Fortsetzung und Beschlu\u00df), S.449<\/p>\n<p style=\"padding-left: 30px;\">Hohnbaum: \u00dcber die psychische Behandlung der Trunks\u00fcchtigen, S.505<\/p>\n<p style=\"padding-left: 30px;\">Cle\u00df: Vergleichung des anatomischen Baues eines M\u00f6rders mit dessen Gem\u00fcths-Zustande, [hg. u. eingel. v. Hohnbaum], S.544<\/p>\n<p style=\"padding-left: 30px;\">Esquirol: Leichen\u00f6ffnungen von Irren, wo der Quergrimmdarm senkrecht und dessen linkes Ende hinter den Scaambeinen lag, S.587<\/p>\n<p style=\"padding-left: 30px;\">Comstock: Ein Fall von einer sehr sonderbaren Nervenkrankheit, durch den Bi\u00df einer Tarantel verursacht, S.609<\/p>\n<p style=\"padding-left: 30px;\">Esquirol: Beobachtungen \u00fcber das Irreseyn in Folge der Niederkunft, S.629<\/p>\n<p style=\"padding-left: 30px;\">Haldat: Von einem seit dem Mittelalter in der Gemeinde Bonnet im Maasdepartement befolgten Verfahren, Irre zu behandeln, S.649<\/p>\n<p style=\"padding-left: 30px;\">Laurent: Ein ganzes Bataillon auf einmal vom Alp befallen, S.673<\/p>\n<p style=\"padding-left: 30px;\">Tuke: Vollkommener Bl\u00f6dsinn, w\u00e4hrend eines Fiebers v\u00f6llig aufgehoben, S.677<\/p>\n<p style=\"padding-left: 30px;\">Ennemoser: Beitr\u00e4ge zur Seelenkunde der Thier (Fortsetzung), S.679<\/p>\n<p style=\"padding-left: 30px;\">Velten, A.A.: Geschichte einer Manie, worin die Blaus\u00e4ure auffallend gute Wirkung that, S.709<\/p>\n<p style=\"padding-left: 30px;\">Ruer, W.: \u00dcbersicht \u00fcber die in der Irrenanstalt zu Marsberg im Jahr 1819 behandelten Kranken, nebst beigef\u00fcgten Bemerkungen und Krankengeschichten, S.725<\/p>\n<p style=\"padding-left: 30px;\">Wesermann, H.W.: \u00dcber Traumbildungen und Magnetismus, S.757<\/p>\n<p style=\"padding-left: 30px;\">Bird, F.: Merkw\u00fcrdiger Traum und Sehen von Phantasmen, S.768<\/p>\n<p style=\"padding-left: 30px;\">Nasse: Ein magnetisches Erzeugni\u00df der b\u00f6sen Art (Beschlu\u00df), S.778<\/p>\n<p style=\"padding-left: 30px;\">Burrows, G.M.: Ist die Religion eine Ursache oder eine Wirkung des Wahnsinns, S.793<\/p>\n<p style=\"padding-left: 30px;\">Burrows, G.M.: Von der Wirksamkeit des Religionsunterrichts bei Irren, S.838<\/p>\n<p style=\"padding-left: 30px;\">Wood, Kinder: Geschichte eines Falles von Veitstanz bei einer Erwachsenen und der Heilung desselben auf eine ungew\u00f6hnliche Weise, S.848<\/p>\n<p style=\"padding-left: 30px;\">Roux, G.: Geschichte eines Bl\u00f6dsinns aus psychischen Ursachen, S.869<\/p>\n<p style=\"padding-left: 30px;\">Larrey: Psychische Folgen zweier Verletzungen, einer Kopf- und einer Bauchwunde, S.878<\/p>\n<p style=\"padding-left: 30px;\">An.: Zur Behandlung des Irreseyns im Fieber, S.884<\/p>\n<h5>4. Band, 1. Heft (1821):<\/h5>\n<p style=\"padding-left: 30px;\">Hohnbaum: \u00dcber den Glauben an Unsterblichkeit in Bezug auf die Seelenkunde, S.1<\/p>\n<p style=\"padding-left: 30px;\">Nasse: Bemerkungen zu dem vorstehenden Aufsatze, S.43<\/p>\n<p style=\"padding-left: 30px;\">Grohmann: Beobachtungen \u00fcber den animalen Magnetismus, und welches wohl das in demselben vorz\u00fcglich bedingte oder bedingende Agens sey, S.72<\/p>\n<p style=\"padding-left: 30px;\">d&#8217;Outrepont, Ein Beitrag zur Geschichte der W\u00fcnschelruthe, S.94<\/p>\n<p style=\"padding-left: 30px;\">Romberg: Beitrag zur Lehre von der psychischen Beziehung des Herzens, S.110<\/p>\n<p style=\"padding-left: 30px;\">Tendering: Delirium tremens in Verbindung mit einem Nervenfieber, S.141<\/p>\n<p style=\"padding-left: 30px;\">Nasse: Irrengeschichten, S.154<\/p>\n<p style=\"padding-left: 30px;\">Valentin: Beobachtungen \u00fcber die Wirkung des gl\u00fchenden Eisens zur Heilung des Irreseyns, S.174<\/p>\n<p style=\"padding-left: 30px;\">Chamberet: Verlust des Ged\u00e4chtnisses f\u00fcr die Hauptw\u00f6rter in Folge eines Wechselfiebers, S.195<\/p>\n<p style=\"padding-left: 30px;\">Chailly: Ein zweiter Fall von betr\u00e4chtlicher Abnahme des Ged\u00e4chtnisses mit Vergessen der Hauptw\u00f6rter, S.200<\/p>\n<p style=\"padding-left: 30px;\">An.: Ein Fall von Irreseyn bei einer Kindbetterinn nebst dem Berichte von der Leichen\u00f6ffnung, S.211<\/p>\n<p style=\"padding-left: 30px;\">Pinel: \u00dcber die ungew\u00f6hnliche Entwickelung des grossen sympathischen Nerven in den Leichen von Bl\u00f6dsinnigen, S.215<\/p>\n<p style=\"padding-left: 30px;\">An.: Ein Fall von Melancholie und Manie mit gl\u00fccklichem Ausgang, S.221<\/p>\n<p style=\"padding-left: 30px;\">Legrand: \u00dcber die Behandlung der Irren in der Levante, S.223<\/p>\n<h5>4. Band, 2. Heft (1821):<\/h5>\n<p style=\"padding-left: 30px;\">Krimer: Wohlth\u00e4tige Wirkung des Magnetismus in einem Falle von organischem Herzleiden, S.1<\/p>\n<p style=\"padding-left: 30px;\">Krimer: Einige Beobachtungen und Bemerkungen \u00fcber die Anwendung des Magnetismus bei Kindern, S.43<\/p>\n<p style=\"padding-left: 30px;\">Gerecke; Ein Fall von nat\u00fcrlichem Somnambulismus, S.59<\/p>\n<p style=\"padding-left: 30px;\">Nasse: Ein Fall mit raschem und h\u00e4ufigem Wechsel von Hellsehen und Irreseyn, S.76<\/p>\n<p style=\"padding-left: 30px;\">Grohmann: Das Princip des animalen Magnetismus ist die mit dem Schlafe und dem ven\u00f6sen System gesetzte Lichtentbindung des Cerebrallebens; ein Versuch der Erkl\u00e4rung, S.90<\/p>\n<p style=\"padding-left: 30px;\">Grohmann: Wunderbare Erz\u00e4hlungen, S.111<\/p>\n<p style=\"padding-left: 30px;\">Hayner: \u00dcbersichten von dem Personal der Irren in der Verpflegungsanstalt zu Waldheim in Sachsen, S.124<\/p>\n<p style=\"padding-left: 30px;\">Hill: Krankengeschichten, S.129<\/p>\n<p style=\"padding-left: 30px;\">Esquirol: Beobachtungen \u00fcber Sinnesvorspiegelungen, S.188<\/p>\n<p style=\"padding-left: 30px;\">Cuvier, F.: Bemerkungen \u00fcber die psychischen Eigenschaften der Thiere und \u00fcber den neuholl\u00e4ndischen Hund insbesondere, S.205<\/p>\n<h5>4. Band, 3. Heft (1821):<\/h5>\n<p style=\"padding-left: 30px;\">Beneke: \u00dcber das Verh\u00e4ltni\u00df von Seele und Leib, S.1<\/p>\n<p style=\"padding-left: 30px;\">Nasse: Bemerkungen \u00fcber das Verh\u00e4ltni\u00df von Seele und Leib in Schmerz und Lust aus k\u00f6rperlicher Anregung, S.56<\/p>\n<p style=\"padding-left: 30px;\">Ennemoser: \u00dcber die Bedeutung der Sinne in psychischer Hinsicht, S.64<\/p>\n<p style=\"padding-left: 30px;\">Bergmann: \u00dcber die Verengerung der dicken Ged\u00e4rme bei Irren, S.100<\/p>\n<p style=\"padding-left: 30px;\">Eberle: Ein Versuch \u00fcber die Pathologie des Wahnsinns, der aus Ursachen entsteht, die ihren Sitz in den Organen des Unterleibes haben, und \u00fcber gewisse Krankheiten der thierischen Funktionen; mitgetheilt von von dem Busch, S.215<\/p>\n<h5>4. Band, 4. Heft (1821):<\/h5>\n<p style=\"padding-left: 30px;\">Grohmann: Psychologie oder Fortsetzung der Physiologie des menschlichen Geistes, S.1<\/p>\n<p style=\"padding-left: 30px;\">Grohmann: \u00dcber eine unerwiesene und unerweisliche Voraussetzung der gerichtlichen Medizin, S.54<\/p>\n<p style=\"padding-left: 30px;\">von Hirsch: Einige Grunds\u00e4tze der Psychonomie, als Basis der psychischen Heilkunde, S.75<\/p>\n<p style=\"padding-left: 30px;\">Nasse: Wohin mit unseren Irren? Ein Vorschlag, S.101<\/p>\n<p style=\"padding-left: 30px;\">Grohmann: Wunderbare Erz\u00e4hlungen, Fortsetzung und Beschlu\u00df, S.107<\/p>\n<p style=\"padding-left: 30px;\">Groos: Zwei Beobachtungen \u00fcber die Wirkung des gl\u00fchenden Eisens bei Rasenden, S.119<\/p>\n<p style=\"padding-left: 30px;\">Wolff, H.: Eine periodische Melancholie, S.124<\/p>\n<p style=\"padding-left: 30px;\">Wesermann: \u00dcber Traumbildungen; aus einem Schreiben an den Herausgeber, S.131<\/p>\n<p style=\"padding-left: 30px;\">Grohmann: Letzter Brief von Friedrich Stap\u00df, S.135<\/p>\n<p style=\"padding-left: 30px;\">Pinel, Scipio: Untersuchungen \u00fcber einige Verh\u00e4ltnisse des Irreseyns, S.141<\/p>\n<p style=\"padding-left: 30px;\">Armstrong, J.: \u00dcber Manie und Melancholie, S.197<\/p>\n<h5>5. Band, 1. Heft (1822):<\/h5>\n<p style=\"padding-left: 30px;\">Nasse: Grundz\u00fcge der Lehre von dem Verh\u00e4ltni\u00df zwischen Seele und Leib in Gesundheit und Krankheit, S.1<\/p>\n<p style=\"padding-left: 30px;\">Nasse: \u00dcber die Verr\u00fccktheit in psychisch-niederen Theilen, S.36<\/p>\n<p style=\"padding-left: 30px;\">Nasse: \u00dcber die psychische Beziehung des Blutes, S.91<\/p>\n<p style=\"padding-left: 30px;\">von Hirsch: Oikographie der Irrenheilanstalt zu St Georgen bei Baireuth, S.108<\/p>\n<p style=\"padding-left: 30px;\">Romberg: Untersuchungen irrer Personen nach dem Tode, S.124<\/p>\n<p style=\"padding-left: 30px;\">Spiritus: Krankengeschichten, S.179<\/p>\n<h5>5. Band, 2. Heft (1822):<\/h5>\n<p style=\"padding-left: 30px;\">Beneke: \u00dcber die M\u00f6glichkeit einer Physik der Seele, S.1<\/p>\n<p style=\"padding-left: 30px;\">Groos: Einige Resultate aus der \u00e4rztlichen Tabelle f\u00fcr das Jahr 1820 von der Irren- und Siechenanstalt zu Pforzheim, S.57<\/p>\n<p style=\"padding-left: 30px;\">Hayner: Von der Verpflegungsanstalt zu Waldheim in Sachsen, S.89<\/p>\n<p style=\"padding-left: 30px;\">M\u00fcller: Psychische Krankheitsgeschichten, S.139<\/p>\n<p style=\"padding-left: 30px;\">Larrey, J.: \u00dcber den Sitz und die Folgen der Heimwehkrankheit, nebst einigen Bemerkungen \u00fcber die von selbst oder auch von mechanisch wirkenden Ursachen entstehenden partiellen Gehirnverletzungen, S.153<\/p>\n<p style=\"padding-left: 30px;\">Yelloly, J.: Geschichte eines Falls von An\u00e4sthesie, S.203<\/p>\n<p style=\"padding-left: 30px;\">Deniel: Ein Fall von v\u00f6lliger An\u00e4sthesie der H\u00e4nde und F\u00fcsse, S.216<\/p>\n<p style=\"padding-left: 30px;\">Coxe u. Cramer: \u00dcber den Einflu\u00df der Musik auf die Maus. mitgetheilt von H. von dem Busch, S.219<\/p>\n<h5>5. Band, 3. Heft (1822):<\/h5>\n<p style=\"padding-left: 30px;\">Grohmann: \u00dcber das Gehirnleben in seiner verschiedenen organischen und psychischen Ausbildung, S.1<\/p>\n<p style=\"padding-left: 30px;\">Hohnbaum: Gegenbemerkungen zu den Bemerkungen des Professor Nasse im ersten Vierteljahrsheft dieser Zeitschrift, Jahrgang 1821, S.112<\/p>\n<p style=\"padding-left: 30px;\">Nasse: Erwiederung auf die vorstehenden Bemerkungen, S.137<\/p>\n<p style=\"padding-left: 30px;\">Nasse: Keine Irren in die klinischen Anstalten?, S.172<\/p>\n<p style=\"padding-left: 30px;\">Richard, C.Th.: Krankengeschichten und Bemerkungen \u00fcber die Manie, S.202<\/p>\n<h5>5. Band, 4. Heft (1822):<\/h5>\n<p style=\"padding-left: 30px;\">Beneke, F.E.: \u00dcber den Begriff der Seelenkrankheit und seine Begr\u00e4nzung gegen die ihm verwandten, S.1<\/p>\n<p style=\"padding-left: 30px;\">Groos, Friedrich: \u00dcber den Ursprung und das Wesen der fixen Ideen, S.71<\/p>\n<p style=\"padding-left: 30px;\">Richard, C.Th.: Krankengeschichten und Bemerkungen \u00fcber die Manie (Beschlu\u00df), S.113<\/p>\n<p style=\"padding-left: 30px;\">Vering, A.M.: Beobachtungen \u00fcber Irre (Fortsetzung), S.153<\/p>\n<p style=\"padding-left: 30px;\">Hohnbaum: Zwei Beobachtungen, S.174<\/p>\n<p style=\"padding-left: 30px;\">Sarlandiere: Vergiftung durch narcotische Pflanzen mit Zuf\u00e4llen von der Art des Somnambulismus, S.200<\/p>\n<p style=\"padding-left: 30px;\">Burrows, G.M.: Ein Fall von Melancholie, vermittelst eines zuf\u00e4llig durch Quecksilber verursachten Speichelflusses geheilt, mit Bemerkungen, S.206<\/p>\n<p style=\"padding-left: 30px;\">Palmer, Shirley: \u00dcber die Wirkung des durch Quecksilber hervorgebrachten Speichelflusses, gegen die Verr\u00fccktheit, S.219<\/p>\n<p style=\"padding-left: 30px;\">Mitchil: Zwiefaches Bewu\u00dftsein; aus einem Schreiben an Rott, S.222<\/p>\n<p style=\"padding-left: 30px;\">\n","protected":false},"excerpt":{"rendered":"<p>Zeitschrift f\u00fcr psychische Aerzte, 1818-1822 Herausgegeben von Friedrich Nasse &nbsp; &nbsp; &nbsp; 1. Band, 1. Heft (1818): [Nasse]: Vorbericht, S.1 Nasse: \u00dcber die Benennung und die vorl\u00e4ufige Eintheilung des psychischen Krankseyns, S.17 Nasse: Von der psychischen Beziehung des Herzens, S.49 Pienitz: Resultat der Heil- und Verpflegungsanstalt auf dem Sonnenstein, in dem Verlaufe dreier Jahre, vom &hellip; <a href=\"http:\/\/kulturpoetik.germanistik.uni-saarland.de\/RomAnt\/index.php\/themen-der-anthropologen\/zeitschriften\/zeitschrift-fuer-psychische-aerzte-mit-besonderer-beruecksichtigung-des-magnetismus-1818-1822\/\" class=\"more-link\"><span class=\"screen-reader-text\">Zeitschrift f\u00fcr psychische \u00c4rzte mit besonderer Ber\u00fccksichtigung des Magnetismus, 1818-1822<\/span> weiterlesen <span class=\"meta-nav\">&rarr;<\/span><\/a><\/p>\n","protected":false},"author":1,"featured_media":0,"parent":450,"menu_order":6,"comment_status":"closed","ping_status":"closed","template":"","meta":{"footnotes":""},"_links":{"self":[{"href":"http:\/\/kulturpoetik.germanistik.uni-saarland.de\/RomAnt\/index.php\/wp-json\/wp\/v2\/pages\/268"}],"collection":[{"href":"http:\/\/kulturpoetik.germanistik.uni-saarland.de\/RomAnt\/index.php\/wp-json\/wp\/v2\/pages"}],"about":[{"href":"http:\/\/kulturpoetik.germanistik.uni-saarland.de\/RomAnt\/index.php\/wp-json\/wp\/v2\/types\/page"}],"author":[{"embeddable":true,"href":"http:\/\/kulturpoetik.germanistik.uni-saarland.de\/RomAnt\/index.php\/wp-json\/wp\/v2\/users\/1"}],"replies":[{"embeddable":true,"href":"http:\/\/kulturpoetik.germanistik.uni-saarland.de\/RomAnt\/index.php\/wp-json\/wp\/v2\/comments?post=268"}],"version-history":[{"count":5,"href":"http:\/\/kulturpoetik.germanistik.uni-saarland.de\/RomAnt\/index.php\/wp-json\/wp\/v2\/pages\/268\/revisions"}],"predecessor-version":[{"id":326,"href":"http:\/\/kulturpoetik.germanistik.uni-saarland.de\/RomAnt\/index.php\/wp-json\/wp\/v2\/pages\/268\/revisions\/326"}],"up":[{"embeddable":true,"href":"http:\/\/kulturpoetik.germanistik.uni-saarland.de\/RomAnt\/index.php\/wp-json\/wp\/v2\/pages\/450"}],"wp:attachment":[{"href":"http:\/\/kulturpoetik.germanistik.uni-saarland.de\/RomAnt\/index.php\/wp-json\/wp\/v2\/media?parent=268"}],"curies":[{"name":"wp","href":"https:\/\/api.w.org\/{rel}","templated":true}]}}