{"id":266,"date":"2015-11-10T20:44:00","date_gmt":"2015-11-10T19:44:00","guid":{"rendered":"http:\/\/kulturpoetik.germanistik.uni-saarland.de\/RomAnt\/?page_id=266"},"modified":"2015-12-14T12:11:31","modified_gmt":"2015-12-14T11:11:31","slug":"sphinx-neues-archiv-fuer-den-thierischen-magnetismus-und-das-nachtleben-ueberhaupt-1825-1826","status":"publish","type":"page","link":"http:\/\/kulturpoetik.germanistik.uni-saarland.de\/RomAnt\/index.php\/themen-der-anthropologen\/zeitschriften\/sphinx-neues-archiv-fuer-den-thierischen-magnetismus-und-das-nachtleben-ueberhaupt-1825-1826\/","title":{"rendered":"Sphinx. Neues Archiv f\u00fcr den Thierischen Magnetismus und das Nachtleben \u00fcberhaupt, 1825-1826"},"content":{"rendered":"<h2>Sphinx. Neues Archiv f\u00fcr den Thierischen Magnetismus, 1825-1826<\/h2>\n<h5>Herausgegeben von <a href=\"http:\/\/kulturpoetik.germanistik.uni-saarland.de\/RomAnt\/index.php\/anthropologen\/dietrich-georg-von-kieser\/\"> Dietrich Georg Kieser<\/a><\/h5>\n<p>&nbsp;<\/p>\n<p><img loading=\"lazy\" decoding=\"async\" src=\"http:\/\/www.uni-saarland.de\/fak4\/fr41\/Engel\/Projekt\/images\/zsft02b.jpg\" alt=\"\" width=\"611\" height=\"1068\" border=\"0\" \/><\/p>\n<p>&nbsp;<\/p>\n<h5>1. Band, 1. Heft (1825):<\/h5>\n<p style=\"padding-left: 30px;\">Kieser, D.G.: Plan und Ank\u00fcndigung. R\u00fcckblick auf die bisher erschienenen zw\u00f6lf B\u00e4nde des Archivs f\u00fcr den tierischen Magnetismus, S.1<\/p>\n<p style=\"padding-left: 30px;\">Kieser, D.G.: Desideranda in der Lehre des Tellurismus oder thierischen Magnetismus, S.41<\/p>\n<p style=\"padding-left: 30px;\">Kieser, D.G.: Die Kraft des Glaubens, dargestellt in den Wundern der ersten Jesuiten, und physiologisch erl\u00e4utert, S.77<\/p>\n<p style=\"padding-left: 30px;\">Vorerinnerung<\/p>\n<p style=\"padding-left: 30px;\">Wunderwerke der ersten Jesuiten, ausgezogen aus Nicolao Orlandino: Historia Societatis Jesu etc., K\u00f6ln 1685<\/p>\n<p style=\"padding-left: 30px;\">Kritiken erschienener Schriften \u00fcber den tierischen Magnetismus<\/p>\n<p style=\"padding-left: 30px;\">Kieser: Wilbrand, J.B., Darstellung des thierischen Magnetismus, als einer in den Gesetzen der Natur vollkommen gegr\u00fcndeten Erscheinung, Frankfurt a.M. 1824, S.131<\/p>\n<p style=\"padding-left: 30px;\">Neue Schriften \u00fcber den thierischen Magnetismus und \u00fcber verwandte Gegenst\u00e4nde, S.163<\/p>\n<h5>1. Band, 2. Heft (1826):<\/h5>\n<p style=\"padding-left: 30px;\">Kieser, D.G.: Die Kraft des Glaubens, dargestellt in den Wundern der ersten Jesuiten, und physiologisch erl\u00e4utert, S.1<\/p>\n<p style=\"padding-left: 30px;\">[Fortsetzung und Anhang mit Texten aus J. Acosta, De rebus indicis Commentarius, K\u00f6ln 1574 und H. Tursellini, De vita Fr. Xaverii etc., L\u00f6wen 1597]<\/p>\n<p style=\"padding-left: 30px;\">Meier: Fortgesetzte Erfahrungen und Bemerkungen im Gebiete des Magnetismus, S.71<\/p>\n<p style=\"padding-left: 30px;\">Geschichte einer magnetisch-behandelten, an Krampf- und Starrsucht, mit alienirtem Gem\u00fcthszustand, leidenden M\u00e4dchens<\/p>\n<p style=\"padding-left: 30px;\">Starr- und Krampfsucht mit Verz\u00fcckung, durch Magnetismus geheilt<\/p>\n<p style=\"padding-left: 30px;\">Beobachtungen \u00fcber die Wirkung des siderischen, nicht magnetisirten Baquets, in Nervenkrankheiten [d.i. &#8222;Chorea St. Viti&#8220; und &#8222;Catalepsis&#8220;]<\/p>\n<p style=\"padding-left: 30px;\">Herabgesetzter Preis des Archivs f\u00fcr den thierischen Magnetismus und des Systems des Tellurismus oder thierischen Magnetismus, S.159<\/p>\n<p style=\"padding-left: 30px;\">\n","protected":false},"excerpt":{"rendered":"<p>Sphinx. Neues Archiv f\u00fcr den Thierischen Magnetismus, 1825-1826 Herausgegeben von Dietrich Georg Kieser &nbsp; &nbsp; 1. Band, 1. Heft (1825): Kieser, D.G.: Plan und Ank\u00fcndigung. R\u00fcckblick auf die bisher erschienenen zw\u00f6lf B\u00e4nde des Archivs f\u00fcr den tierischen Magnetismus, S.1 Kieser, D.G.: Desideranda in der Lehre des Tellurismus oder thierischen Magnetismus, S.41 Kieser, D.G.: Die Kraft &hellip; <a href=\"http:\/\/kulturpoetik.germanistik.uni-saarland.de\/RomAnt\/index.php\/themen-der-anthropologen\/zeitschriften\/sphinx-neues-archiv-fuer-den-thierischen-magnetismus-und-das-nachtleben-ueberhaupt-1825-1826\/\" class=\"more-link\"><span class=\"screen-reader-text\">Sphinx. Neues Archiv f\u00fcr den Thierischen Magnetismus und das Nachtleben \u00fcberhaupt, 1825-1826<\/span> weiterlesen <span class=\"meta-nav\">&rarr;<\/span><\/a><\/p>\n","protected":false},"author":1,"featured_media":0,"parent":450,"menu_order":5,"comment_status":"closed","ping_status":"closed","template":"","meta":{"footnotes":""},"_links":{"self":[{"href":"http:\/\/kulturpoetik.germanistik.uni-saarland.de\/RomAnt\/index.php\/wp-json\/wp\/v2\/pages\/266"}],"collection":[{"href":"http:\/\/kulturpoetik.germanistik.uni-saarland.de\/RomAnt\/index.php\/wp-json\/wp\/v2\/pages"}],"about":[{"href":"http:\/\/kulturpoetik.germanistik.uni-saarland.de\/RomAnt\/index.php\/wp-json\/wp\/v2\/types\/page"}],"author":[{"embeddable":true,"href":"http:\/\/kulturpoetik.germanistik.uni-saarland.de\/RomAnt\/index.php\/wp-json\/wp\/v2\/users\/1"}],"replies":[{"embeddable":true,"href":"http:\/\/kulturpoetik.germanistik.uni-saarland.de\/RomAnt\/index.php\/wp-json\/wp\/v2\/comments?post=266"}],"version-history":[{"count":9,"href":"http:\/\/kulturpoetik.germanistik.uni-saarland.de\/RomAnt\/index.php\/wp-json\/wp\/v2\/pages\/266\/revisions"}],"predecessor-version":[{"id":458,"href":"http:\/\/kulturpoetik.germanistik.uni-saarland.de\/RomAnt\/index.php\/wp-json\/wp\/v2\/pages\/266\/revisions\/458"}],"up":[{"embeddable":true,"href":"http:\/\/kulturpoetik.germanistik.uni-saarland.de\/RomAnt\/index.php\/wp-json\/wp\/v2\/pages\/450"}],"wp:attachment":[{"href":"http:\/\/kulturpoetik.germanistik.uni-saarland.de\/RomAnt\/index.php\/wp-json\/wp\/v2\/media?parent=266"}],"curies":[{"name":"wp","href":"https:\/\/api.w.org\/{rel}","templated":true}]}}