{"id":257,"date":"2015-11-10T19:59:17","date_gmt":"2015-11-10T18:59:17","guid":{"rendered":"http:\/\/kulturpoetik.germanistik.uni-saarland.de\/RomAnt\/?page_id=257"},"modified":"2015-12-14T12:09:21","modified_gmt":"2015-12-14T11:09:21","slug":"jahrbuecher-der-medicin-als-wissenschaft-1805-1808","status":"publish","type":"page","link":"http:\/\/kulturpoetik.germanistik.uni-saarland.de\/RomAnt\/index.php\/themen-der-anthropologen\/zeitschriften\/jahrbuecher-der-medicin-als-wissenschaft-1805-1808\/","title":{"rendered":"Jahrb\u00fccher der Medicin als Wissenschaft, 1805-1808"},"content":{"rendered":"<h2>Jahrb\u00fccher der Medicin als Wissenschaft, 1805-1808<\/h2>\n<h5>Herausgegeben von Adalbert Friedrich Marcus &amp; Friedrich Wilhelm Joseph Schelling<\/h5>\n<p>&nbsp;<\/p>\n<p><img loading=\"lazy\" decoding=\"async\" src=\"http:\/\/www.uni-saarland.de\/fak4\/fr41\/Engel\/Projekt\/images\/Zsft01.JPG\" alt=\"\" width=\"478\" height=\"874\" border=\"0\" \/><\/p>\n<p>&nbsp;<\/p>\n<h5>1. Band, 1. Heft (1805):<\/h5>\n<p style=\"padding-left: 30px;\">Vorrede, vom Professor Schelling in W\u00fcrzburg. S. V<\/p>\n<p style=\"padding-left: 30px;\">A. Wissenschaftliche Abhandlungen<\/p>\n<p style=\"padding-left: 60px;\">Aphorismen zur Einleitung in die Naturphilosophie von Schelling, S. 3<\/p>\n<p style=\"padding-left: 60px;\">Vorbegriffe<\/p>\n<p style=\"padding-left: 90px;\">A. Von der Ein- und Allheit, S. 12<\/p>\n<p style=\"padding-left: 90px;\">B. Von der Vernunft als Erkenntniss des Absoluten, S. 14<\/p>\n<p style=\"padding-left: 90px;\">C. Von der Untheilbarkeit der Vernunfterkenntniss, S. 16<\/p>\n<p style=\"padding-left: 90px;\">D. Von der Art wie die Einheit Allheit und die Allheit Einheit ist, und dem ewigen Nichtseyn des Endlichen, S. 30<\/p>\n<p style=\"padding-left: 90px;\">E. Von den Qualit\u00e4tsunterschieden im Universum, S. 52<\/p>\n<p style=\"padding-left: 60px;\">Allgemeine Anmerkung, die Lehre vom Verh\u00e4ltniss des Endlichen zum Unendlichen betreffend, S. 75<\/p>\n<p style=\"padding-left: 30px;\">B. Kritische Abhandlungen und Uebersichten<\/p>\n<p style=\"padding-left: 60px;\">I. Ueber die speculative Tendenz der Erfahrnen. Vom Prof. J. Ad. Schmidt in Wien, S. 91<\/p>\n<p style=\"padding-left: 60px;\">II. Ueber den jetzigen Zustand der Physiologie. Vom Prof. D\u00f6llinger in W\u00fcrzburg, S. 119<\/p>\n<p style=\"padding-left: 60px;\">III. Zustand der naturwissenschaftlichen Litteratur in Frankreich. Von Prof Walther zu Landshut, S. 143<\/p>\n<p style=\"padding-left: 60px;\">IV. Vorl\u00e4ufige Bezeichnung des Standpunktes der Medicin nach den Grunds\u00e4tzen der Naturphilosophie. Von Prof. Schelling, S. 165<\/p>\n<h5>1. Band, 2. Heft (1806):<\/h5>\n<p style=\"padding-left: 30px;\">I. Wissenschaftliche Abhandlungen<\/p>\n<p style=\"padding-left: 60px;\">I. Aphorismen \u00fcber Naturphilosophie von Schelling.<\/p>\n<p style=\"padding-left: 60px;\">\u00a0\u00a0\u00a0 Der Naturphilosophie Erster oder Allgemeiner Theil.<\/p>\n<p style=\"padding-left: 60px;\">\u00a0\u00a0\u00a0 A. Von dem Wesen der Natur; der Wirklichkeit der Dinge; der Materie und der<\/p>\n<p style=\"padding-left: 60px;\">\u00a0\u00a0\u00a0\u00a0\u00a0\u00a0\u00a0\u00a0 Bewegung, S. 3<\/p>\n<p style=\"padding-left: 60px;\">II. Appendix zu den Schriften \u00fcber das gelbe Fieber von Eschenmayer, S. 37<\/p>\n<p style=\"padding-left: 60px;\">III. Ueber die Anwendung des Eisens in der Medicin, von A. F. Marcus, S. 58<\/p>\n<p style=\"padding-left: 30px;\">II. Anzeigen<\/p>\n<p style=\"padding-left: 60px;\">I. Pepinieren zum Unterricht \u00e4rztlicher Routiniers, von Reil, S. 127<\/p>\n<p style=\"padding-left: 60px;\">II. De Idea Vitae hujusque formis, auctore C. E. Schelling. 1803, S. 134<\/p>\n<h5>2. Band, 1. Heft (1806):<\/h5>\n<p style=\"padding-left: 30px;\">I. Wissenschaftliche Abhandlungen<\/p>\n<p style=\"padding-left: 60px;\">Ideen und Erfahrungen \u00fcber den thierischen Magnetismus, von D. K. E. Schelling.<\/p>\n<p style=\"padding-left: 60px;\">Vorerinnerung, S. 3<\/p>\n<p style=\"padding-left: 60px;\">A. Geschichte des thierischen Magnetismus, S. 5<\/p>\n<p style=\"padding-left: 60px;\">Experimente mit dem thierischen Magnetismus, S. 29<\/p>\n<p style=\"padding-left: 30px;\">II. Kritische Abhandlungen und Uebersichten<\/p>\n<p style=\"padding-left: 60px;\">I. Darstellung des Bichat&#8217;schen Systemes als erste Fortsetzung der historischen Umrisse von Frankreichs naturwissenschaftlicher Kultur, von Prof. Walther in Landshut, S. 49<\/p>\n<p style=\"padding-left: 60px;\">II. Idee der Pharmakologie als Wissenschaft, von Dr. Oken, Privatdocent der Medizin zu G\u00f6ttingen, S. 75<\/p>\n<p style=\"padding-left: 30px;\">Anzeigen<\/p>\n<p style=\"padding-left: 60px;\">1. Grundriss der Naturlehre des menschlichen Organismus. Zum Gebrauch bei seinen Vorlesungen entworfen von Ignatz D\u00f6llinger, der M. Doctor und Professor, S. 94<\/p>\n<p style=\"padding-left: 60px;\">2. Beleuchtungen physiologischer und psychologischer Gegenst\u00e4nde, von Ritter Stransky rel., S. 116<\/p>\n<h5>2. Band, 2. Heft (1807):<\/h5>\n<p style=\"padding-left: 30px;\">I. Wissenschaftliche Abhandlungen<\/p>\n<p style=\"padding-left: 60px;\">1. Aphorismen \u00fcber Naturphilosophie. Von F. W. J. Schelling<\/p>\n<p style=\"padding-left: 90px;\">B. Ueber die Unendlichkeit und Freiheit der Substanz in der Einzelheit und Verkn\u00fcpfung der Dinge, oder \u00fcber das Wesen der Schwere und des Lichts, S. 123<\/p>\n<p style=\"padding-left: 60px;\">2. Ideen und Erfahrungen \u00fcber thierischen Magnetismus. von Dr. K. E. Schelling, S. 158<\/p>\n<p style=\"padding-left: 60px;\">3. Grunds\u00e4tze f\u00fcr eine k\u00fcnftige Seelenlehre. Von Ebendemselben, S. 190<\/p>\n<p style=\"padding-left: 30px;\">II. Beurtheilungen einzelner Schriften<\/p>\n<p style=\"padding-left: 60px;\">1. Grundriss der Theorie der Medicin, von Dr. Troxler. Wien 1805, S. 227<\/p>\n<p style=\"padding-left: 60px;\">2. Handbuch der praktischen Heilkunde, von Dr. Fr. Wilh. von Hoven. Heilbronn 1805, S. 242<\/p>\n<p style=\"padding-left: 30px;\">III. Miscellen<\/p>\n<p style=\"padding-left: 60px;\">Kritische Fragmente. Von F. W. J. Schelling, S. 283<\/p>\n<h5>3. Band, 1. Heft (1808):<\/h5>\n<p style=\"padding-left: 30px;\">I. Wissenschaftliche Abhandlungen<\/p>\n<p style=\"padding-left: 60px;\">I. Versuch einer Theorie der Entz\u00fcndung von A. F. Marcus.<\/p>\n<p style=\"padding-left: 90px;\">Einleitung, S. 3<\/p>\n<p style=\"padding-left: 90px;\">1. Ueber das Wesen der Entz\u00fcndung, S. 13<\/p>\n<p style=\"padding-left: 90px;\">2. Die Zeichen der Entz\u00fcndung, S. 36<\/p>\n<p style=\"padding-left: 90px;\">3. Von dem Einflusse der Constitution, des Alters und Temperamentes, S. 43<\/p>\n<p style=\"padding-left: 90px;\">4. Von den \u00e4usseren Einfl\u00fcssen, S. 50<\/p>\n<p style=\"padding-left: 90px;\">5. Die Ausg\u00e4nge der Entz\u00fcndung, S. 71<\/p>\n<p style=\"padding-left: 90px;\">6. Die Prognose, S. 93<\/p>\n<p style=\"padding-left: 90px;\">7. Ueber Indication und Indicata, S. 102<\/p>\n<p style=\"padding-left: 30px;\">II. \u00dcber die Analogie des Erkenntniss- und des Zeugungs-Triebes von Franz Baader, S. 113<\/p>\n<h5>3. Band, 2. Heft (1808):<\/h5>\n<p style=\"padding-left: 30px;\">I. Wissenschaftliche Abhandlungen<\/p>\n<p style=\"padding-left: 60px;\">1. Ueber die Vegetation, von H. Steffens, S. 127<\/p>\n<p style=\"padding-left: 60px;\">2. Ueber Starres und Fliessendes, von F. Baader, S. 197<\/p>\n<p style=\"padding-left: 60px;\">3. Von der Heilkraft der Natur, v. Prof. Walther, S. 205<\/p>\n","protected":false},"excerpt":{"rendered":"<p>Jahrb\u00fccher der Medicin als Wissenschaft, 1805-1808 Herausgegeben von Adalbert Friedrich Marcus &amp; Friedrich Wilhelm Joseph Schelling &nbsp; &nbsp; 1. Band, 1. Heft (1805): Vorrede, vom Professor Schelling in W\u00fcrzburg. S. V A. Wissenschaftliche Abhandlungen Aphorismen zur Einleitung in die Naturphilosophie von Schelling, S. 3 Vorbegriffe A. Von der Ein- und Allheit, S. 12 B. Von &hellip; <a href=\"http:\/\/kulturpoetik.germanistik.uni-saarland.de\/RomAnt\/index.php\/themen-der-anthropologen\/zeitschriften\/jahrbuecher-der-medicin-als-wissenschaft-1805-1808\/\" class=\"more-link\"><span class=\"screen-reader-text\">Jahrb\u00fccher der Medicin als Wissenschaft, 1805-1808<\/span> weiterlesen <span class=\"meta-nav\">&rarr;<\/span><\/a><\/p>\n","protected":false},"author":1,"featured_media":0,"parent":450,"menu_order":3,"comment_status":"closed","ping_status":"closed","template":"","meta":{"footnotes":""},"_links":{"self":[{"href":"http:\/\/kulturpoetik.germanistik.uni-saarland.de\/RomAnt\/index.php\/wp-json\/wp\/v2\/pages\/257"}],"collection":[{"href":"http:\/\/kulturpoetik.germanistik.uni-saarland.de\/RomAnt\/index.php\/wp-json\/wp\/v2\/pages"}],"about":[{"href":"http:\/\/kulturpoetik.germanistik.uni-saarland.de\/RomAnt\/index.php\/wp-json\/wp\/v2\/types\/page"}],"author":[{"embeddable":true,"href":"http:\/\/kulturpoetik.germanistik.uni-saarland.de\/RomAnt\/index.php\/wp-json\/wp\/v2\/users\/1"}],"replies":[{"embeddable":true,"href":"http:\/\/kulturpoetik.germanistik.uni-saarland.de\/RomAnt\/index.php\/wp-json\/wp\/v2\/comments?post=257"}],"version-history":[{"count":7,"href":"http:\/\/kulturpoetik.germanistik.uni-saarland.de\/RomAnt\/index.php\/wp-json\/wp\/v2\/pages\/257\/revisions"}],"predecessor-version":[{"id":324,"href":"http:\/\/kulturpoetik.germanistik.uni-saarland.de\/RomAnt\/index.php\/wp-json\/wp\/v2\/pages\/257\/revisions\/324"}],"up":[{"embeddable":true,"href":"http:\/\/kulturpoetik.germanistik.uni-saarland.de\/RomAnt\/index.php\/wp-json\/wp\/v2\/pages\/450"}],"wp:attachment":[{"href":"http:\/\/kulturpoetik.germanistik.uni-saarland.de\/RomAnt\/index.php\/wp-json\/wp\/v2\/media?parent=257"}],"curies":[{"name":"wp","href":"https:\/\/api.w.org\/{rel}","templated":true}]}}