{"id":248,"date":"2015-11-10T18:44:55","date_gmt":"2015-11-10T17:44:55","guid":{"rendered":"http:\/\/kulturpoetik.germanistik.uni-saarland.de\/RomAnt\/?page_id=248"},"modified":"2015-12-14T12:08:32","modified_gmt":"2015-12-14T11:08:32","slug":"anthropologisches-journal-1803-1804","status":"publish","type":"page","link":"http:\/\/kulturpoetik.germanistik.uni-saarland.de\/RomAnt\/index.php\/themen-der-anthropologen\/zeitschriften\/anthropologisches-journal-1803-1804\/","title":{"rendered":"Anthropologisches Journal, 1803-1804"},"content":{"rendered":"<h2>Anthropologisches Journal, 1803-1804<\/h2>\n<h5>Herausgegeben von Carl Christian Erhard Schmid<\/h5>\n<p>&nbsp;<\/p>\n<p><img loading=\"lazy\" decoding=\"async\" src=\"http:\/\/www.uni-saarland.de\/fak4\/fr41\/Engel\/Projekt\/images\/zsft11.jpg\" alt=\"\" width=\"556\" height=\"972\" border=\"0\" \/><\/p>\n<p>&nbsp;<\/p>\n<p>&nbsp;<\/p>\n<h5>1. Band, 1. St\u00fcck (1803):<\/h5>\n<p style=\"padding-left: 30px;\">Psychologische Theorie der besondern Gem\u00fcthsverm\u00f6gen, welche zur Einbildungskraft \u00fcberhaupt geh\u00f6ren. Vom Herausgeber. S. 1.<\/p>\n<p style=\"padding-left: 30px;\">Charakteristik der Ehsten. -11.<\/p>\n<p style=\"padding-left: 30px;\">Charakteristik der Franzosen. -74.<\/p>\n<p style=\"padding-left: 30px;\">Zur Charakteristik der franz\u00f6sischen Emigrirten. S. 85.<\/p>\n<p style=\"padding-left: 30px;\">Charakteristik des Itali\u00e4ners. &#8211; 87.<\/p>\n<h5>1. Band, 2. St\u00fcck (1803):<\/h5>\n<p style=\"padding-left: 30px;\">Ueber das zweckm\u00e4\u00dfige Studieren, besonders auf Universit\u00e4ten. Vom Herausgeber. S. 89.<\/p>\n<p style=\"padding-left: 30px;\">Von der Natur des Weibes. S. 131.<\/p>\n<p style=\"padding-left: 30px;\">Sonderbare intermittirende Manie. S. 179.<\/p>\n<h5>1. Band, 3. St\u00fcck (1803):<\/h5>\n<p style=\"padding-left: 30px;\">Von der Natur des Weibes. S. 183.<\/p>\n<p style=\"padding-left: 30px;\">Ueber das zweckm\u00e4\u00dfige Studieren, besonders auf Universit\u00e4ten. Vom Herausgeber. S. 224.<\/p>\n<p style=\"padding-left: 30px;\">Aphorismen \u00fcber Erziehung. S. 255.<\/p>\n<h5>2. Band, 1. St\u00fcck (1803):<\/h5>\n<p style=\"padding-left: 30px;\">Rezensionen von<\/p>\n<p style=\"padding-left: 60px;\">Hofbauer \u00fcber die Krankheiten der Seele. S. 1.<\/p>\n<p style=\"padding-left: 60px;\">Reils Rhapsodien, und &#8211; 38.<\/p>\n<p style=\"padding-left: 60px;\">Schwarz Erziehungslehre &#8211; 64.<\/p>\n<p style=\"padding-left: 30px;\">Der Unzufriedene. &#8211; 86.<\/p>\n<h5>2. Band, 2. St\u00fcck (1803):<\/h5>\n<p style=\"padding-left: 30px;\">Ueber das zweckm\u00e4\u00dfige Studieren, besonders auf Universit\u00e4ten. Vom Herausgeber. S. 99.<\/p>\n<p style=\"padding-left: 30px;\">Ueber die Gem\u00fcthsstimmung des Leutescheuen. Ein Beitrag zur Menschenlehre, von Bernard Turin, Prof. D. Philos. zu Erfurt. S. 139.<\/p>\n<h5>2. Band, 3. St\u00fcck (1803):<\/h5>\n<p style=\"padding-left: 30px;\">Von den Temperamenten, wof\u00fcr der weibliche Organismus vorz\u00fcglich empf\u00e4nglich ist. S. 181.<\/p>\n<p style=\"padding-left: 30px;\">Von der Sensibilit\u00e4t des weiblichen Geschlechts. &#8211; 218.<\/p>\n<p style=\"padding-left: 30px;\">R\u00f6merinnen, Sittsamkeit. &#8211; 237.<\/p>\n<p style=\"padding-left: 30px;\">Pariserin; Engl\u00e4nderin. &#8211; 251.<\/p>\n<p style=\"padding-left: 30px;\">Zur Charakteristik des franz\u00f6sischen Frauenzimmers in den Provinzen. &#8211; 254.<\/p>\n<p style=\"padding-left: 30px;\">Zur Chrakteristik der Spanier. S. 257.<\/p>\n<p style=\"padding-left: 30px;\">Ueber den franz\u00f6sischen Nationalcharakter und \u00fcber die gesellschaftlichen Verh\u00e4ltnisse in Paris. &#8211; 264.<\/p>\n<h5>3. Band, 1. St\u00fcck (1803):<\/h5>\n<p style=\"padding-left: 30px;\">Ueber die Gem\u00fcthsstimmung des Leutescheuen. S. 1.<\/p>\n<p style=\"padding-left: 30px;\">Charakteristik der Hochl\u00e4nder. S. 49.<\/p>\n<p style=\"padding-left: 30px;\">Nahrungsmittel der Bergschotten. S. 69.<\/p>\n<p style=\"padding-left: 30px;\">H\u00fctten der Bergschotten. S. 74.<\/p>\n<p style=\"padding-left: 30px;\">Noch einige charateristische Z\u00fcge der Hochl\u00e4nder. S. 78.<\/p>\n<h5>3. Band, 2. St\u00fcck (1803):<\/h5>\n<p style=\"padding-left: 30px;\">Kann Psychologie als eine eigene selbstst\u00e4ndige Wissenschaft noch ferner geduldet werden? S. 93.<\/p>\n<p style=\"padding-left: 30px;\">Charakteristische Z\u00fcge der Hochl\u00e4nder. S. 128.<\/p>\n<p style=\"padding-left: 30px;\">Einwohner von Glasgow. S. 145.<\/p>\n<p style=\"padding-left: 30px;\">Charakteristik der Bearner und Basquen, Einwohner der Westpyren\u00e4en. S. 147.<\/p>\n<p style=\"padding-left: 30px;\">Charakter der drey Hauptnationen Ungarns. S. 152.<\/p>\n<p style=\"padding-left: 30px;\">Sklaverey der Ehsten. S. 173.<\/p>\n<h5>3. Band, 3. St\u00fcck (1803):<\/h5>\n<p style=\"padding-left: 30px;\">Ueber die Gem\u00fcthsstimmung des Leutescheuen. S. 193.<\/p>\n<p style=\"padding-left: 30px;\">Charakteristik der Einwohner von Neu- Ost-Preu\u00dfen. S. 256.<\/p>\n<p style=\"padding-left: 30px;\">Charakteristik der Canadenser (im J. 1777). S. 270<\/p>\n<h5>4. Band, 1. St\u00fcck (1804):<\/h5>\n<p style=\"padding-left: 30px;\">Ueber die Vorstellung der Zeit in der Phantasie. S. 3.<\/p>\n<p style=\"padding-left: 30px;\">Einige kritische Bemerkungen \u00fcber Hrn. D. Maucharts Aufsatz: Von der Vorstellung der Zeit in der Phantasie. S. 13.<\/p>\n<p style=\"padding-left: 30px;\">Psychologie der Sprache. S. 27.<\/p>\n<p style=\"padding-left: 30px;\">Von der Entstehung sinnlicher Vorstellungen in dem Kinde, als dem Wege, zuerst zum Anschaulichen und sodann zum W\u00f6rtlichen zu gelangen. S. 52.<\/p>\n<p style=\"padding-left: 30px;\">Parallele des Sch\u00f6nen f\u00fcr das Auge und f\u00fcr das Ohr. S. 86.<\/p>\n<h5>4. Band, 2. St\u00fcck (1804):<\/h5>\n<p style=\"padding-left: 30px;\">Ueber die Gem\u00fcthsstimmung des Leutescheuen. S. 103.<\/p>\n<p style=\"padding-left: 30px;\">Irrenh\u00e4user, als psychologische Observatoria betrachtet. S. 156.<\/p>\n<p style=\"padding-left: 30px;\">Unterschied zwischen Seelenkunde und Menschenkunde. S. 168.<\/p>\n<p style=\"padding-left: 30px;\">Nutzen psychologischer Kenntnisse, zur Erhaltung der Seelengesundheit, zur Erziehung, zur Verh\u00fctung des Wahnsinns. S. 170.<\/p>\n<p style=\"padding-left: 30px;\">Gem\u00fcthsunp\u00e4\u00dflichkeit, Gem\u00fcthskrankheit. Gem\u00fcths-Arzneykunde. S. 180.<\/p>\n<p style=\"padding-left: 30px;\">Psychologische Arzneykunde. Seelenreize. Seelennahrung. Psychologische Experimentation. Seelendi\u00e4t. S. 182.<\/p>\n<h5>4. Band, 3. St\u00fcck (1804):<\/h5>\n<p style=\"padding-left: 30px;\">Vorschlag zu einer neuen Behandlungsart der Onirologie. S. 187.<\/p>\n<p style=\"padding-left: 30px;\">Selbstbekenntnisse des verstorbenen Rektors Thieme in L\u00f6bau \u00fcber sich und seine Lage. S. 246.<\/p>\n<p style=\"padding-left: 30px;\">Charakteristik der R\u00f6mer.<\/p>\n<p style=\"padding-left: 60px;\">1. Aeu\u00dfere Bildung des R\u00f6mers. S. 258.<\/p>\n<p style=\"padding-left: 60px;\">2. Nat\u00fcrliche Anlagen der R\u00f6mer. S. 261.<\/p>\n<p style=\"padding-left: 60px;\">3. Sittlichkeit der R\u00f6mer. S. 265.<\/p>\n<p style=\"padding-left: 60px;\">4. Religiosit\u00e4t der R\u00f6mer. S. 267.<\/p>\n","protected":false},"excerpt":{"rendered":"<p>Anthropologisches Journal, 1803-1804 Herausgegeben von Carl Christian Erhard Schmid &nbsp; &nbsp; &nbsp; 1. Band, 1. St\u00fcck (1803): Psychologische Theorie der besondern Gem\u00fcthsverm\u00f6gen, welche zur Einbildungskraft \u00fcberhaupt geh\u00f6ren. Vom Herausgeber. S. 1. Charakteristik der Ehsten. -11. Charakteristik der Franzosen. -74. Zur Charakteristik der franz\u00f6sischen Emigrirten. S. 85. Charakteristik des Itali\u00e4ners. &#8211; 87. 1. Band, 2. St\u00fcck &hellip; <a href=\"http:\/\/kulturpoetik.germanistik.uni-saarland.de\/RomAnt\/index.php\/themen-der-anthropologen\/zeitschriften\/anthropologisches-journal-1803-1804\/\" class=\"more-link\"><span class=\"screen-reader-text\">Anthropologisches Journal, 1803-1804<\/span> weiterlesen <span class=\"meta-nav\">&rarr;<\/span><\/a><\/p>\n","protected":false},"author":1,"featured_media":0,"parent":450,"menu_order":2,"comment_status":"closed","ping_status":"closed","template":"","meta":{"footnotes":""},"_links":{"self":[{"href":"http:\/\/kulturpoetik.germanistik.uni-saarland.de\/RomAnt\/index.php\/wp-json\/wp\/v2\/pages\/248"}],"collection":[{"href":"http:\/\/kulturpoetik.germanistik.uni-saarland.de\/RomAnt\/index.php\/wp-json\/wp\/v2\/pages"}],"about":[{"href":"http:\/\/kulturpoetik.germanistik.uni-saarland.de\/RomAnt\/index.php\/wp-json\/wp\/v2\/types\/page"}],"author":[{"embeddable":true,"href":"http:\/\/kulturpoetik.germanistik.uni-saarland.de\/RomAnt\/index.php\/wp-json\/wp\/v2\/users\/1"}],"replies":[{"embeddable":true,"href":"http:\/\/kulturpoetik.germanistik.uni-saarland.de\/RomAnt\/index.php\/wp-json\/wp\/v2\/comments?post=248"}],"version-history":[{"count":14,"href":"http:\/\/kulturpoetik.germanistik.uni-saarland.de\/RomAnt\/index.php\/wp-json\/wp\/v2\/pages\/248\/revisions"}],"predecessor-version":[{"id":321,"href":"http:\/\/kulturpoetik.germanistik.uni-saarland.de\/RomAnt\/index.php\/wp-json\/wp\/v2\/pages\/248\/revisions\/321"}],"up":[{"embeddable":true,"href":"http:\/\/kulturpoetik.germanistik.uni-saarland.de\/RomAnt\/index.php\/wp-json\/wp\/v2\/pages\/450"}],"wp:attachment":[{"href":"http:\/\/kulturpoetik.germanistik.uni-saarland.de\/RomAnt\/index.php\/wp-json\/wp\/v2\/media?parent=248"}],"curies":[{"name":"wp","href":"https:\/\/api.w.org\/{rel}","templated":true}]}}