{"id":139,"date":"2015-11-03T14:37:08","date_gmt":"2015-11-03T13:37:08","guid":{"rendered":"http:\/\/kulturpoetik.germanistik.uni-saarland.de\/RomAnt\/?page_id=139"},"modified":"2015-12-14T12:04:36","modified_gmt":"2015-12-14T11:04:36","slug":"themen-der-anthropologen","status":"publish","type":"page","link":"http:\/\/kulturpoetik.germanistik.uni-saarland.de\/RomAnt\/index.php\/themen-der-anthropologen\/","title":{"rendered":"Themen der Rom. Anthropologie"},"content":{"rendered":"<h5>Womit besch\u00e4ftigen sich die Anthropologen ?<\/h5>\n<ul>\n<li>Traum<\/li>\n<li>Somnambulismus<\/li>\n<li>Magnetismus und Mesmerismus<\/li>\n<li>Liebe<\/li>\n<li>Wahnsinn<\/li>\n<li>Doppelg\u00e4ngerei<\/li>\n<li>Leib-Seele-Problem<\/li>\n<li>Tod<\/li>\n<li>Entwicklung des Individuums<\/li>\n<li>Entwicklung des Menschengeschlechts<\/li>\n<\/ul>\n<p>&nbsp;<\/p>\n<h5>Inhaltverzeichnisse einschl\u00e4giger Zeitschriften bieten einen \u00dcberblick \u00fcber das Themenspektrum der Anthropologie:<\/h5>\n<ul>\n<li><a href=\"http:\/\/kulturpoetik.germanistik.uni-saarland.de\/RomAnt\/index.php\/themen-der-anthropologen\/archiv-fuer-die-physiologie-1795-181315\/\"><u>Archiv f\u00fcr die Physiologie<\/u><\/a>, 1795 &#8211; 1813\/15<\/li>\n<li><a href=\"http:\/\/kulturpoetik.germanistik.uni-saarland.de\/RomAnt\/index.php\/themen-der-anthropologen\/anthropologisches-journal-1803-1804\/\"><u>Anthropologisches Journal<\/u><\/a>, 1803 &#8211; 1804<\/li>\n<li><a href=\"http:\/\/kulturpoetik.germanistik.uni-saarland.de\/RomAnt\/index.php\/themen-der-anthropologen\/jahrbuecher-der-medicin-als-wissenschaft-1805-1808\/\"><u>Jahrb\u00fccher der Medicin als Wissenschaft<\/u><\/a>, 1805 &#8211; 1808<\/li>\n<li><a href=\"http:\/\/kulturpoetik.germanistik.uni-saarland.de\/RomAnt\/index.php\/themen-der-anthropologen\/archiv-fuer-den-thierischen-magnetismus-1817-1824\/\"><u>Archiv f\u00fcr den thierischen Magnetismus<\/u><\/a>, 1817 &#8211; 1824<\/li>\n<li><a href=\"http:\/\/kulturpoetik.germanistik.uni-saarland.de\/RomAnt\/index.php\/themen-der-anthropologen\/sphinx-neues-archiv-fuer-den-thierischen-magnetismus-und-das-nachtleben-ueberhaupt-1825-1826\/\"><u>Sphinx &#8211; Neues Archiv f\u00fcr den Thierischen Magnetismus<\/u><\/a> und das Nachtleben \u00fcberhaupt, 1825 &#8211; 1826<\/li>\n<li><a href=\"http:\/\/kulturpoetik.germanistik.uni-saarland.de\/RomAnt\/index.php\/themen-der-anthropologen\/zeitschrift-fuer-psychische-aerzte-mit-besonderer-beruecksichtigung-des-magnetismus-1818-1822\/\"><u>Zeitschrift f\u00fcr psychische \u00c4rzte<\/u><\/a> mit besonderer Ber\u00fccksichtigung des Magnetismus, 1818 &#8211; 1822<\/li>\n<li><a href=\"http:\/\/kulturpoetik.germanistik.uni-saarland.de\/RomAnt\/index.php\/themen-der-anthropologen\/zeitschrift-fuer-die-anthropologie-1823-1826\/\"><u>Zeitschrift f\u00fcr die Anthropologie<\/u><\/a>, 1823 &#8211; 1826<\/li>\n<li><a href=\"http:\/\/kulturpoetik.germanistik.uni-saarland.de\/RomAnt\/index.php\/themen-der-anthropologen\/jahrbuecher-fuer-anthropologie-und-zur-pathologie-und-therapie-des-irrseyns-1830\/\"><u>Jahrb\u00fccher f\u00fcr Anthropologie<\/u><\/a> und zur Pathologie und Therapie des Irrseyns, 1830<\/li>\n<\/ul>\n<p>&nbsp;<\/p>\n","protected":false},"excerpt":{"rendered":"<p>Womit besch\u00e4ftigen sich die Anthropologen ? Traum Somnambulismus Magnetismus und Mesmerismus Liebe Wahnsinn Doppelg\u00e4ngerei Leib-Seele-Problem Tod Entwicklung des Individuums Entwicklung des Menschengeschlechts &nbsp; Inhaltverzeichnisse einschl\u00e4giger Zeitschriften bieten einen \u00dcberblick \u00fcber das Themenspektrum der Anthropologie: Archiv f\u00fcr die Physiologie, 1795 &#8211; 1813\/15 Anthropologisches Journal, 1803 &#8211; 1804 Jahrb\u00fccher der Medicin als Wissenschaft, 1805 &#8211; 1808 Archiv &hellip; <a href=\"http:\/\/kulturpoetik.germanistik.uni-saarland.de\/RomAnt\/index.php\/themen-der-anthropologen\/\" class=\"more-link\"><span class=\"screen-reader-text\">Themen der Rom. Anthropologie<\/span> weiterlesen <span class=\"meta-nav\">&rarr;<\/span><\/a><\/p>\n","protected":false},"author":1,"featured_media":0,"parent":0,"menu_order":3,"comment_status":"closed","ping_status":"closed","template":"","meta":{"footnotes":""},"_links":{"self":[{"href":"http:\/\/kulturpoetik.germanistik.uni-saarland.de\/RomAnt\/index.php\/wp-json\/wp\/v2\/pages\/139"}],"collection":[{"href":"http:\/\/kulturpoetik.germanistik.uni-saarland.de\/RomAnt\/index.php\/wp-json\/wp\/v2\/pages"}],"about":[{"href":"http:\/\/kulturpoetik.germanistik.uni-saarland.de\/RomAnt\/index.php\/wp-json\/wp\/v2\/types\/page"}],"author":[{"embeddable":true,"href":"http:\/\/kulturpoetik.germanistik.uni-saarland.de\/RomAnt\/index.php\/wp-json\/wp\/v2\/users\/1"}],"replies":[{"embeddable":true,"href":"http:\/\/kulturpoetik.germanistik.uni-saarland.de\/RomAnt\/index.php\/wp-json\/wp\/v2\/comments?post=139"}],"version-history":[{"count":10,"href":"http:\/\/kulturpoetik.germanistik.uni-saarland.de\/RomAnt\/index.php\/wp-json\/wp\/v2\/pages\/139\/revisions"}],"predecessor-version":[{"id":455,"href":"http:\/\/kulturpoetik.germanistik.uni-saarland.de\/RomAnt\/index.php\/wp-json\/wp\/v2\/pages\/139\/revisions\/455"}],"wp:attachment":[{"href":"http:\/\/kulturpoetik.germanistik.uni-saarland.de\/RomAnt\/index.php\/wp-json\/wp\/v2\/media?parent=139"}],"curies":[{"name":"wp","href":"https:\/\/api.w.org\/{rel}","templated":true}]}}