{"id":114,"date":"2015-11-03T14:01:49","date_gmt":"2015-11-03T13:01:49","guid":{"rendered":"http:\/\/kulturpoetik.germanistik.uni-saarland.de\/RomAnt\/?page_id=114"},"modified":"2015-11-03T14:01:49","modified_gmt":"2015-11-03T13:01:49","slug":"karl-joseph-hieronymus-windischmann","status":"publish","type":"page","link":"http:\/\/kulturpoetik.germanistik.uni-saarland.de\/RomAnt\/index.php\/anthropologen\/karl-joseph-hieronymus-windischmann\/","title":{"rendered":"Karl Joseph Hieronymus Windischmann"},"content":{"rendered":"<p><span style=\"font-family: Arial;\"><b>Arzt, Philosoph<\/b><\/span><\/p>\n<p>&nbsp;<\/p>\n<p><span style=\"font-family: Arial;\"><b>Geboren: <\/b>24. 08. 1775 in Mainz <\/span><\/p>\n<p><span style=\"font-family: Arial;\"><b>Gestorben: <\/b>23. 04. 1839 in Bonn<\/span><\/p>\n<p>&nbsp;<\/p>\n<p><span style=\"font-family: Arial;\"><b>Promotion:<\/b> 1796 in W\u00fcrzburg (Medizin)<\/span><\/p>\n<p><span style=\"font-family: Arial;\"><b>Lehrt\u00e4tigkeit: <\/b>1797 &#8211; 1801 Mainz, 1801 &#8211; 1818 Aschaffenburg, 1818 &#8211; 1839 Bonn<\/span><\/p>\n<p>&nbsp;<\/p>\n<p><span style=\"font-family: Arial;\">Windischmann studierte zun\u00e4chst in Mainz Philosophie (1787 &#8211; 1792), mu\u00dfte dann aber aufgrund der franz\u00f6sischen Invasion nach W\u00fcrzburg wechseln. Dort beendete er zun\u00e4chst sein philosophisches Studium und wandte sich dann der Medizin und den Naturwissenschaften zu. Nachdem er auch diese Disziplinen erfolgreich bew\u00e4ltigt hatte, hielt er sich ein Jahr zur Weiterbildung in Wien auf. 1797 kehrte er nach Mainz zur\u00fcck, um dort zu praktizieren und medizinische Vorlesungen zu halten. 1801 ging Windischmann nach Aschaffenburg, wo er als Hofmedicus des Kurf\u00fcrsten arbeitete und zudem an der dortigen Lehranstalt naturhistorische und philosophische Vorlesungen hielt. 1803 wurde er zum Professor f\u00fcr Philosophie und Geschichte ernannt, freilich mit dem besonderen Auftrag, auch Naturphilosophie zu lehren. Bis Windischmann im Herbst 1818 dem Ruf an die neugegr\u00fcndete Universit\u00e4t in Bonn folgte, hatte er noch das Amt des Hofbibliothekars (1811) und &#8211; durch die mittlerweile bayerische Regierung &#8211; den Titel des k\u00f6niglichen Medizinalrates erhalten.<\/span><\/p>\n<p><span style=\"font-family: Arial;\">In Bonn wurde er Professor f\u00fcr Geschichte und System der Philosophie. Parallel dazu \u00fcbertrug man ihm allerdings auch eine Professur an der medizinischen Fakult\u00e4t, wo er \u00fcber Enzyklop\u00e4die und Geschichte der Medizin sowie allgemeine Pathologie las.<\/span><\/p>\n<p><span style=\"font-family: Arial;\">Windischmann wurde dann in die Streitigkeiten um den Hermesianismus verwickelt, den der katholische Philosoph freilich entschieden ablehnte. Als \u00fcber diese Denkrichtung &#8211; ihr Initiator Georg Hermes suchte die M\u00f6glichkeit einer philosophischen Begr\u00fcndung der Theologie &#8211; in Rom verhandelt wurde, forderte man auch von Windischmann ein Gutachten, was sp\u00e4ter wohl ma\u00dfgeblich zur Verurteilung des Hermesianismus beigetragen hat.<\/span><\/p>\n<p><span style=\"font-family: Arial;\">Windischmanns letzte Jahre wurden getr\u00fcbt durch den Tod mehrerer seiner Kinder (darunter ein L\u00f6wener Medizinprofessor) und durch eigene k\u00f6rperliche Leiden. Seine letzte literarische T\u00e4tigkeit war die Herausgabe der &#8222;Philosophischen Vorlesungen&#8220; seines verstorbenen Freundes Friedrich Schlegel.<\/span><\/p>\n<p>&nbsp;<\/p>\n","protected":false},"excerpt":{"rendered":"<p>Arzt, Philosoph &nbsp; Geboren: 24. 08. 1775 in Mainz Gestorben: 23. 04. 1839 in Bonn &nbsp; Promotion: 1796 in W\u00fcrzburg (Medizin) Lehrt\u00e4tigkeit: 1797 &#8211; 1801 Mainz, 1801 &#8211; 1818 Aschaffenburg, 1818 &#8211; 1839 Bonn &nbsp; Windischmann studierte zun\u00e4chst in Mainz Philosophie (1787 &#8211; 1792), mu\u00dfte dann aber aufgrund der franz\u00f6sischen Invasion nach W\u00fcrzburg wechseln. Dort &hellip; <a href=\"http:\/\/kulturpoetik.germanistik.uni-saarland.de\/RomAnt\/index.php\/anthropologen\/karl-joseph-hieronymus-windischmann\/\" class=\"more-link\"><span class=\"screen-reader-text\">Karl Joseph Hieronymus Windischmann<\/span> weiterlesen <span class=\"meta-nav\">&rarr;<\/span><\/a><\/p>\n","protected":false},"author":1,"featured_media":0,"parent":80,"menu_order":18,"comment_status":"closed","ping_status":"closed","template":"","meta":{"footnotes":""},"_links":{"self":[{"href":"http:\/\/kulturpoetik.germanistik.uni-saarland.de\/RomAnt\/index.php\/wp-json\/wp\/v2\/pages\/114"}],"collection":[{"href":"http:\/\/kulturpoetik.germanistik.uni-saarland.de\/RomAnt\/index.php\/wp-json\/wp\/v2\/pages"}],"about":[{"href":"http:\/\/kulturpoetik.germanistik.uni-saarland.de\/RomAnt\/index.php\/wp-json\/wp\/v2\/types\/page"}],"author":[{"embeddable":true,"href":"http:\/\/kulturpoetik.germanistik.uni-saarland.de\/RomAnt\/index.php\/wp-json\/wp\/v2\/users\/1"}],"replies":[{"embeddable":true,"href":"http:\/\/kulturpoetik.germanistik.uni-saarland.de\/RomAnt\/index.php\/wp-json\/wp\/v2\/comments?post=114"}],"version-history":[{"count":1,"href":"http:\/\/kulturpoetik.germanistik.uni-saarland.de\/RomAnt\/index.php\/wp-json\/wp\/v2\/pages\/114\/revisions"}],"predecessor-version":[{"id":115,"href":"http:\/\/kulturpoetik.germanistik.uni-saarland.de\/RomAnt\/index.php\/wp-json\/wp\/v2\/pages\/114\/revisions\/115"}],"up":[{"embeddable":true,"href":"http:\/\/kulturpoetik.germanistik.uni-saarland.de\/RomAnt\/index.php\/wp-json\/wp\/v2\/pages\/80"}],"wp:attachment":[{"href":"http:\/\/kulturpoetik.germanistik.uni-saarland.de\/RomAnt\/index.php\/wp-json\/wp\/v2\/media?parent=114"}],"curies":[{"name":"wp","href":"https:\/\/api.w.org\/{rel}","templated":true}]}}