{"id":110,"date":"2015-11-03T14:00:18","date_gmt":"2015-11-03T13:00:18","guid":{"rendered":"http:\/\/kulturpoetik.germanistik.uni-saarland.de\/RomAnt\/?page_id=110"},"modified":"2015-11-20T21:30:22","modified_gmt":"2015-11-20T20:30:22","slug":"henrich-steffens","status":"publish","type":"page","link":"http:\/\/kulturpoetik.germanistik.uni-saarland.de\/RomAnt\/index.php\/anthropologen\/henrich-steffens\/","title":{"rendered":"Henrich Steffens"},"content":{"rendered":"<p><a href=\"http:\/\/kulturpoetik.germanistik.uni-saarland.de\/RomAnt\/wp-content\/uploads\/2015\/11\/steffens.jpg\"><img loading=\"lazy\" decoding=\"async\" class=\"size-medium wp-image-338 alignright\" src=\"http:\/\/kulturpoetik.germanistik.uni-saarland.de\/RomAnt\/wp-content\/uploads\/2015\/11\/steffens-218x300.jpg\" alt=\"steffens\" width=\"218\" height=\"300\" srcset=\"http:\/\/kulturpoetik.germanistik.uni-saarland.de\/RomAnt\/wp-content\/uploads\/2015\/11\/steffens-218x300.jpg 218w, http:\/\/kulturpoetik.germanistik.uni-saarland.de\/RomAnt\/wp-content\/uploads\/2015\/11\/steffens.jpg 235w\" sizes=\"(max-width: 218px) 100vw, 218px\" \/><\/a><\/p>\n<p><span style=\"font-family: Arial;\"><b>Naturwissenschaftler, Naturphilosoph, Schriftsteller<\/b><\/span><\/p>\n<p>&nbsp;<\/p>\n<p><span style=\"font-family: Arial;\"><b>Geboren:<\/b> 02. 05. 1773 in Stavanger<\/span><\/p>\n<p><span style=\"font-family: Arial;\"><b>Gestorben:<\/b> 13. 02. 1845 in Berlin<\/span><\/p>\n<p>&nbsp;<\/p>\n<p><span style=\"font-family: Arial;\"><b>Habilitation:<\/b> 1796 in Kiel (Mineralogie)<\/span><\/p>\n<p><span style=\"font-family: Arial;\"><b>Lehrt\u00e4tigkeit:<\/b> 1804 &#8211; 1806 und 1808 &#8211; 1814 Halle, 1811 &#8211; 1832 Breslau, ab 1832 Berlin<\/span><\/p>\n<p>&nbsp;<\/p>\n<p><span style=\"font-family: Arial;\">Steffens, als Sohn eines aus Holstein eingewanderten Regimentsarztes im damals unter d\u00e4nischer Vorherrschaft stehenden Stavanger geboren, begann 1790 in Kopenhagen ein Studium der Naturgeschichte mit Mineralogie als Hauptfach. 1796 habilitierte er sich als Privatdozent an der Universit\u00e4t in Kiel. <\/span><\/p>\n<p><span style=\"font-family: Arial;\">Mit einem Stipendium ausgestattet, reiste Steffens im Fr\u00fchjahr 1798 von Hamburg \u00fcber den Harz nach Erfurt und Jena. Er lernte Goethe und A. W. Schlegel kennen, befreundete sich mit Schelling, dessen Schriften er schon rezipiert hatte, und h\u00f6rte Fichtes Vorlesungen. In Berlin machte er 1799 auch die Bekanntschaft Tiecks, F. Schlegels und Schleiermachers, bevor er sein mineralogisches Fachstudium an der Freiberger Bergakademie fortsetzte. 1802 kehrte Steffens f\u00fcr zwei Jahre nach Kopenhagen zur\u00fcck, dann bekam er eine Stelle als ordentlicher Professor der Naturphilosophie, Physiologie und Mineralogie in Halle a. d. Saale angeboten. Schleiermacher und Reil waren seine Kollegen. Napoleons Einmarsch sorgte 1806 f\u00fcr eine zweij\u00e4hrige Unterbrechung von Steffens` Vorlesungen. 1811 wechselte er als Professor f\u00fcr Physik und Philosophie nach Breslau. Als Friedrich Wilhelm III. ein Heer gegen Napoleon mobilisierte, hielt Steffens emphatische Reden, um die Jugend f\u00fcr den Kriegsdienst gewinnen zu k\u00f6nnen. Steffens, bis dato ohne jegliche milit\u00e4rische Erfahrung, meldete sich selbst als Freiwilliger und machte den Krieg von 1813\/14 mit.<\/span><\/p>\n<p><span style=\"font-family: Arial;\">Anschlie\u00dfend lehrte er wieder in Breslau. Sp\u00e4ter war er dort jedoch wegen politischer Differenzen zunehmend isoliert, so da\u00df ihm der Ruf nach Berlin 1832 gelegen kam. In Berlin fungierte er als Professor der Naturphilosophie, Anthropologie und Religionsphilosophie. 1833 wurde er Rektor der Universit\u00e4t.<\/span><\/p>\n<p><span style=\"font-family: Arial;\">In seinen sp\u00e4ten Jahren ging Steffens verst\u00e4rkt seinen poetischen Interessen nach. Nachdem er schon eine Reihe von Novellen verfa\u00dft hatte, ver\u00f6ffentlichte der Autor als letztes Werk vor seinem Tod 1845 die zehnb\u00e4ndige Autobiographie &#8222;Was ich erlebte&#8220;.<\/span><\/p>\n<p>&nbsp;<\/p>\n","protected":false},"excerpt":{"rendered":"<p>Naturwissenschaftler, Naturphilosoph, Schriftsteller &nbsp; Geboren: 02. 05. 1773 in Stavanger Gestorben: 13. 02. 1845 in Berlin &nbsp; Habilitation: 1796 in Kiel (Mineralogie) Lehrt\u00e4tigkeit: 1804 &#8211; 1806 und 1808 &#8211; 1814 Halle, 1811 &#8211; 1832 Breslau, ab 1832 Berlin &nbsp; Steffens, als Sohn eines aus Holstein eingewanderten Regimentsarztes im damals unter d\u00e4nischer Vorherrschaft stehenden Stavanger geboren, &hellip; <a href=\"http:\/\/kulturpoetik.germanistik.uni-saarland.de\/RomAnt\/index.php\/anthropologen\/henrich-steffens\/\" class=\"more-link\"><span class=\"screen-reader-text\">Henrich Steffens<\/span> weiterlesen <span class=\"meta-nav\">&rarr;<\/span><\/a><\/p>\n","protected":false},"author":1,"featured_media":0,"parent":80,"menu_order":16,"comment_status":"closed","ping_status":"closed","template":"","meta":{"footnotes":""},"_links":{"self":[{"href":"http:\/\/kulturpoetik.germanistik.uni-saarland.de\/RomAnt\/index.php\/wp-json\/wp\/v2\/pages\/110"}],"collection":[{"href":"http:\/\/kulturpoetik.germanistik.uni-saarland.de\/RomAnt\/index.php\/wp-json\/wp\/v2\/pages"}],"about":[{"href":"http:\/\/kulturpoetik.germanistik.uni-saarland.de\/RomAnt\/index.php\/wp-json\/wp\/v2\/types\/page"}],"author":[{"embeddable":true,"href":"http:\/\/kulturpoetik.germanistik.uni-saarland.de\/RomAnt\/index.php\/wp-json\/wp\/v2\/users\/1"}],"replies":[{"embeddable":true,"href":"http:\/\/kulturpoetik.germanistik.uni-saarland.de\/RomAnt\/index.php\/wp-json\/wp\/v2\/comments?post=110"}],"version-history":[{"count":3,"href":"http:\/\/kulturpoetik.germanistik.uni-saarland.de\/RomAnt\/index.php\/wp-json\/wp\/v2\/pages\/110\/revisions"}],"predecessor-version":[{"id":347,"href":"http:\/\/kulturpoetik.germanistik.uni-saarland.de\/RomAnt\/index.php\/wp-json\/wp\/v2\/pages\/110\/revisions\/347"}],"up":[{"embeddable":true,"href":"http:\/\/kulturpoetik.germanistik.uni-saarland.de\/RomAnt\/index.php\/wp-json\/wp\/v2\/pages\/80"}],"wp:attachment":[{"href":"http:\/\/kulturpoetik.germanistik.uni-saarland.de\/RomAnt\/index.php\/wp-json\/wp\/v2\/media?parent=110"}],"curies":[{"name":"wp","href":"https:\/\/api.w.org\/{rel}","templated":true}]}}