{"id":108,"date":"2015-11-03T13:59:32","date_gmt":"2015-11-03T12:59:32","guid":{"rendered":"http:\/\/kulturpoetik.germanistik.uni-saarland.de\/RomAnt\/?page_id=108"},"modified":"2015-11-20T21:27:57","modified_gmt":"2015-11-20T20:27:57","slug":"gotthilf-heinrich-von-schubert","status":"publish","type":"page","link":"http:\/\/kulturpoetik.germanistik.uni-saarland.de\/RomAnt\/index.php\/anthropologen\/gotthilf-heinrich-von-schubert\/","title":{"rendered":"Gotthilf Heinrich von Schubert"},"content":{"rendered":"<p><a href=\"http:\/\/kulturpoetik.germanistik.uni-saarland.de\/RomAnt\/wp-content\/uploads\/2015\/11\/schubert.jpg\"><img loading=\"lazy\" decoding=\"async\" class=\"size-medium wp-image-343 alignright\" src=\"http:\/\/kulturpoetik.germanistik.uni-saarland.de\/RomAnt\/wp-content\/uploads\/2015\/11\/schubert-245x300.jpg\" alt=\"schubert\" width=\"245\" height=\"300\" srcset=\"http:\/\/kulturpoetik.germanistik.uni-saarland.de\/RomAnt\/wp-content\/uploads\/2015\/11\/schubert-245x300.jpg 245w, http:\/\/kulturpoetik.germanistik.uni-saarland.de\/RomAnt\/wp-content\/uploads\/2015\/11\/schubert.jpg 276w\" sizes=\"(max-width: 245px) 100vw, 245px\" \/><\/a><\/p>\n<p><span style=\"font-family: Arial;\"><b>Arzt, Naturforscher, Schriftsteller<\/b><\/span><\/p>\n<p>&nbsp;<\/p>\n<p><span style=\"font-family: Arial;\"><b>Geboren: <\/b>26. 04. 1780 in Hohenstein<\/span><\/p>\n<p><span style=\"font-family: Arial;\"><b>Gestorben: <\/b>30. 06. 1860 in M\u00fcnchen<\/span><\/p>\n<p>&nbsp;<\/p>\n<p><span style=\"font-family: Arial;\"><b>Promotion: <\/b>1803 in Jena (Medizin)<\/span><\/p>\n<p><span style=\"font-family: Arial;\"><b>Lehrt\u00e4tigkeit: <\/b>1818 (?) &#8211; 1827 Erlangen, 1827 &#8211; 1853 M\u00fcnchen<\/span><\/p>\n<p>&nbsp;<\/p>\n<p><span style=\"font-family: Arial;\">Schubert, als j\u00fcngster Sohn eines Pastors in bescheidenen Verh\u00e4ltnissen aufgewachsen, beendete seine Schulausbildung 1799 in Weimar, wo er seine Pr\u00fcfungen bei dem von ihm sehr bewunderten Gymnasialdirektor Johann Gottfried Herder ablegte. Anschlie\u00dfend studierte Schubert zun\u00e4chst Theologie, dann Medizin in Leipzig. 1801 wechselte er nach Jena, wo er mit viel Begeisterung auch die Vorlesungen Schellings besuchte. Nach der Beendigung seines Studiums lebte Schubert als praktizierender Arzt in Altenburg. Dort geriet der Mediziner bald in finanzielle Schwierigkeiten. Mit dem innerhalb von drei Wochen fertiggestellten Roman &#8222;Die Kirche und die G\u00f6tter&#8220; (von dem er sp\u00e4ter freilich nichts mehr wissen wollte) und durch das Angebot, Mitarbeiter bei der Zeitschrift &#8222;Medizinische Annalen&#8220; zu werden, konnte er diese Probleme jedoch bew\u00e4ltigen. Dennoch gab Schubert seine Praxis in Altenberg 1805 auf, weil er eine akademische Karriere anstrebte. Schubert siedelte zur Weiterbildung nach Freiberg \u00fcber, wo er die Vorlesungen Werners \u00fcber Geognosie und Mineralogie h\u00f6rte. Anschlie\u00dfend beteiligte er sich in Dresden an Vorlesungsveranstaltungen f\u00fcr die gebildeten St\u00e4nde. Sein Thema waren der tierische Magnetismus, das Hellsehen und die Tr\u00e4ume. 1809 wurde Schubert in N\u00fcrnberg Direktor einer neugegr\u00fcndeten Realschule; Angebote, in Berlin bzw. Wien eine Professur f\u00fcr Philosophie zu \u00fcbernehmen, lehnte er ab. Nach Aufl\u00f6sung der Schule 1816 engagierte der Erbgro\u00dfherzog von Mecklenburg-Schwerin den Gelehrten als Erzieher f\u00fcr seine Kinder, was einen weiteren Umzug Schuberts, diesmal nach Ludwigslust, zur Folge hatte. Dort f\u00fchlte er sich aber nicht besonders wohl &#8211; der Ruf nach Erlangen, wo Schubert eine Professur f\u00fcr Naturgeschichte (er las dort u.a. \u00fcber Botanik, Geognosie, Mineralogie, Forstwissenschaften) angetragen wurde, kam ihm gelegen. 1827 wechselte er letztmals den Wohnort, weil er als Professor f\u00fcr Allgemeine Naturgeschichte nach M\u00fcnchen berufen wurde, wo er in Oken einen erbitterten Gegner fand. Schubert ver\u00f6ffentlichte neben wissenschaftlichen Publikationen auch zahlreiche Reiseberichte. 1853 trat er unter Beilegung des Titels &#8222;Geheimrat&#8220; in den Ruhestand.<\/span><\/p>\n<p>&nbsp;<\/p>\n","protected":false},"excerpt":{"rendered":"<p>Arzt, Naturforscher, Schriftsteller &nbsp; Geboren: 26. 04. 1780 in Hohenstein Gestorben: 30. 06. 1860 in M\u00fcnchen &nbsp; Promotion: 1803 in Jena (Medizin) Lehrt\u00e4tigkeit: 1818 (?) &#8211; 1827 Erlangen, 1827 &#8211; 1853 M\u00fcnchen &nbsp; Schubert, als j\u00fcngster Sohn eines Pastors in bescheidenen Verh\u00e4ltnissen aufgewachsen, beendete seine Schulausbildung 1799 in Weimar, wo er seine Pr\u00fcfungen bei dem &hellip; <a href=\"http:\/\/kulturpoetik.germanistik.uni-saarland.de\/RomAnt\/index.php\/anthropologen\/gotthilf-heinrich-von-schubert\/\" class=\"more-link\"><span class=\"screen-reader-text\">Gotthilf Heinrich von Schubert<\/span> weiterlesen <span class=\"meta-nav\">&rarr;<\/span><\/a><\/p>\n","protected":false},"author":1,"featured_media":0,"parent":80,"menu_order":15,"comment_status":"closed","ping_status":"closed","template":"","meta":{"footnotes":""},"_links":{"self":[{"href":"http:\/\/kulturpoetik.germanistik.uni-saarland.de\/RomAnt\/index.php\/wp-json\/wp\/v2\/pages\/108"}],"collection":[{"href":"http:\/\/kulturpoetik.germanistik.uni-saarland.de\/RomAnt\/index.php\/wp-json\/wp\/v2\/pages"}],"about":[{"href":"http:\/\/kulturpoetik.germanistik.uni-saarland.de\/RomAnt\/index.php\/wp-json\/wp\/v2\/types\/page"}],"author":[{"embeddable":true,"href":"http:\/\/kulturpoetik.germanistik.uni-saarland.de\/RomAnt\/index.php\/wp-json\/wp\/v2\/users\/1"}],"replies":[{"embeddable":true,"href":"http:\/\/kulturpoetik.germanistik.uni-saarland.de\/RomAnt\/index.php\/wp-json\/wp\/v2\/comments?post=108"}],"version-history":[{"count":3,"href":"http:\/\/kulturpoetik.germanistik.uni-saarland.de\/RomAnt\/index.php\/wp-json\/wp\/v2\/pages\/108\/revisions"}],"predecessor-version":[{"id":345,"href":"http:\/\/kulturpoetik.germanistik.uni-saarland.de\/RomAnt\/index.php\/wp-json\/wp\/v2\/pages\/108\/revisions\/345"}],"up":[{"embeddable":true,"href":"http:\/\/kulturpoetik.germanistik.uni-saarland.de\/RomAnt\/index.php\/wp-json\/wp\/v2\/pages\/80"}],"wp:attachment":[{"href":"http:\/\/kulturpoetik.germanistik.uni-saarland.de\/RomAnt\/index.php\/wp-json\/wp\/v2\/media?parent=108"}],"curies":[{"name":"wp","href":"https:\/\/api.w.org\/{rel}","templated":true}]}}