{"id":106,"date":"2015-11-03T13:58:51","date_gmt":"2015-11-03T12:58:51","guid":{"rendered":"http:\/\/kulturpoetik.germanistik.uni-saarland.de\/RomAnt\/?page_id=106"},"modified":"2015-11-20T21:28:50","modified_gmt":"2015-11-20T20:28:50","slug":"lorenz-oken","status":"publish","type":"page","link":"http:\/\/kulturpoetik.germanistik.uni-saarland.de\/RomAnt\/index.php\/anthropologen\/lorenz-oken\/","title":{"rendered":"Lorenz Oken"},"content":{"rendered":"<p><a href=\"http:\/\/kulturpoetik.germanistik.uni-saarland.de\/RomAnt\/wp-content\/uploads\/2015\/11\/oken1.jpg\"><img loading=\"lazy\" decoding=\"async\" class=\"size-medium wp-image-337 alignright\" src=\"http:\/\/kulturpoetik.germanistik.uni-saarland.de\/RomAnt\/wp-content\/uploads\/2015\/11\/oken1-287x300.jpg\" alt=\"oken\" width=\"287\" height=\"300\" srcset=\"http:\/\/kulturpoetik.germanistik.uni-saarland.de\/RomAnt\/wp-content\/uploads\/2015\/11\/oken1-287x300.jpg 287w, http:\/\/kulturpoetik.germanistik.uni-saarland.de\/RomAnt\/wp-content\/uploads\/2015\/11\/oken1.jpg 318w\" sizes=\"(max-width: 287px) 100vw, 287px\" \/><\/a><\/p>\n<p><span style=\"font-family: Arial;\"><b>Naturforscher, Naturphilosoph, Arzt<\/b><\/span><\/p>\n<p>&nbsp;<\/p>\n<p><span style=\"font-family: Arial;\"><b>Geboren: <\/b>01. 08. 1779 in Bohlsbach bei Offenburg<\/span><\/p>\n<p><span style=\"font-family: Arial;\"><b>Gestorben: <\/b>11. 08. 1851 in Z\u00fcrich<\/span><\/p>\n<p>&nbsp;<\/p>\n<p><span style=\"font-family: Arial;\"><b>Promotion: <\/b>1804 in Freiburg\/Br. (Medizin)<\/span><\/p>\n<p><span style=\"font-family: Arial;\"><b>Lehrt\u00e4tigkeit:<\/b> 1807 &#8211; 1819 Jena, 1821\/22 Basel, 1827 &#8211; 1832 M\u00fcnchen, 1833 &#8211; 1851 Z\u00fcrich<\/span><\/p>\n<p>&nbsp;<\/p>\n<p><span style=\"font-family: Arial;\">Eigentlich hie\u00df der Naturforscher nicht Oken, sondern Okenfu\u00df; &#8222;um den Sp\u00f6ttereien \u00fcber den ganzen auszuweichen&#8220;, verk\u00fcrzte Oken seinen Namen. Der Bauernsohn studierte in Freiburg Medizin und wechselte sp\u00e4ter nach G\u00f6ttingen, um sich dort zu habilitieren, was 1805 erfolgte. 1807 wurde Oken als au\u00dferordentlicher Professor f\u00fcr Medizin nach Jena berufen. Der Wissenschaftler hatte freilich l\u00e4ngst seine Vorliebe f\u00fcr die Philosophie und die Naturwissenschaften entdeckt und ver\u00f6ffentlichte in den folgenden Jahren eine ganze Reihe naturphilosophischer und naturgeschichtlicher Arbeiten. 1816 sprach ihm die Gie\u00dfener Universit\u00e4t den Ehrendoktortitel der Philosophie zu. 1816 gab Oken auch erstmals die Zeitschrift &#8222;Isis&#8220; heraus, die bis 1848 erscheinen und Anla\u00df zahlreicher Kontroversen werden sollte. Oken wollte die Zeitschrift als Forum f\u00fcr alle Wissenschaften (mit den Ausnahmen Theologie und Jurisprudenz) etablieren und legte in ihr auch seine politischen Anschauungen offen. Von verschiedenen Seiten wurde ein Verbot der Zeitschrift gefordert, auch von Goethe, der mit Oken eine pers\u00f6nliche Gegnerschaft pflegte. Nachdem Oken mit zwei weiteren Jenenser Professoren am Wartburgfest teilgenommen und dar\u00fcber in der &#8222;Isis&#8220; berichtet hatte, wurde der Gelehrte zum R\u00fccktritt gen\u00f6tigt und die Zeitschrift in Jena verboten. Nach einem kurzzeitigen Baseler Engagement im Wintersemester 1821\/22 lebte Oken als Privatmann und Herausgeber seiner nach Leipzig verlegten Zeitschrift bis 1827 in M\u00fcnchen. Dann bekam er an der dortigen Universit\u00e4t eine Stelle als ordentlicher Professor f\u00fcr Physiologie. Der streitbare Wissenschaftler verwickelte sich aber auch in M\u00fcnchen in zahlreiche Dispute und mu\u00dfte 1832 abermals demissionieren. Die Stelle als ordentlicher Professor f\u00fcr Naturgeschichte an der neugegr\u00fcndeten Universit\u00e4t in Z\u00fcrich, die ihm 1833 angetragen wurde, bekleidete er indes bis zu seinem Tod. Als Okens Hauptwerk gilt die 13b\u00e4ndige &#8222;Naturgeschichte f\u00fcr alle St\u00e4nde&#8220;, die zwischen 1833 und 1841 erstmals erschien. <\/span><\/p>\n<p>&nbsp;<\/p>\n","protected":false},"excerpt":{"rendered":"<p>Naturforscher, Naturphilosoph, Arzt &nbsp; Geboren: 01. 08. 1779 in Bohlsbach bei Offenburg Gestorben: 11. 08. 1851 in Z\u00fcrich &nbsp; Promotion: 1804 in Freiburg\/Br. (Medizin) Lehrt\u00e4tigkeit: 1807 &#8211; 1819 Jena, 1821\/22 Basel, 1827 &#8211; 1832 M\u00fcnchen, 1833 &#8211; 1851 Z\u00fcrich &nbsp; Eigentlich hie\u00df der Naturforscher nicht Oken, sondern Okenfu\u00df; &#8222;um den Sp\u00f6ttereien \u00fcber den ganzen auszuweichen&#8220;, &hellip; <a href=\"http:\/\/kulturpoetik.germanistik.uni-saarland.de\/RomAnt\/index.php\/anthropologen\/lorenz-oken\/\" class=\"more-link\"><span class=\"screen-reader-text\">Lorenz Oken<\/span> weiterlesen <span class=\"meta-nav\">&rarr;<\/span><\/a><\/p>\n","protected":false},"author":1,"featured_media":0,"parent":80,"menu_order":14,"comment_status":"closed","ping_status":"closed","template":"","meta":{"footnotes":""},"_links":{"self":[{"href":"http:\/\/kulturpoetik.germanistik.uni-saarland.de\/RomAnt\/index.php\/wp-json\/wp\/v2\/pages\/106"}],"collection":[{"href":"http:\/\/kulturpoetik.germanistik.uni-saarland.de\/RomAnt\/index.php\/wp-json\/wp\/v2\/pages"}],"about":[{"href":"http:\/\/kulturpoetik.germanistik.uni-saarland.de\/RomAnt\/index.php\/wp-json\/wp\/v2\/types\/page"}],"author":[{"embeddable":true,"href":"http:\/\/kulturpoetik.germanistik.uni-saarland.de\/RomAnt\/index.php\/wp-json\/wp\/v2\/users\/1"}],"replies":[{"embeddable":true,"href":"http:\/\/kulturpoetik.germanistik.uni-saarland.de\/RomAnt\/index.php\/wp-json\/wp\/v2\/comments?post=106"}],"version-history":[{"count":3,"href":"http:\/\/kulturpoetik.germanistik.uni-saarland.de\/RomAnt\/index.php\/wp-json\/wp\/v2\/pages\/106\/revisions"}],"predecessor-version":[{"id":342,"href":"http:\/\/kulturpoetik.germanistik.uni-saarland.de\/RomAnt\/index.php\/wp-json\/wp\/v2\/pages\/106\/revisions\/342"}],"up":[{"embeddable":true,"href":"http:\/\/kulturpoetik.germanistik.uni-saarland.de\/RomAnt\/index.php\/wp-json\/wp\/v2\/pages\/80"}],"wp:attachment":[{"href":"http:\/\/kulturpoetik.germanistik.uni-saarland.de\/RomAnt\/index.php\/wp-json\/wp\/v2\/media?parent=106"}],"curies":[{"name":"wp","href":"https:\/\/api.w.org\/{rel}","templated":true}]}}