{"id":104,"date":"2015-11-03T13:57:41","date_gmt":"2015-11-03T12:57:41","guid":{"rendered":"http:\/\/kulturpoetik.germanistik.uni-saarland.de\/RomAnt\/?page_id=104"},"modified":"2015-11-03T13:57:41","modified_gmt":"2015-11-03T12:57:41","slug":"christian-friedrich-nasse","status":"publish","type":"page","link":"http:\/\/kulturpoetik.germanistik.uni-saarland.de\/RomAnt\/index.php\/anthropologen\/christian-friedrich-nasse\/","title":{"rendered":"Christian Friedrich Nasse"},"content":{"rendered":"<p><span style=\"font-family: Arial;\"><b>Arzt, Psychiater<\/b><\/span><\/p>\n<p>&nbsp;<\/p>\n<p><span style=\"font-family: Arial;\"><b>Geboren:<\/b> 18. 04. 1778 in Bielefeld<\/span><\/p>\n<p><span style=\"font-family: Arial;\"><b>Gestorben:<\/b> 18. 04. 1851 in Marburg<\/span><\/p>\n<p>&nbsp;<\/p>\n<p><span style=\"font-family: Arial;\"><b>Promotion:<\/b> 1801 in Halle (Medizin)<\/span><\/p>\n<p><span style=\"font-family: Arial;\"><b>Lehrt\u00e4tigkeit:<\/b> 1815 &#8211; 1819 Halle, 1819 &#8211; 1851 Bonn<\/span><\/p>\n<p>&nbsp;<\/p>\n<p><span style=\"font-family: Arial;\">Nasse, der sich nach einer kurzen kaufm\u00e4nnischen Ausbildung dazu entschlossen hatte, wie sein Vater und sein Gro\u00dfvater Mediziner zu werden, begann 1796 sein Studium in Halle. Dort wurde Johann Christian Reil sein Lehrer. Nasse befreundete sich in dieser Zeit mit Achim von Arnim und Friedrich von Raumer. <\/span><\/p>\n<p><span style=\"font-family: Arial;\">Nach seiner Promotion lie\u00df sich Nasse als praktischer Arzt in Bielefeld nieder, wo er sp\u00e4ter die Leitung des st\u00e4dtischen Armenhospitals \u00fcbernahm. 1805 heiratete er Henriette Weber, mit der er 1814 Bielefeld wieder verlie\u00df. \u00dcber G\u00f6ttingen und Leipzig kam Nasse nach Dresden, wo er Carl Gustav Carus kennenlernte. In Weimar erreichte ihn schlie\u00dflich der Ruf, die Nachfolge Reils in Halle anzutreten. Der 1813 verstorbene Reil, der Nasse schon 1810 f\u00fcr einen Lehrstuhl in Berlin vorgeschlagen hatte, hat sich selbst noch f\u00fcr Nasse als seinen Nachfolger stark gemacht. 1819 wechselte dieser nach Bonn und blieb dort bis zu seinem Tod Lehrstuhlinhaber.<\/span><\/p>\n<p><span style=\"font-family: Arial;\">Unter den philosophischen Schriften waren es diejenigen Herbarts, die Nasse intensiv besch\u00e4ftigten. Von der Naturphilosophie hielt er sich eher fern. 1818 gr\u00fcndete er die <em>Zeitschrift f\u00fcr psychische \u00c4rzte<\/em>, die sp\u00e4ter unter dem Titel <em>Jahrb\u00fccher f\u00fcr Anthropologie<\/em> weiter erschien. Als diese Publikation nicht mehr zu halten war, gab Nasse gemeinsam mit Max Jacobi die <em>Zeitschrift f\u00fcr Heilung und Beurtheilung krankhafter Seelenst\u00f6rungen<\/em> heraus. Aus der Edition des <em>Archivs f\u00fcr thierischen Magnetismus<\/em> zog er sich dagegen 1822 zur\u00fcck, weil er M\u00e4ngel in der theoretischen Fundierung und zahlreiche T\u00e4uschungen bei der Beobachtung erkannt zu haben glaubte.<\/span><\/p>\n<p><span style=\"font-family: Arial;\">Nasse gilt als erster deutscher Kliniker, der die Diagnostik am Krankenbett ausge\u00fcbt und in die Vorlesungen eingebracht hat. Seine wissenschaftliche und akademische T\u00e4tigkeit hatte er bis zuletzt trotz zunehmender k\u00f6rperlicher Beschwerden durchgef\u00fchrt. Nasses letzte Arbeit, die die Therapie des Brantweinmi\u00dfbrauchs betraf, wurde von seinem Sohn Werner fertiggestellt. <\/span><\/p>\n<p>&nbsp;<\/p>\n","protected":false},"excerpt":{"rendered":"<p>Arzt, Psychiater &nbsp; Geboren: 18. 04. 1778 in Bielefeld Gestorben: 18. 04. 1851 in Marburg &nbsp; Promotion: 1801 in Halle (Medizin) Lehrt\u00e4tigkeit: 1815 &#8211; 1819 Halle, 1819 &#8211; 1851 Bonn &nbsp; Nasse, der sich nach einer kurzen kaufm\u00e4nnischen Ausbildung dazu entschlossen hatte, wie sein Vater und sein Gro\u00dfvater Mediziner zu werden, begann 1796 sein Studium &hellip; <a href=\"http:\/\/kulturpoetik.germanistik.uni-saarland.de\/RomAnt\/index.php\/anthropologen\/christian-friedrich-nasse\/\" class=\"more-link\"><span class=\"screen-reader-text\">Christian Friedrich Nasse<\/span> weiterlesen <span class=\"meta-nav\">&rarr;<\/span><\/a><\/p>\n","protected":false},"author":1,"featured_media":0,"parent":80,"menu_order":13,"comment_status":"closed","ping_status":"closed","template":"","meta":{"footnotes":""},"_links":{"self":[{"href":"http:\/\/kulturpoetik.germanistik.uni-saarland.de\/RomAnt\/index.php\/wp-json\/wp\/v2\/pages\/104"}],"collection":[{"href":"http:\/\/kulturpoetik.germanistik.uni-saarland.de\/RomAnt\/index.php\/wp-json\/wp\/v2\/pages"}],"about":[{"href":"http:\/\/kulturpoetik.germanistik.uni-saarland.de\/RomAnt\/index.php\/wp-json\/wp\/v2\/types\/page"}],"author":[{"embeddable":true,"href":"http:\/\/kulturpoetik.germanistik.uni-saarland.de\/RomAnt\/index.php\/wp-json\/wp\/v2\/users\/1"}],"replies":[{"embeddable":true,"href":"http:\/\/kulturpoetik.germanistik.uni-saarland.de\/RomAnt\/index.php\/wp-json\/wp\/v2\/comments?post=104"}],"version-history":[{"count":1,"href":"http:\/\/kulturpoetik.germanistik.uni-saarland.de\/RomAnt\/index.php\/wp-json\/wp\/v2\/pages\/104\/revisions"}],"predecessor-version":[{"id":105,"href":"http:\/\/kulturpoetik.germanistik.uni-saarland.de\/RomAnt\/index.php\/wp-json\/wp\/v2\/pages\/104\/revisions\/105"}],"up":[{"embeddable":true,"href":"http:\/\/kulturpoetik.germanistik.uni-saarland.de\/RomAnt\/index.php\/wp-json\/wp\/v2\/pages\/80"}],"wp:attachment":[{"href":"http:\/\/kulturpoetik.germanistik.uni-saarland.de\/RomAnt\/index.php\/wp-json\/wp\/v2\/media?parent=104"}],"curies":[{"name":"wp","href":"https:\/\/api.w.org\/{rel}","templated":true}]}}