{"id":102,"date":"2015-11-03T13:57:01","date_gmt":"2015-11-03T12:57:01","guid":{"rendered":"http:\/\/kulturpoetik.germanistik.uni-saarland.de\/RomAnt\/?page_id=102"},"modified":"2015-11-03T13:57:01","modified_gmt":"2015-11-03T12:57:01","slug":"johann-michael-leupoldt","status":"publish","type":"page","link":"http:\/\/kulturpoetik.germanistik.uni-saarland.de\/RomAnt\/index.php\/anthropologen\/johann-michael-leupoldt\/","title":{"rendered":"Johann Michael Leupoldt"},"content":{"rendered":"<p><span style=\"font-family: Arial;\"><b>Arzt, Psychiater<\/b><\/span><\/p>\n<p>&nbsp;<\/p>\n<p><span style=\"font-family: Arial;\"><b>Geboren:<\/b> 11. 11. 1794 in Wei\u00dfenstadt (Fichtelgebirge)<\/span><\/p>\n<p><span style=\"font-family: Arial;\"><b>Gestorben: <\/b>21. 08. 1874 in<b> <\/b> Erlangen<\/span><\/p>\n<p>&nbsp;<\/p>\n<p><span style=\"font-family: Arial;\"><b>Promotion: <\/b>1818 in Erlangen (Medizin)<\/span><\/p>\n<p><span style=\"font-family: Arial;\"><b>Lehrt\u00e4tigkeit: <\/b>1818 &#8211; 1820, 1821 &#8211; 1872 Erlangen<\/span><\/p>\n<p>&nbsp;<\/p>\n<p><span style=\"font-family: Arial;\">Trotz einer schweren Typhuserkrankung und gro\u00dfer finanzieller Probleme gelang es Leupoldt, sich noch im Jahr seiner Promotion (1818) an der Erlanger Universit\u00e4t auch zu habilitieren. Der Sohn eines Schneidermeisters hatte 1814 sein Medizinstudium begonnen und sich bald insbesondere f\u00fcr die Psychiatrie interessiert. Ab 1818 hielt er in Erlangen Vorlesungen \u00fcber Anatomie, Physiologie und Geisteskrankheiten. 1820 unterbrach er seine Lehrt\u00e4tigkeit, um &#8211; mit einem Reisestipendium von der bayerischen Regierung ausgestattet &#8211; in Berlin seine Kenntnisse \u00fcber die Psychiatrie vertiefen zu k\u00f6nnen. In der Abteilung f\u00fcr Geisteskranke an der Charit\u00e9 fand er Zugang zu Horn und Langermann.<\/span><\/p>\n<p><span style=\"font-family: Arial;\">1821 nach Erlangen zur\u00fcckgekehrt, wurde er noch im selben Jahr zum au\u00dferordentlichen und 1826 zum ordentlichen Professor ernannt. Ein wesentlicher Anteil mu\u00df Leupoldt daran zugeschrieben werden, da\u00df 1845 in Erlangen die erste bayerische Geistesheilanstalt er\u00f6ffnet wurde. Der Wissenschaftler hatte intensiv f\u00fcr eine derartige Institution geworben und sich dann bei deren Fertigstellung als sachkundiger Berater zur Verf\u00fcgung gestellt. Die Direktion der Anstalt, auf die Leupoldt spekuliert hatte, fiel dann freilich nicht ihm, sondern hintereinander seinen ehemaligen Sch\u00fclern Solbrig und Hagen zu.<\/span><\/p>\n<p><span style=\"font-family: Arial;\">Leupoldt, der schon wenige Jahre nach seiner Ernennung zum Ordinarius auch Rektor der Erlanger Universit\u00e4t geworden war, fungierte zudem 17 Jahre lang als Vorsitzender der Erlanger Societas physica-medica. Die Zahl seiner ver\u00f6ffentlichten wissenschaftlichen Arbeiten ist immens; zudem publizierte der Wissenschaftler auch in Nasses &#8222;Zeitschrift f\u00fcr psychiatrische \u00c4rzte&#8220;, in Friedreichs &#8222;Magazin f\u00fcr Seelenkunde&#8220; und in anderen Fachjournalen. In den letzten Jahrzehnten seines Lebens verlor Leupoldt allerdings zunehmend den Kontakt zu den seiner Ansicht nach einseitig materialistisch und empirisch ausgericheteten Kollegen. Gleichwohl setzte er seine Dozenten-T\u00e4tigkeit bis ins hohe Alter fort. Im Sommersemester 1872 bot Leupoldt als mittlerweile 77j\u00e4hriger letztmals Lehrveranstaltungen an.<\/span><\/p>\n<p>&nbsp;<\/p>\n","protected":false},"excerpt":{"rendered":"<p>Arzt, Psychiater &nbsp; Geboren: 11. 11. 1794 in Wei\u00dfenstadt (Fichtelgebirge) Gestorben: 21. 08. 1874 in Erlangen &nbsp; Promotion: 1818 in Erlangen (Medizin) Lehrt\u00e4tigkeit: 1818 &#8211; 1820, 1821 &#8211; 1872 Erlangen &nbsp; Trotz einer schweren Typhuserkrankung und gro\u00dfer finanzieller Probleme gelang es Leupoldt, sich noch im Jahr seiner Promotion (1818) an der Erlanger Universit\u00e4t auch zu &hellip; <a href=\"http:\/\/kulturpoetik.germanistik.uni-saarland.de\/RomAnt\/index.php\/anthropologen\/johann-michael-leupoldt\/\" class=\"more-link\"><span class=\"screen-reader-text\">Johann Michael Leupoldt<\/span> weiterlesen <span class=\"meta-nav\">&rarr;<\/span><\/a><\/p>\n","protected":false},"author":1,"featured_media":0,"parent":80,"menu_order":12,"comment_status":"closed","ping_status":"closed","template":"","meta":{"footnotes":""},"_links":{"self":[{"href":"http:\/\/kulturpoetik.germanistik.uni-saarland.de\/RomAnt\/index.php\/wp-json\/wp\/v2\/pages\/102"}],"collection":[{"href":"http:\/\/kulturpoetik.germanistik.uni-saarland.de\/RomAnt\/index.php\/wp-json\/wp\/v2\/pages"}],"about":[{"href":"http:\/\/kulturpoetik.germanistik.uni-saarland.de\/RomAnt\/index.php\/wp-json\/wp\/v2\/types\/page"}],"author":[{"embeddable":true,"href":"http:\/\/kulturpoetik.germanistik.uni-saarland.de\/RomAnt\/index.php\/wp-json\/wp\/v2\/users\/1"}],"replies":[{"embeddable":true,"href":"http:\/\/kulturpoetik.germanistik.uni-saarland.de\/RomAnt\/index.php\/wp-json\/wp\/v2\/comments?post=102"}],"version-history":[{"count":1,"href":"http:\/\/kulturpoetik.germanistik.uni-saarland.de\/RomAnt\/index.php\/wp-json\/wp\/v2\/pages\/102\/revisions"}],"predecessor-version":[{"id":103,"href":"http:\/\/kulturpoetik.germanistik.uni-saarland.de\/RomAnt\/index.php\/wp-json\/wp\/v2\/pages\/102\/revisions\/103"}],"up":[{"embeddable":true,"href":"http:\/\/kulturpoetik.germanistik.uni-saarland.de\/RomAnt\/index.php\/wp-json\/wp\/v2\/pages\/80"}],"wp:attachment":[{"href":"http:\/\/kulturpoetik.germanistik.uni-saarland.de\/RomAnt\/index.php\/wp-json\/wp\/v2\/media?parent=102"}],"curies":[{"name":"wp","href":"https:\/\/api.w.org\/{rel}","templated":true}]}}