{"id":100,"date":"2015-11-03T13:56:20","date_gmt":"2015-11-03T12:56:20","guid":{"rendered":"http:\/\/kulturpoetik.germanistik.uni-saarland.de\/RomAnt\/?page_id=100"},"modified":"2015-11-20T21:18:19","modified_gmt":"2015-11-20T20:18:19","slug":"dietrich-georg-von-kieser","status":"publish","type":"page","link":"http:\/\/kulturpoetik.germanistik.uni-saarland.de\/RomAnt\/index.php\/anthropologen\/dietrich-georg-von-kieser\/","title":{"rendered":"Dietrich Georg von Kieser"},"content":{"rendered":"<p><strong><a href=\"http:\/\/kulturpoetik.germanistik.uni-saarland.de\/RomAnt\/wp-content\/uploads\/2015\/11\/kieser.jpg\"><img loading=\"lazy\" decoding=\"async\" class=\"size-medium wp-image-334 alignright\" src=\"http:\/\/kulturpoetik.germanistik.uni-saarland.de\/RomAnt\/wp-content\/uploads\/2015\/11\/kieser-265x300.jpg\" alt=\"kieser\" width=\"265\" height=\"300\" srcset=\"http:\/\/kulturpoetik.germanistik.uni-saarland.de\/RomAnt\/wp-content\/uploads\/2015\/11\/kieser-265x300.jpg 265w, http:\/\/kulturpoetik.germanistik.uni-saarland.de\/RomAnt\/wp-content\/uploads\/2015\/11\/kieser.jpg 295w\" sizes=\"(max-width: 265px) 100vw, 265px\" \/><\/a>Arzt, Naturwissenschaftler, Schriftsteller<\/strong><\/p>\n<p><strong>Geboren:<\/strong> 24. 08. 1779 in Hamburg<\/p>\n<p><strong>Gestorben:<\/strong> 11. 10. 1862 in Jena<\/p>\n<p><strong>Promotion:<\/strong> 1804 in G\u00f6ttingen (Medizin)<\/p>\n<p><strong>Lehrt\u00e4tigkeit:<\/strong> 1812 &#8211; 1814, 1817 &#8211; 1862 Jena<\/p>\n<p>Der Pfarrerssohn Kieser studierte in W\u00fcrzburg und G\u00f6ttingen Medizin und praktizierte nach seiner Promotion in Winseln an der Luhe und in Northeim (ab 1806). Als Folge seiner f\u00fcr preisw\u00fcrdig befundenen Schrift &#8222;Memoire sur l `organisation des plantes&#8220; (1812) erhielt er etliche Angebote auf \u00dcbernahme einer Professur. Kieser entschied sich schlie\u00dflich daf\u00fcr, als au\u00dferordentlicher Professor f\u00fcr allgemeine und spezielle Pathologie nach Jena zu gehen, wo er auch Vorlesungen \u00fcber Medizingeschichte und Anatomie sowie Physiologie der Pflanzen hielt.<\/p>\n<p>Von 1814 bis 1817 wurde seine akademische T\u00e4tigkeit unterbrochen, weil er mit den weimarischen Truppen als Wachtmeister und Feldarzt nach Frankreich zog. 1815 \u00fcbernahm Kieser, mittlerweile in preu\u00dfischen Diensten, die Oberleitung der Kriegsspit\u00e4ler in L\u00fcttich und Versailles.<\/p>\n<p>Nach seiner R\u00fcckkehr 1817 wurde Kiesers Schaffen in Jena mit zahlreichen Bef\u00f6rderungen und Ehrungen gew\u00fcrdigt. Zum Professsor ordinarius avancierte er 1824. Mit Nasse und Eschenmayer hatte er zudem 1817 das &#8222;Archiv f\u00fcr den thierischen Magnetismus&#8220; begr\u00fcndet und bis 1824 zw\u00f6lf B\u00e4nde herausgegeben.<\/p>\n<p>Von 1831 bis 1848 war Kieser als Vertreter der Landesuniversit\u00e4t Mitglied des Landtages, als dessen Vizepr\u00e4sident er von 1844 bis 1848 amtierte. 1847 \u00fcbernahm er die Leitung der gro\u00dfherzoglichen Irrenheilanstalt und behielt diese Funktion bis 1858. Als Direktor Ephemeridum der Leopoldinisch-Carolinischen Akademie der Naturforscher versuchte er, den Pr\u00e4sidenten der Akademie, Christian Gottfried Nees von Esenbeck, der aus politischen Gr\u00fcnden aus dem Staatsdienst entlassen worden war, zu rehabilitieren. Nach Nees von Esenbecks Tod 1858 wurde Kieser als 69j\u00e4hriger selbst noch Pr\u00e4sident der Akademie. Das mit der Pr\u00e4sidentschaft verbundene Adelsrecht mit dem Titel eines kaiserlichen Pfalzgrafen nahm Kieser anl\u00e4\u00dflich seines 50j\u00e4hrigen Pr\u00e4sidentenjubil\u00e4ums, das er 1862 wenige Monate vor seinem Tod feierte, in Anspruch.<\/p>\n","protected":false},"excerpt":{"rendered":"<p>Arzt, Naturwissenschaftler, Schriftsteller Geboren: 24. 08. 1779 in Hamburg Gestorben: 11. 10. 1862 in Jena Promotion: 1804 in G\u00f6ttingen (Medizin) Lehrt\u00e4tigkeit: 1812 &#8211; 1814, 1817 &#8211; 1862 Jena Der Pfarrerssohn Kieser studierte in W\u00fcrzburg und G\u00f6ttingen Medizin und praktizierte nach seiner Promotion in Winseln an der Luhe und in Northeim (ab 1806). Als Folge seiner &hellip; <a href=\"http:\/\/kulturpoetik.germanistik.uni-saarland.de\/RomAnt\/index.php\/anthropologen\/dietrich-georg-von-kieser\/\" class=\"more-link\"><span class=\"screen-reader-text\">Dietrich Georg von Kieser<\/span> weiterlesen <span class=\"meta-nav\">&rarr;<\/span><\/a><\/p>\n","protected":false},"author":1,"featured_media":0,"parent":80,"menu_order":11,"comment_status":"closed","ping_status":"closed","template":"","meta":{"footnotes":""},"_links":{"self":[{"href":"http:\/\/kulturpoetik.germanistik.uni-saarland.de\/RomAnt\/index.php\/wp-json\/wp\/v2\/pages\/100"}],"collection":[{"href":"http:\/\/kulturpoetik.germanistik.uni-saarland.de\/RomAnt\/index.php\/wp-json\/wp\/v2\/pages"}],"about":[{"href":"http:\/\/kulturpoetik.germanistik.uni-saarland.de\/RomAnt\/index.php\/wp-json\/wp\/v2\/types\/page"}],"author":[{"embeddable":true,"href":"http:\/\/kulturpoetik.germanistik.uni-saarland.de\/RomAnt\/index.php\/wp-json\/wp\/v2\/users\/1"}],"replies":[{"embeddable":true,"href":"http:\/\/kulturpoetik.germanistik.uni-saarland.de\/RomAnt\/index.php\/wp-json\/wp\/v2\/comments?post=100"}],"version-history":[{"count":2,"href":"http:\/\/kulturpoetik.germanistik.uni-saarland.de\/RomAnt\/index.php\/wp-json\/wp\/v2\/pages\/100\/revisions"}],"predecessor-version":[{"id":335,"href":"http:\/\/kulturpoetik.germanistik.uni-saarland.de\/RomAnt\/index.php\/wp-json\/wp\/v2\/pages\/100\/revisions\/335"}],"up":[{"embeddable":true,"href":"http:\/\/kulturpoetik.germanistik.uni-saarland.de\/RomAnt\/index.php\/wp-json\/wp\/v2\/pages\/80"}],"wp:attachment":[{"href":"http:\/\/kulturpoetik.germanistik.uni-saarland.de\/RomAnt\/index.php\/wp-json\/wp\/v2\/media?parent=100"}],"curies":[{"name":"wp","href":"https:\/\/api.w.org\/{rel}","templated":true}]}}